{"id":16726,"date":"2025-10-26T17:46:30","date_gmt":"2025-10-26T16:46:30","guid":{"rendered":"https:\/\/www.topicfoot.fr\/?page_id=16726"},"modified":"2026-01-09T22:20:50","modified_gmt":"2026-01-09T21:20:50","slug":"faq-topicfoot","status":"publish","type":"page","link":"https:\/\/www.topicfoot.fr\/index.php\/faq-topicfoot\/","title":{"rendered":"FAQ Topicfoot"},"content":{"rendered":"\n<h2 class=\"wp-block-heading\">D\u00e9couvrez les FAQ Topicfoot<\/h2>\n\n\n\n<p>Bienvenue sur&nbsp;<strong>FAQ Topicfoot<\/strong>, la rubrique incontournable pour tous les passionn\u00e9s de football !<br>Vous y trouverez les&nbsp;<strong>r\u00e9ponses aux questions les plus recherch\u00e9es sur le football<\/strong>, qu\u2019il s\u2019agisse de tactique, de transferts, de finances ou d\u2019histoire.<\/p>\n\n\n<div class=\"wp-block-image\">\n<figure class=\"aligncenter size-full is-resized\"><img loading=\"lazy\" decoding=\"async\" width=\"1024\" height=\"1024\" src=\"https:\/\/www.topicfoot.fr\/wp-content\/uploads\/2025\/10\/faq-topicfoot.webp\" alt=\"FAQ Topicfoot\" class=\"wp-image-16736\" style=\"width:318px;height:auto\" srcset=\"https:\/\/www.topicfoot.fr\/wp-content\/uploads\/2025\/10\/faq-topicfoot.webp 1024w, https:\/\/www.topicfoot.fr\/wp-content\/uploads\/2025\/10\/faq-topicfoot-300x300.webp 300w, https:\/\/www.topicfoot.fr\/wp-content\/uploads\/2025\/10\/faq-topicfoot-150x150.webp 150w, https:\/\/www.topicfoot.fr\/wp-content\/uploads\/2025\/10\/faq-topicfoot-768x768.webp 768w\" sizes=\"auto, (max-width: 1024px) 100vw, 1024px\" \/><\/figure>\n<\/div>\n\n\n<p>Notre \u00e9quipe vous propose des&nbsp;<strong>FAQ sur les joueurs<\/strong>, les&nbsp;<strong>clubs de foot<\/strong>, les&nbsp;<strong>championnats europ\u00e9ens<\/strong>&nbsp;et les&nbsp;<strong>grandes comp\u00e9titions internationales<\/strong>. De la formation des jeunes talents aux records les plus impressionnants, chaque sujet est expliqu\u00e9 simplement, avec pr\u00e9cision et passion.<\/p>\n\n\n\n<p>Vous vous demandez o\u00f9 un joueur a \u00e9t\u00e9 form\u00e9, combien gagne un entra\u00eeneur, ou encore comment fonctionne le fair-play financier ?<br>Les&nbsp;<strong>FAQ Topicfoot<\/strong>&nbsp;vous donnent des r\u00e9ponses claires et document\u00e9es, bas\u00e9es sur des sources fiables et actualis\u00e9es.<\/p>\n\n\n\n<p>Explorez l\u2019univers du ballon rond \u00e0 travers des centaines de&nbsp;<strong>questions sur le football<\/strong>&nbsp;class\u00e9es par th\u00e8me. Plongez dans les secrets du jeu, d\u00e9couvrez les coulisses des clubs et comprenez enfin ce qui se cache derri\u00e8re les grandes d\u00e9cisions du foot moderne.<\/p>\n\n\n\n<p>Avec&nbsp;<strong>Topicfoot<\/strong>, chaque curiosit\u00e9 devient une d\u00e9couverte.<br>Posez vos questions sur internet\u2026&nbsp;<strong>Topicfoot<\/strong>&nbsp;s\u2019occupe du reste ! \u26bd<\/p>\n\n\n\n<h2 class=\"wp-block-heading\"><a href=\"https:\/\/www.topicfoot.fr\/index.php\/2026\/01\/09\/faq-lamine-yamal-40-questions\/\">FAQ Lamine Yamal en 40 Questions<\/a><\/h2>\n\n\n\n<figure class=\"wp-block-embed is-type-wp-embed is-provider-topic-foot wp-block-embed-topic-foot\"><div class=\"wp-block-embed__wrapper\">\n<blockquote class=\"wp-embedded-content\" data-secret=\"wrgrlPtDDs\"><a href=\"https:\/\/www.topicfoot.fr\/index.php\/2026\/01\/09\/faq-lamine-yamal-40-questions\/\">FAQ Lamine Yamal en 40 Questions<\/a><\/blockquote><iframe loading=\"lazy\" class=\"wp-embedded-content\" sandbox=\"allow-scripts\" security=\"restricted\" style=\"position: absolute; visibility: hidden;\" title=\"\u00ab\u00a0FAQ Lamine Yamal en 40 Questions\u00a0\u00bb &#8212; Topic Foot\" src=\"https:\/\/www.topicfoot.fr\/index.php\/2026\/01\/09\/faq-lamine-yamal-40-questions\/embed\/#?secret=QRyVZUuCnp#?secret=wrgrlPtDDs\" data-secret=\"wrgrlPtDDs\" width=\"500\" height=\"282\" frameborder=\"0\" marginwidth=\"0\" marginheight=\"0\" scrolling=\"no\"><\/iframe>\n<\/div><\/figure>\n\n\n\n<div style=\"height:60px\" aria-hidden=\"true\" class=\"wp-block-spacer\"><\/div>\n\n\n\n<h2 class=\"wp-block-heading\"><a href=\"https:\/\/www.topicfoot.fr\/index.php\/2025\/12\/26\/faq-du-mercato-au-football\/\">FAQ du Mercato au Football<\/a><\/h2>\n\n\n\n<figure class=\"wp-block-embed is-type-wp-embed is-provider-topic-foot wp-block-embed-topic-foot\"><div class=\"wp-block-embed__wrapper\">\n<blockquote class=\"wp-embedded-content\" data-secret=\"nje3rlvfBh\"><a href=\"https:\/\/www.topicfoot.fr\/index.php\/2025\/12\/26\/faq-du-mercato-au-football\/\">FAQ du Mercato au Football<\/a><\/blockquote><iframe loading=\"lazy\" class=\"wp-embedded-content\" sandbox=\"allow-scripts\" security=\"restricted\" style=\"position: absolute; visibility: hidden;\" title=\"\u00ab\u00a0FAQ du Mercato au Football\u00a0\u00bb &#8212; Topic Foot\" src=\"https:\/\/www.topicfoot.fr\/index.php\/2025\/12\/26\/faq-du-mercato-au-football\/embed\/#?secret=cE4r1fRZqU#?secret=nje3rlvfBh\" data-secret=\"nje3rlvfBh\" width=\"500\" height=\"282\" frameborder=\"0\" marginwidth=\"0\" marginheight=\"0\" scrolling=\"no\"><\/iframe>\n<\/div><\/figure>\n\n\n\n<div style=\"height:60px\" aria-hidden=\"true\" class=\"wp-block-spacer\"><\/div>\n\n\n\n<h2 class=\"wp-block-heading\"><a href=\"https:\/\/www.topicfoot.fr\/index.php\/2025\/12\/24\/faq-de-la-ligue-des-champions\/\">FAQ de la Ligue des Champions<\/a><\/h2>\n\n\n\n<figure class=\"wp-block-embed is-type-wp-embed is-provider-topic-foot wp-block-embed-topic-foot\"><div class=\"wp-block-embed__wrapper\">\n<blockquote class=\"wp-embedded-content\" data-secret=\"PjiDelR6O4\"><a href=\"https:\/\/www.topicfoot.fr\/index.php\/2025\/12\/24\/faq-de-la-ligue-des-champions\/\">FAQ de la Ligue des Champions<\/a><\/blockquote><iframe loading=\"lazy\" class=\"wp-embedded-content\" sandbox=\"allow-scripts\" security=\"restricted\" style=\"position: absolute; visibility: hidden;\" title=\"\u00ab\u00a0FAQ de la Ligue des Champions\u00a0\u00bb &#8212; Topic Foot\" src=\"https:\/\/www.topicfoot.fr\/index.php\/2025\/12\/24\/faq-de-la-ligue-des-champions\/embed\/#?secret=TrC6oTVVK8#?secret=PjiDelR6O4\" data-secret=\"PjiDelR6O4\" width=\"500\" height=\"282\" frameborder=\"0\" marginwidth=\"0\" marginheight=\"0\" scrolling=\"no\"><\/iframe>\n<\/div><\/figure>\n\n\n\n<div style=\"height:60px\" aria-hidden=\"true\" class=\"wp-block-spacer\"><\/div>\n\n\n\n<h2 class=\"wp-block-heading\"><a href=\"https:\/\/www.topicfoot.fr\/index.php\/2025\/12\/06\/faq-complete-larbitrage-au-football\/\">FAQ de L\u2019Arbitrage au Football<\/a><\/h2>\n\n\n\n<figure class=\"wp-block-embed is-type-wp-embed is-provider-topic-foot wp-block-embed-topic-foot\"><div class=\"wp-block-embed__wrapper\">\n<blockquote class=\"wp-embedded-content\" data-secret=\"xiRC640REZ\"><a href=\"https:\/\/www.topicfoot.fr\/index.php\/2025\/12\/06\/faq-complete-larbitrage-au-football\/\">FAQ Compl\u00e8te : L&rsquo;Arbitrage au Football<\/a><\/blockquote><iframe loading=\"lazy\" class=\"wp-embedded-content\" sandbox=\"allow-scripts\" security=\"restricted\" style=\"position: absolute; visibility: hidden;\" title=\"\u00ab\u00a0FAQ Compl\u00e8te : L&rsquo;Arbitrage au Football\u00a0\u00bb &#8212; Topic Foot\" src=\"https:\/\/www.topicfoot.fr\/index.php\/2025\/12\/06\/faq-complete-larbitrage-au-football\/embed\/#?secret=aOJlSAtxyI#?secret=xiRC640REZ\" data-secret=\"xiRC640REZ\" width=\"500\" height=\"282\" frameborder=\"0\" marginwidth=\"0\" marginheight=\"0\" scrolling=\"no\"><\/iframe>\n<\/div><\/figure>\n\n\n\n<div style=\"height:60px\" aria-hidden=\"true\" class=\"wp-block-spacer\"><\/div>\n\n\n\n<h2 class=\"wp-block-heading\"><a href=\"https:\/\/www.topicfoot.fr\/index.php\/2025\/11\/12\/faq-qualifications-coupe-du-monde-2026\/\">FAQ de la Qualifications Coupe du Monde 2026<\/a><\/h2>\n\n\n\n<figure class=\"wp-block-embed is-type-wp-embed is-provider-topic-foot wp-block-embed-topic-foot\"><div class=\"wp-block-embed__wrapper\">\n<blockquote class=\"wp-embedded-content\" data-secret=\"1GfkR8Ndm2\"><a href=\"https:\/\/www.topicfoot.fr\/index.php\/2025\/11\/12\/faq-qualifications-coupe-du-monde-2026\/\">FAQ Qualifications Coupe du Monde 2026<\/a><\/blockquote><iframe loading=\"lazy\" class=\"wp-embedded-content\" sandbox=\"allow-scripts\" security=\"restricted\" style=\"position: absolute; visibility: hidden;\" title=\"\u00ab\u00a0FAQ Qualifications Coupe du Monde 2026\u00a0\u00bb &#8212; Topic Foot\" src=\"https:\/\/www.topicfoot.fr\/index.php\/2025\/11\/12\/faq-qualifications-coupe-du-monde-2026\/embed\/#?secret=m5F1IsNqR3#?secret=1GfkR8Ndm2\" data-secret=\"1GfkR8Ndm2\" width=\"500\" height=\"282\" frameborder=\"0\" marginwidth=\"0\" marginheight=\"0\" scrolling=\"no\"><\/iframe>\n<\/div><\/figure>\n\n\n\n<div style=\"height:60px\" aria-hidden=\"true\" class=\"wp-block-spacer\"><\/div>\n\n\n\n<h2 class=\"wp-block-heading\"><a href=\"https:\/\/www.topicfoot.fr\/index.php\/2025\/11\/09\/les-records-au-football-la-faq\/\">La Faq des Records au Football<\/a><\/h2>\n\n\n\n<figure class=\"wp-block-embed is-type-wp-embed is-provider-topic-foot wp-block-embed-topic-foot\"><div class=\"wp-block-embed__wrapper\">\n<blockquote class=\"wp-embedded-content\" data-secret=\"ZMM1hMJyML\"><a href=\"https:\/\/www.topicfoot.fr\/index.php\/2025\/11\/09\/les-records-au-football-la-faq\/\">les Records au Football, la FAQ<\/a><\/blockquote><iframe loading=\"lazy\" class=\"wp-embedded-content\" sandbox=\"allow-scripts\" security=\"restricted\" style=\"position: absolute; visibility: hidden;\" title=\"\u00ab\u00a0les Records au Football, la FAQ\u00a0\u00bb &#8212; Topic Foot\" src=\"https:\/\/www.topicfoot.fr\/index.php\/2025\/11\/09\/les-records-au-football-la-faq\/embed\/#?secret=sTkRegUyQM#?secret=ZMM1hMJyML\" data-secret=\"ZMM1hMJyML\" width=\"500\" height=\"282\" frameborder=\"0\" marginwidth=\"0\" marginheight=\"0\" scrolling=\"no\"><\/iframe>\n<\/div><\/figure>\n\n\n\n<div style=\"height:60px\" aria-hidden=\"true\" class=\"wp-block-spacer\"><\/div>\n\n\n\n<h2 class=\"wp-block-heading\"><a href=\"https:\/\/www.topicfoot.fr\/index.php\/2025\/11\/07\/reglements-du-football-la-faq-complete\/\">La FAQ des R\u00e8glements du Football<\/a><\/h2>\n\n\n\n<figure class=\"wp-block-embed is-type-wp-embed is-provider-topic-foot wp-block-embed-topic-foot\"><div class=\"wp-block-embed__wrapper\">\n<blockquote class=\"wp-embedded-content\" data-secret=\"1tRL3ZRZ0Z\"><a href=\"https:\/\/www.topicfoot.fr\/index.php\/2025\/11\/07\/reglements-du-football-la-faq-complete\/\">R\u00e8glements du Football : la FAQ Compl\u00e8te<\/a><\/blockquote><iframe loading=\"lazy\" class=\"wp-embedded-content\" sandbox=\"allow-scripts\" security=\"restricted\" style=\"position: absolute; visibility: hidden;\" title=\"\u00ab\u00a0R\u00e8glements du Football : la FAQ Compl\u00e8te\u00a0\u00bb &#8212; Topic Foot\" src=\"https:\/\/www.topicfoot.fr\/index.php\/2025\/11\/07\/reglements-du-football-la-faq-complete\/embed\/#?secret=UinGdMBAZM#?secret=1tRL3ZRZ0Z\" data-secret=\"1tRL3ZRZ0Z\" width=\"500\" height=\"282\" frameborder=\"0\" marginwidth=\"0\" marginheight=\"0\" scrolling=\"no\"><\/iframe>\n<\/div><\/figure>\n\n\n\n<div style=\"height:60px\" aria-hidden=\"true\" class=\"wp-block-spacer\"><\/div>\n\n\n\n<h2 class=\"wp-block-heading\"><a href=\"https:\/\/www.topicfoot.fr\/index.php\/2025\/11\/04\/coupe-de-france-de-football-2025-2026-la-faq\/\">La FAQ de la Coupe de France de football 2025 2026<\/a><\/h2>\n\n\n\n<figure class=\"wp-block-embed is-type-wp-embed is-provider-topic-foot wp-block-embed-topic-foot\"><div class=\"wp-block-embed__wrapper\">\n<blockquote class=\"wp-embedded-content\" data-secret=\"yKZ27FqeTm\"><a href=\"https:\/\/www.topicfoot.fr\/index.php\/2025\/11\/04\/coupe-de-france-de-football-2025-2026-la-faq\/\">Coupe de France de football 2025 2026 : La FAQ<\/a><\/blockquote><iframe loading=\"lazy\" class=\"wp-embedded-content\" sandbox=\"allow-scripts\" security=\"restricted\" style=\"position: absolute; visibility: hidden;\" title=\"\u00ab\u00a0Coupe de France de football 2025 2026 : La FAQ\u00a0\u00bb &#8212; Topic Foot\" src=\"https:\/\/www.topicfoot.fr\/index.php\/2025\/11\/04\/coupe-de-france-de-football-2025-2026-la-faq\/embed\/#?secret=R1Rzhwzp8v#?secret=yKZ27FqeTm\" data-secret=\"yKZ27FqeTm\" width=\"500\" height=\"282\" frameborder=\"0\" marginwidth=\"0\" marginheight=\"0\" scrolling=\"no\"><\/iframe>\n<\/div><\/figure>\n\n\n\n<div style=\"height:60px\" aria-hidden=\"true\" class=\"wp-block-spacer\"><\/div>\n\n\n\n<h2 class=\"wp-block-heading\"><a href=\"https:\/\/www.topicfoot.fr\/index.php\/2025\/10\/26\/faq-kylian-mbappe\/\">FAQ de Kylian Mbapp\u00e9 : Bio, Salaire, Records TopicFoot 2025<\/a><\/h2>\n\n\n\n<figure class=\"wp-block-embed is-type-wp-embed is-provider-topic-foot wp-block-embed-topic-foot\"><div class=\"wp-block-embed__wrapper\">\n<blockquote class=\"wp-embedded-content\" data-secret=\"mQDKIpvA6O\"><a href=\"https:\/\/www.topicfoot.fr\/index.php\/2025\/10\/26\/faq-kylian-mbappe\/\">FAQ Kylian Mbapp\u00e9 : Bio, Salaire, Records TopicFoot 2025<\/a><\/blockquote><iframe loading=\"lazy\" class=\"wp-embedded-content\" sandbox=\"allow-scripts\" security=\"restricted\" style=\"position: absolute; visibility: hidden;\" title=\"\u00ab\u00a0FAQ Kylian Mbapp\u00e9 : Bio, Salaire, Records TopicFoot 2025\u00a0\u00bb &#8212; Topic Foot\" src=\"https:\/\/www.topicfoot.fr\/index.php\/2025\/10\/26\/faq-kylian-mbappe\/embed\/#?secret=XRi0jbpnnn#?secret=mQDKIpvA6O\" data-secret=\"mQDKIpvA6O\" width=\"500\" height=\"282\" frameborder=\"0\" marginwidth=\"0\" marginheight=\"0\" scrolling=\"no\"><\/iframe>\n<\/div><\/figure>\n\n\n\n<div style=\"height:60px\" aria-hidden=\"true\" class=\"wp-block-spacer\"><\/div>\n\n\n\n<h2 class=\"wp-block-heading\"><a href=\"https:\/\/www.topicfoot.fr\/index.php\/2025\/10\/28\/faq-ligue-1-tout-savoir-sur-le-championnat-de-france-de-football\/\">FAQ de la Ligue 1 : Tout savoir sur le championnat de France de football<\/a><\/h2>\n\n\n\n<figure class=\"wp-block-embed is-type-wp-embed is-provider-topic-foot wp-block-embed-topic-foot\"><div class=\"wp-block-embed__wrapper\">\n<blockquote class=\"wp-embedded-content\" data-secret=\"qc2BDMy9Na\"><a href=\"https:\/\/www.topicfoot.fr\/index.php\/2025\/10\/28\/faq-ligue-1-tout-savoir-sur-le-championnat-de-france-de-football\/\">FAQ Ligue 1 : Tout savoir sur le championnat de France de football<\/a><\/blockquote><iframe loading=\"lazy\" class=\"wp-embedded-content\" sandbox=\"allow-scripts\" security=\"restricted\" style=\"position: absolute; visibility: hidden;\" title=\"\u00ab\u00a0FAQ Ligue 1 : Tout savoir sur le championnat de France de football\u00a0\u00bb &#8212; Topic Foot\" src=\"https:\/\/www.topicfoot.fr\/index.php\/2025\/10\/28\/faq-ligue-1-tout-savoir-sur-le-championnat-de-france-de-football\/embed\/#?secret=D2ffQCdMAM#?secret=qc2BDMy9Na\" data-secret=\"qc2BDMy9Na\" width=\"500\" height=\"282\" frameborder=\"0\" marginwidth=\"0\" marginheight=\"0\" scrolling=\"no\"><\/iframe>\n<\/div><\/figure>\n","protected":false},"excerpt":{"rendered":"<div class=\"mh-excerpt\">Bienvenue sur\u00a0FAQ Topicfoot, la rubrique incontournable pour tous les passionn\u00e9s de football !<br \/>\nVous y trouverez les\u00a0r\u00e9ponses aux questions les plus recherch\u00e9es sur le football,<\/div>\n<p> <a class=\"mh-excerpt-more\" href=\"https:\/\/www.topicfoot.fr\/index.php\/faq-topicfoot\/\" title=\"FAQ Topicfoot\">[&#8230;]<\/a><\/p>\n","protected":false},"author":1,"featured_media":16736,"parent":0,"menu_order":0,"comment_status":"closed","ping_status":"closed","template":"","meta":{"footnotes":""},"folder":[4],"class_list":["post-16726","page","type-page","status-publish","has-post-thumbnail"],"yoast_head":"<!-- This site is optimized with the Yoast SEO plugin v27.5 - https:\/\/yoast.com\/product\/yoast-seo-wordpress\/ -->\n<title>FAQ Topicfoot - Topic Foot<\/title>\n<meta name=\"description\" content=\"D\u00e9couvrez les FAQ Topicfoot : toutes les r\u00e9ponses aux questions sur le football, les joueurs, les clubs et les championnats\" \/>\n<meta name=\"robots\" content=\"index, follow, max-snippet:-1, max-image-preview:large, max-video-preview:-1\" \/>\n<link rel=\"canonical\" href=\"https:\/\/www.topicfoot.fr\/index.php\/faq-topicfoot\/\" \/>\n<meta property=\"og:locale\" content=\"fr_FR\" \/>\n<meta property=\"og:type\" content=\"article\" \/>\n<meta property=\"og:title\" content=\"FAQ Topicfoot - Topic Foot\" \/>\n<meta property=\"og:description\" content=\"D\u00e9couvrez les FAQ Topicfoot : toutes les r\u00e9ponses aux questions sur le football, les joueurs, les clubs et les championnats\" \/>\n<meta property=\"og:url\" content=\"https:\/\/www.topicfoot.fr\/index.php\/faq-topicfoot\/\" \/>\n<meta property=\"og:site_name\" content=\"Topic Foot\" \/>\n<meta property=\"article:publisher\" content=\"https:\/\/www.facebook.com\/topicfoot.fr\" \/>\n<meta property=\"article:modified_time\" content=\"2026-01-09T21:20:50+00:00\" \/>\n<meta property=\"og:image\" content=\"https:\/\/www.topicfoot.fr\/wp-content\/uploads\/2025\/10\/faq-topicfoot.webp\" \/>\n\t<meta property=\"og:image:width\" content=\"1024\" \/>\n\t<meta property=\"og:image:height\" content=\"1024\" \/>\n\t<meta property=\"og:image:type\" content=\"image\/png\" \/>\n<meta name=\"twitter:card\" content=\"summary_large_image\" \/>\n<meta name=\"twitter:label1\" content=\"Dur\u00e9e de lecture estim\u00e9e\" \/>\n\t<meta name=\"twitter:data1\" content=\"2 minutes\" \/>\n<script type=\"application\/ld+json\" class=\"yoast-schema-graph\">{\"@context\":\"https:\\\/\\\/schema.org\",\"@graph\":[{\"@type\":\"WebPage\",\"@id\":\"https:\\\/\\\/www.topicfoot.fr\\\/index.php\\\/faq-topicfoot\\\/\",\"url\":\"https:\\\/\\\/www.topicfoot.fr\\\/index.php\\\/faq-topicfoot\\\/\",\"name\":\"FAQ Topicfoot - Topic Foot\",\"isPartOf\":{\"@id\":\"https:\\\/\\\/www.topicfoot.fr\\\/#website\"},\"primaryImageOfPage\":{\"@id\":\"https:\\\/\\\/www.topicfoot.fr\\\/index.php\\\/faq-topicfoot\\\/#primaryimage\"},\"image\":{\"@id\":\"https:\\\/\\\/www.topicfoot.fr\\\/index.php\\\/faq-topicfoot\\\/#primaryimage\"},\"thumbnailUrl\":\"https:\\\/\\\/www.topicfoot.fr\\\/wp-content\\\/uploads\\\/2025\\\/10\\\/faq-topicfoot.webp\",\"datePublished\":\"2025-10-26T16:46:30+00:00\",\"dateModified\":\"2026-01-09T21:20:50+00:00\",\"description\":\"D\u00e9couvrez les FAQ Topicfoot : toutes les r\u00e9ponses aux questions sur le football, les joueurs, les clubs et les championnats\",\"breadcrumb\":{\"@id\":\"https:\\\/\\\/www.topicfoot.fr\\\/index.php\\\/faq-topicfoot\\\/#breadcrumb\"},\"inLanguage\":\"fr-FR\",\"potentialAction\":[{\"@type\":\"ReadAction\",\"target\":[\"https:\\\/\\\/www.topicfoot.fr\\\/index.php\\\/faq-topicfoot\\\/\"]}]},{\"@type\":\"ImageObject\",\"inLanguage\":\"fr-FR\",\"@id\":\"https:\\\/\\\/www.topicfoot.fr\\\/index.php\\\/faq-topicfoot\\\/#primaryimage\",\"url\":\"https:\\\/\\\/www.topicfoot.fr\\\/wp-content\\\/uploads\\\/2025\\\/10\\\/faq-topicfoot.webp\",\"contentUrl\":\"https:\\\/\\\/www.topicfoot.fr\\\/wp-content\\\/uploads\\\/2025\\\/10\\\/faq-topicfoot.webp\",\"width\":1024,\"height\":1024},{\"@type\":\"BreadcrumbList\",\"@id\":\"https:\\\/\\\/www.topicfoot.fr\\\/index.php\\\/faq-topicfoot\\\/#breadcrumb\",\"itemListElement\":[{\"@type\":\"ListItem\",\"position\":1,\"name\":\"Accueil\",\"item\":\"https:\\\/\\\/www.topicfoot.fr\\\/\"},{\"@type\":\"ListItem\",\"position\":2,\"name\":\"FAQ Topicfoot\"}]},{\"@type\":\"WebSite\",\"@id\":\"https:\\\/\\\/www.topicfoot.fr\\\/#website\",\"url\":\"https:\\\/\\\/www.topicfoot.fr\\\/\",\"name\":\"Topic Foot\",\"description\":\"Tous l&#039;univers du Foot !\",\"publisher\":{\"@id\":\"https:\\\/\\\/www.topicfoot.fr\\\/#organization\"},\"potentialAction\":[{\"@type\":\"SearchAction\",\"target\":{\"@type\":\"EntryPoint\",\"urlTemplate\":\"https:\\\/\\\/www.topicfoot.fr\\\/?s={search_term_string}\"},\"query-input\":{\"@type\":\"PropertyValueSpecification\",\"valueRequired\":true,\"valueName\":\"search_term_string\"}}],\"inLanguage\":\"fr-FR\"},{\"@type\":\"Organization\",\"@id\":\"https:\\\/\\\/www.topicfoot.fr\\\/#organization\",\"name\":\"Topic Foot\",\"url\":\"https:\\\/\\\/www.topicfoot.fr\\\/\",\"logo\":{\"@type\":\"ImageObject\",\"inLanguage\":\"fr-FR\",\"@id\":\"https:\\\/\\\/www.topicfoot.fr\\\/#\\\/schema\\\/logo\\\/image\\\/\",\"url\":\"https:\\\/\\\/www.topicfoot.fr\\\/wp-content\\\/uploads\\\/2024\\\/04\\\/cropped-logo-topicfoot-new.jpg\",\"contentUrl\":\"https:\\\/\\\/www.topicfoot.fr\\\/wp-content\\\/uploads\\\/2024\\\/04\\\/cropped-logo-topicfoot-new.jpg\",\"width\":512,\"height\":512,\"caption\":\"Topic Foot\"},\"image\":{\"@id\":\"https:\\\/\\\/www.topicfoot.fr\\\/#\\\/schema\\\/logo\\\/image\\\/\"},\"sameAs\":[\"https:\\\/\\\/www.facebook.com\\\/topicfoot.fr\"]}]}<\/script>\n<!-- \/ Yoast SEO plugin. -->","yoast_head_json":{"title":"FAQ Topicfoot - Topic Foot","description":"D\u00e9couvrez les FAQ Topicfoot : toutes les r\u00e9ponses aux questions sur le football, les joueurs, les clubs et les championnats","robots":{"index":"index","follow":"follow","max-snippet":"max-snippet:-1","max-image-preview":"max-image-preview:large","max-video-preview":"max-video-preview:-1"},"canonical":"https:\/\/www.topicfoot.fr\/index.php\/faq-topicfoot\/","og_locale":"fr_FR","og_type":"article","og_title":"FAQ Topicfoot - Topic Foot","og_description":"D\u00e9couvrez les FAQ Topicfoot : toutes les r\u00e9ponses aux questions sur le football, les joueurs, les clubs et les championnats","og_url":"https:\/\/www.topicfoot.fr\/index.php\/faq-topicfoot\/","og_site_name":"Topic Foot","article_publisher":"https:\/\/www.facebook.com\/topicfoot.fr","article_modified_time":"2026-01-09T21:20:50+00:00","og_image":[{"width":1024,"height":1024,"url":"https:\/\/www.topicfoot.fr\/wp-content\/uploads\/2025\/10\/faq-topicfoot.webp","type":"image\/png"}],"twitter_card":"summary_large_image","twitter_misc":{"Dur\u00e9e de lecture estim\u00e9e":"2 minutes"},"schema":{"@context":"https:\/\/schema.org","@graph":[{"@type":"WebPage","@id":"https:\/\/www.topicfoot.fr\/index.php\/faq-topicfoot\/","url":"https:\/\/www.topicfoot.fr\/index.php\/faq-topicfoot\/","name":"FAQ Topicfoot - Topic Foot","isPartOf":{"@id":"https:\/\/www.topicfoot.fr\/#website"},"primaryImageOfPage":{"@id":"https:\/\/www.topicfoot.fr\/index.php\/faq-topicfoot\/#primaryimage"},"image":{"@id":"https:\/\/www.topicfoot.fr\/index.php\/faq-topicfoot\/#primaryimage"},"thumbnailUrl":"https:\/\/www.topicfoot.fr\/wp-content\/uploads\/2025\/10\/faq-topicfoot.webp","datePublished":"2025-10-26T16:46:30+00:00","dateModified":"2026-01-09T21:20:50+00:00","description":"D\u00e9couvrez les FAQ Topicfoot : toutes les r\u00e9ponses aux questions sur le football, les joueurs, les clubs et les championnats","breadcrumb":{"@id":"https:\/\/www.topicfoot.fr\/index.php\/faq-topicfoot\/#breadcrumb"},"inLanguage":"fr-FR","potentialAction":[{"@type":"ReadAction","target":["https:\/\/www.topicfoot.fr\/index.php\/faq-topicfoot\/"]}]},{"@type":"ImageObject","inLanguage":"fr-FR","@id":"https:\/\/www.topicfoot.fr\/index.php\/faq-topicfoot\/#primaryimage","url":"https:\/\/www.topicfoot.fr\/wp-content\/uploads\/2025\/10\/faq-topicfoot.webp","contentUrl":"https:\/\/www.topicfoot.fr\/wp-content\/uploads\/2025\/10\/faq-topicfoot.webp","width":1024,"height":1024},{"@type":"BreadcrumbList","@id":"https:\/\/www.topicfoot.fr\/index.php\/faq-topicfoot\/#breadcrumb","itemListElement":[{"@type":"ListItem","position":1,"name":"Accueil","item":"https:\/\/www.topicfoot.fr\/"},{"@type":"ListItem","position":2,"name":"FAQ Topicfoot"}]},{"@type":"WebSite","@id":"https:\/\/www.topicfoot.fr\/#website","url":"https:\/\/www.topicfoot.fr\/","name":"Topic Foot","description":"Tous l&#039;univers du Foot !","publisher":{"@id":"https:\/\/www.topicfoot.fr\/#organization"},"potentialAction":[{"@type":"SearchAction","target":{"@type":"EntryPoint","urlTemplate":"https:\/\/www.topicfoot.fr\/?s={search_term_string}"},"query-input":{"@type":"PropertyValueSpecification","valueRequired":true,"valueName":"search_term_string"}}],"inLanguage":"fr-FR"},{"@type":"Organization","@id":"https:\/\/www.topicfoot.fr\/#organization","name":"Topic Foot","url":"https:\/\/www.topicfoot.fr\/","logo":{"@type":"ImageObject","inLanguage":"fr-FR","@id":"https:\/\/www.topicfoot.fr\/#\/schema\/logo\/image\/","url":"https:\/\/www.topicfoot.fr\/wp-content\/uploads\/2024\/04\/cropped-logo-topicfoot-new.jpg","contentUrl":"https:\/\/www.topicfoot.fr\/wp-content\/uploads\/2024\/04\/cropped-logo-topicfoot-new.jpg","width":512,"height":512,"caption":"Topic Foot"},"image":{"@id":"https:\/\/www.topicfoot.fr\/#\/schema\/logo\/image\/"},"sameAs":["https:\/\/www.facebook.com\/topicfoot.fr"]}]}},"_links":{"self":[{"href":"https:\/\/www.topicfoot.fr\/index.php\/wp-json\/wp\/v2\/pages\/16726","targetHints":{"allow":["GET"]}}],"collection":[{"href":"https:\/\/www.topicfoot.fr\/index.php\/wp-json\/wp\/v2\/pages"}],"about":[{"href":"https:\/\/www.topicfoot.fr\/index.php\/wp-json\/wp\/v2\/types\/page"}],"author":[{"embeddable":true,"href":"https:\/\/www.topicfoot.fr\/index.php\/wp-json\/wp\/v2\/users\/1"}],"replies":[{"embeddable":true,"href":"https:\/\/www.topicfoot.fr\/index.php\/wp-json\/wp\/v2\/comments?post=16726"}],"version-history":[{"count":0,"href":"https:\/\/www.topicfoot.fr\/index.php\/wp-json\/wp\/v2\/pages\/16726\/revisions"}],"wp:featuredmedia":[{"embeddable":true,"href":"https:\/\/www.topicfoot.fr\/index.php\/wp-json\/wp\/v2\/media\/16736"}],"wp:attachment":[{"href":"https:\/\/www.topicfoot.fr\/index.php\/wp-json\/wp\/v2\/media?parent=16726"}],"wp:term":[{"taxonomy":"folder","embeddable":true,"href":"https:\/\/www.topicfoot.fr\/index.php\/wp-json\/wp\/v2\/folder?post=16726"}],"curies":[{"name":"wp","href":"https:\/\/api.w.org\/{rel}","templated":true}]}}