{"id":17442,"date":"2025-12-06T23:22:01","date_gmt":"2025-12-06T22:22:01","guid":{"rendered":"https:\/\/www.topicfoot.fr\/?page_id=17442"},"modified":"2025-12-09T09:16:51","modified_gmt":"2025-12-09T08:16:51","slug":"groupes-de-supporters-de-ligue-1","status":"publish","type":"page","link":"https:\/\/www.topicfoot.fr\/index.php\/groupes-de-supporters-de-ligue-1\/","title":{"rendered":"Groupes de supporters de Ligue 1"},"content":{"rendered":"\n<p>On dit souvent que les joueurs passent, mais que les supporters restent. C\u2019est une v\u00e9rit\u00e9 immuable du football. En France, le spectacle ne se joue pas uniquement sur la pelouse, mais aussi \u2013 et parfois surtout \u2013 dans les virages, les kops et les tribunes populaires.<\/p>\n\n\n\n<p>Du V\u00e9lodrome \u00e0 Bollaert, en passant par Geoffroy-Guichard ou la Beaujoire, la Ligue 1 vibre au rythme de ses passionn\u00e9s. Qu\u2019ils se revendiquent Ultras, associatifs ou ind\u00e9pendants, ces groupes sont les gardiens de l\u2019identit\u00e9 de leur club. Ce sont eux qui dessinent les chor\u00e9graphies g\u00e9antes (tifos), eux qui lancent les chants qui donnent la chair de poule, et eux qui parcourent des milliers de kilom\u00e8tres pour un match de 90 minutes.<\/p>\n\n\n\n<figure class=\"wp-block-image size-full\"><img loading=\"lazy\" decoding=\"async\" width=\"1024\" height=\"576\" src=\"https:\/\/www.topicfoot.fr\/wp-content\/uploads\/2024\/10\/kop-tf01-jpg.webp\" alt=\"Groupes de supporters en France\" class=\"wp-image-10654\" srcset=\"https:\/\/www.topicfoot.fr\/wp-content\/uploads\/2024\/10\/kop-tf01-jpg.webp 1024w, https:\/\/www.topicfoot.fr\/wp-content\/uploads\/2024\/10\/kop-tf01-300x169.webp 300w, https:\/\/www.topicfoot.fr\/wp-content\/uploads\/2024\/10\/kop-tf01-768x432.webp 768w, https:\/\/www.topicfoot.fr\/wp-content\/uploads\/2024\/10\/kop-tf01-678x381.webp 678w\" sizes=\"auto, (max-width: 1024px) 100vw, 1024px\" \/><\/figure>\n\n\n\n<p>Cette page est d\u00e9di\u00e9e \u00e0 ces acteurs incontournables de notre championnat. Sans eux, le football fran\u00e7ais ne serait qu\u2019un silence.<\/p>\n\n\n\n<hr class=\"wp-block-separator has-alpha-channel-opacity\"\/>\n\n\n\n<h2 class=\"wp-block-heading\">Olympique de Marseille<\/h2>\n\n\n\n<p><a href=\"https:\/\/www.topicfoot.fr\/index.php\/2025\/12\/09\/commando-ultra-84-le-doyen-du-mouvement-ultra-en-france\/\">Commando Ultra 84, le doyen du mouvement ultra en France<\/a><\/p>\n\n\n\n<figure class=\"wp-block-embed is-type-wp-embed is-provider-topic-foot wp-block-embed-topic-foot\"><div class=\"wp-block-embed__wrapper\">\n<blockquote class=\"wp-embedded-content\" data-secret=\"sRTWNXVHQK\"><a href=\"https:\/\/www.topicfoot.fr\/index.php\/2025\/12\/09\/commando-ultra-84-le-doyen-du-mouvement-ultra-en-france\/\">Commando Ultra 84, le doyen du mouvement ultra en France<\/a><\/blockquote><iframe loading=\"lazy\" class=\"wp-embedded-content\" sandbox=\"allow-scripts\" security=\"restricted\" style=\"position: absolute; visibility: hidden;\" title=\"\u00ab\u00a0Commando Ultra 84, le doyen du mouvement ultra en France\u00a0\u00bb &#8212; Topic Foot\" src=\"https:\/\/www.topicfoot.fr\/index.php\/2025\/12\/09\/commando-ultra-84-le-doyen-du-mouvement-ultra-en-france\/embed\/#?secret=FKAb8wfeat#?secret=sRTWNXVHQK\" data-secret=\"sRTWNXVHQK\" width=\"500\" height=\"282\" frameborder=\"0\" marginwidth=\"0\" marginheight=\"0\" scrolling=\"no\"><\/iframe>\n<\/div><\/figure>\n\n\n\n<hr class=\"wp-block-separator has-alpha-channel-opacity\"\/>\n\n\n\n<h2 class=\"wp-block-heading\">Olympique Lyonnais<\/h2>\n\n\n\n<p><a href=\"https:\/\/www.topicfoot.fr\/index.php\/2025\/12\/06\/bad-gones-kop-lyonnais-le-geant-du-virage-nord\/\">Bad Gones, Kop Lyonnais : Le g\u00e9ant du Virage Nord<\/a><\/p>\n\n\n\n<figure class=\"wp-block-embed is-type-wp-embed is-provider-topic-foot wp-block-embed-topic-foot\"><div class=\"wp-block-embed__wrapper\">\n<blockquote class=\"wp-embedded-content\" data-secret=\"owiEEihXIE\"><a href=\"https:\/\/www.topicfoot.fr\/index.php\/2025\/12\/06\/bad-gones-kop-lyonnais-le-geant-du-virage-nord\/\">Bad Gones, Kop Lyonnais : Le g\u00e9ant du Virage Nord<\/a><\/blockquote><iframe loading=\"lazy\" class=\"wp-embedded-content\" sandbox=\"allow-scripts\" security=\"restricted\" style=\"position: absolute; visibility: hidden;\" title=\"\u00ab\u00a0Bad Gones, Kop Lyonnais : Le g\u00e9ant du Virage Nord\u00a0\u00bb &#8212; Topic Foot\" src=\"https:\/\/www.topicfoot.fr\/index.php\/2025\/12\/06\/bad-gones-kop-lyonnais-le-geant-du-virage-nord\/embed\/#?secret=h0RBV1dChp#?secret=owiEEihXIE\" data-secret=\"owiEEihXIE\" width=\"500\" height=\"282\" frameborder=\"0\" marginwidth=\"0\" marginheight=\"0\" scrolling=\"no\"><\/iframe>\n<\/div><\/figure>\n","protected":false},"excerpt":{"rendered":"<div class=\"mh-excerpt\">Plongez au c\u0153ur des tribunes de l\u2019Hexagone. Retrouvez notre dossier complet sur les groupes de supporters de Ligue 1 : histoire des ultras, culture tifo, rivalit\u00e9s historiques et ferveur populaire qui animent nos stades chaque week-end.<\/div>\n<p> <a class=\"mh-excerpt-more\" href=\"https:\/\/www.topicfoot.fr\/index.php\/groupes-de-supporters-de-ligue-1\/\" title=\"Groupes de supporters de Ligue 1\">[&#8230;]<\/a><\/p>\n","protected":false},"author":1,"featured_media":10654,"parent":0,"menu_order":0,"comment_status":"closed","ping_status":"closed","template":"","meta":{"footnotes":""},"folder":[4],"class_list":["post-17442","page","type-page","status-publish","has-post-thumbnail"],"yoast_head":"<!-- This site is optimized with the Yoast SEO plugin v27.4 - https:\/\/yoast.com\/product\/yoast-seo-wordpress\/ -->\n<title>Groupes de supporters de Ligue 1<\/title>\n<meta name=\"description\" content=\"Plongez au c\u0153ur des tribunes de l\u2019Hexagone. Retrouvez notre dossier complet sur les groupes de supporters de Ligue 1 : histoire des ultras,\" \/>\n<meta name=\"robots\" content=\"index, follow, max-snippet:-1, max-image-preview:large, max-video-preview:-1\" \/>\n<link rel=\"canonical\" href=\"https:\/\/www.topicfoot.fr\/index.php\/groupes-de-supporters-de-ligue-1\/\" \/>\n<meta property=\"og:locale\" content=\"fr_FR\" \/>\n<meta property=\"og:type\" content=\"article\" \/>\n<meta property=\"og:title\" content=\"Groupes de supporters de Ligue 1\" \/>\n<meta property=\"og:description\" content=\"Plongez au c\u0153ur des tribunes de l\u2019Hexagone. Retrouvez notre dossier complet sur les groupes de supporters de Ligue 1 : histoire des ultras,\" \/>\n<meta property=\"og:url\" content=\"https:\/\/www.topicfoot.fr\/index.php\/groupes-de-supporters-de-ligue-1\/\" \/>\n<meta property=\"og:site_name\" content=\"Topic Foot\" \/>\n<meta property=\"article:publisher\" content=\"https:\/\/www.facebook.com\/topicfoot.fr\" \/>\n<meta property=\"article:modified_time\" content=\"2025-12-09T08:16:51+00:00\" \/>\n<meta property=\"og:image\" content=\"https:\/\/www.topicfoot.fr\/wp-content\/uploads\/2024\/10\/kop-tf01-jpg.webp\" \/>\n\t<meta property=\"og:image:width\" content=\"1024\" \/>\n\t<meta property=\"og:image:height\" content=\"576\" \/>\n\t<meta property=\"og:image:type\" content=\"image\/jpeg\" \/>\n<meta name=\"twitter:card\" content=\"summary_large_image\" \/>\n<meta name=\"twitter:label1\" content=\"Dur\u00e9e de lecture estim\u00e9e\" \/>\n\t<meta name=\"twitter:data1\" content=\"2 minutes\" \/>\n<script type=\"application\/ld+json\" class=\"yoast-schema-graph\">{\"@context\":\"https:\\\/\\\/schema.org\",\"@graph\":[{\"@type\":\"WebPage\",\"@id\":\"https:\\\/\\\/www.topicfoot.fr\\\/index.php\\\/groupes-de-supporters-de-ligue-1\\\/\",\"url\":\"https:\\\/\\\/www.topicfoot.fr\\\/index.php\\\/groupes-de-supporters-de-ligue-1\\\/\",\"name\":\"Groupes de supporters de Ligue 1\",\"isPartOf\":{\"@id\":\"https:\\\/\\\/www.topicfoot.fr\\\/#website\"},\"primaryImageOfPage\":{\"@id\":\"https:\\\/\\\/www.topicfoot.fr\\\/index.php\\\/groupes-de-supporters-de-ligue-1\\\/#primaryimage\"},\"image\":{\"@id\":\"https:\\\/\\\/www.topicfoot.fr\\\/index.php\\\/groupes-de-supporters-de-ligue-1\\\/#primaryimage\"},\"thumbnailUrl\":\"https:\\\/\\\/www.topicfoot.fr\\\/wp-content\\\/uploads\\\/2024\\\/10\\\/kop-tf01-jpg.webp\",\"datePublished\":\"2025-12-06T22:22:01+00:00\",\"dateModified\":\"2025-12-09T08:16:51+00:00\",\"description\":\"Plongez au c\u0153ur des tribunes de l\u2019Hexagone. Retrouvez notre dossier complet sur les groupes de supporters de Ligue 1 : histoire des ultras,\",\"breadcrumb\":{\"@id\":\"https:\\\/\\\/www.topicfoot.fr\\\/index.php\\\/groupes-de-supporters-de-ligue-1\\\/#breadcrumb\"},\"inLanguage\":\"fr-FR\",\"potentialAction\":[{\"@type\":\"ReadAction\",\"target\":[\"https:\\\/\\\/www.topicfoot.fr\\\/index.php\\\/groupes-de-supporters-de-ligue-1\\\/\"]}]},{\"@type\":\"ImageObject\",\"inLanguage\":\"fr-FR\",\"@id\":\"https:\\\/\\\/www.topicfoot.fr\\\/index.php\\\/groupes-de-supporters-de-ligue-1\\\/#primaryimage\",\"url\":\"https:\\\/\\\/www.topicfoot.fr\\\/wp-content\\\/uploads\\\/2024\\\/10\\\/kop-tf01-jpg.webp\",\"contentUrl\":\"https:\\\/\\\/www.topicfoot.fr\\\/wp-content\\\/uploads\\\/2024\\\/10\\\/kop-tf01-jpg.webp\",\"width\":1024,\"height\":576},{\"@type\":\"BreadcrumbList\",\"@id\":\"https:\\\/\\\/www.topicfoot.fr\\\/index.php\\\/groupes-de-supporters-de-ligue-1\\\/#breadcrumb\",\"itemListElement\":[{\"@type\":\"ListItem\",\"position\":1,\"name\":\"Accueil\",\"item\":\"https:\\\/\\\/www.topicfoot.fr\\\/\"},{\"@type\":\"ListItem\",\"position\":2,\"name\":\"Groupes de supporters de Ligue 1\"}]},{\"@type\":\"WebSite\",\"@id\":\"https:\\\/\\\/www.topicfoot.fr\\\/#website\",\"url\":\"https:\\\/\\\/www.topicfoot.fr\\\/\",\"name\":\"Topic Foot\",\"description\":\"Tous l&#039;univers du Foot !\",\"publisher\":{\"@id\":\"https:\\\/\\\/www.topicfoot.fr\\\/#organization\"},\"potentialAction\":[{\"@type\":\"SearchAction\",\"target\":{\"@type\":\"EntryPoint\",\"urlTemplate\":\"https:\\\/\\\/www.topicfoot.fr\\\/?s={search_term_string}\"},\"query-input\":{\"@type\":\"PropertyValueSpecification\",\"valueRequired\":true,\"valueName\":\"search_term_string\"}}],\"inLanguage\":\"fr-FR\"},{\"@type\":\"Organization\",\"@id\":\"https:\\\/\\\/www.topicfoot.fr\\\/#organization\",\"name\":\"Topic Foot\",\"url\":\"https:\\\/\\\/www.topicfoot.fr\\\/\",\"logo\":{\"@type\":\"ImageObject\",\"inLanguage\":\"fr-FR\",\"@id\":\"https:\\\/\\\/www.topicfoot.fr\\\/#\\\/schema\\\/logo\\\/image\\\/\",\"url\":\"https:\\\/\\\/www.topicfoot.fr\\\/wp-content\\\/uploads\\\/2024\\\/04\\\/cropped-logo-topicfoot-new.jpg\",\"contentUrl\":\"https:\\\/\\\/www.topicfoot.fr\\\/wp-content\\\/uploads\\\/2024\\\/04\\\/cropped-logo-topicfoot-new.jpg\",\"width\":512,\"height\":512,\"caption\":\"Topic Foot\"},\"image\":{\"@id\":\"https:\\\/\\\/www.topicfoot.fr\\\/#\\\/schema\\\/logo\\\/image\\\/\"},\"sameAs\":[\"https:\\\/\\\/www.facebook.com\\\/topicfoot.fr\"]}]}<\/script>\n<!-- \/ Yoast SEO plugin. -->","yoast_head_json":{"title":"Groupes de supporters de Ligue 1","description":"Plongez au c\u0153ur des tribunes de l\u2019Hexagone. Retrouvez notre dossier complet sur les groupes de supporters de Ligue 1 : histoire des ultras,","robots":{"index":"index","follow":"follow","max-snippet":"max-snippet:-1","max-image-preview":"max-image-preview:large","max-video-preview":"max-video-preview:-1"},"canonical":"https:\/\/www.topicfoot.fr\/index.php\/groupes-de-supporters-de-ligue-1\/","og_locale":"fr_FR","og_type":"article","og_title":"Groupes de supporters de Ligue 1","og_description":"Plongez au c\u0153ur des tribunes de l\u2019Hexagone. Retrouvez notre dossier complet sur les groupes de supporters de Ligue 1 : histoire des ultras,","og_url":"https:\/\/www.topicfoot.fr\/index.php\/groupes-de-supporters-de-ligue-1\/","og_site_name":"Topic Foot","article_publisher":"https:\/\/www.facebook.com\/topicfoot.fr","article_modified_time":"2025-12-09T08:16:51+00:00","og_image":[{"width":1024,"height":576,"url":"https:\/\/www.topicfoot.fr\/wp-content\/uploads\/2024\/10\/kop-tf01-jpg.webp","type":"image\/jpeg"}],"twitter_card":"summary_large_image","twitter_misc":{"Dur\u00e9e de lecture estim\u00e9e":"2 minutes"},"schema":{"@context":"https:\/\/schema.org","@graph":[{"@type":"WebPage","@id":"https:\/\/www.topicfoot.fr\/index.php\/groupes-de-supporters-de-ligue-1\/","url":"https:\/\/www.topicfoot.fr\/index.php\/groupes-de-supporters-de-ligue-1\/","name":"Groupes de supporters de Ligue 1","isPartOf":{"@id":"https:\/\/www.topicfoot.fr\/#website"},"primaryImageOfPage":{"@id":"https:\/\/www.topicfoot.fr\/index.php\/groupes-de-supporters-de-ligue-1\/#primaryimage"},"image":{"@id":"https:\/\/www.topicfoot.fr\/index.php\/groupes-de-supporters-de-ligue-1\/#primaryimage"},"thumbnailUrl":"https:\/\/www.topicfoot.fr\/wp-content\/uploads\/2024\/10\/kop-tf01-jpg.webp","datePublished":"2025-12-06T22:22:01+00:00","dateModified":"2025-12-09T08:16:51+00:00","description":"Plongez au c\u0153ur des tribunes de l\u2019Hexagone. Retrouvez notre dossier complet sur les groupes de supporters de Ligue 1 : histoire des ultras,","breadcrumb":{"@id":"https:\/\/www.topicfoot.fr\/index.php\/groupes-de-supporters-de-ligue-1\/#breadcrumb"},"inLanguage":"fr-FR","potentialAction":[{"@type":"ReadAction","target":["https:\/\/www.topicfoot.fr\/index.php\/groupes-de-supporters-de-ligue-1\/"]}]},{"@type":"ImageObject","inLanguage":"fr-FR","@id":"https:\/\/www.topicfoot.fr\/index.php\/groupes-de-supporters-de-ligue-1\/#primaryimage","url":"https:\/\/www.topicfoot.fr\/wp-content\/uploads\/2024\/10\/kop-tf01-jpg.webp","contentUrl":"https:\/\/www.topicfoot.fr\/wp-content\/uploads\/2024\/10\/kop-tf01-jpg.webp","width":1024,"height":576},{"@type":"BreadcrumbList","@id":"https:\/\/www.topicfoot.fr\/index.php\/groupes-de-supporters-de-ligue-1\/#breadcrumb","itemListElement":[{"@type":"ListItem","position":1,"name":"Accueil","item":"https:\/\/www.topicfoot.fr\/"},{"@type":"ListItem","position":2,"name":"Groupes de supporters de Ligue 1"}]},{"@type":"WebSite","@id":"https:\/\/www.topicfoot.fr\/#website","url":"https:\/\/www.topicfoot.fr\/","name":"Topic Foot","description":"Tous l&#039;univers du Foot !","publisher":{"@id":"https:\/\/www.topicfoot.fr\/#organization"},"potentialAction":[{"@type":"SearchAction","target":{"@type":"EntryPoint","urlTemplate":"https:\/\/www.topicfoot.fr\/?s={search_term_string}"},"query-input":{"@type":"PropertyValueSpecification","valueRequired":true,"valueName":"search_term_string"}}],"inLanguage":"fr-FR"},{"@type":"Organization","@id":"https:\/\/www.topicfoot.fr\/#organization","name":"Topic Foot","url":"https:\/\/www.topicfoot.fr\/","logo":{"@type":"ImageObject","inLanguage":"fr-FR","@id":"https:\/\/www.topicfoot.fr\/#\/schema\/logo\/image\/","url":"https:\/\/www.topicfoot.fr\/wp-content\/uploads\/2024\/04\/cropped-logo-topicfoot-new.jpg","contentUrl":"https:\/\/www.topicfoot.fr\/wp-content\/uploads\/2024\/04\/cropped-logo-topicfoot-new.jpg","width":512,"height":512,"caption":"Topic Foot"},"image":{"@id":"https:\/\/www.topicfoot.fr\/#\/schema\/logo\/image\/"},"sameAs":["https:\/\/www.facebook.com\/topicfoot.fr"]}]}},"_links":{"self":[{"href":"https:\/\/www.topicfoot.fr\/index.php\/wp-json\/wp\/v2\/pages\/17442","targetHints":{"allow":["GET"]}}],"collection":[{"href":"https:\/\/www.topicfoot.fr\/index.php\/wp-json\/wp\/v2\/pages"}],"about":[{"href":"https:\/\/www.topicfoot.fr\/index.php\/wp-json\/wp\/v2\/types\/page"}],"author":[{"embeddable":true,"href":"https:\/\/www.topicfoot.fr\/index.php\/wp-json\/wp\/v2\/users\/1"}],"replies":[{"embeddable":true,"href":"https:\/\/www.topicfoot.fr\/index.php\/wp-json\/wp\/v2\/comments?post=17442"}],"version-history":[{"count":0,"href":"https:\/\/www.topicfoot.fr\/index.php\/wp-json\/wp\/v2\/pages\/17442\/revisions"}],"wp:featuredmedia":[{"embeddable":true,"href":"https:\/\/www.topicfoot.fr\/index.php\/wp-json\/wp\/v2\/media\/10654"}],"wp:attachment":[{"href":"https:\/\/www.topicfoot.fr\/index.php\/wp-json\/wp\/v2\/media?parent=17442"}],"wp:term":[{"taxonomy":"folder","embeddable":true,"href":"https:\/\/www.topicfoot.fr\/index.php\/wp-json\/wp\/v2\/folder?post=17442"}],"curies":[{"name":"wp","href":"https:\/\/api.w.org\/{rel}","templated":true}]}}