{"id":4111,"date":"2024-01-09T16:24:10","date_gmt":"2024-01-09T15:24:10","guid":{"rendered":"https:\/\/www.topicfoot.fr\/?page_id=4111"},"modified":"2025-08-22T23:00:27","modified_gmt":"2025-08-22T21:00:27","slug":"coupe-de-france-foot-fff","status":"publish","type":"page","link":"https:\/\/www.topicfoot.fr\/index.php\/coupe-de-france-foot-fff\/","title":{"rendered":"Coupe de France"},"content":{"rendered":"\n<h1 class=\"wp-block-heading has-text-align-center\">Coupe de France <\/h1>\n\n\n\n<div class=\"wp-block-columns is-layout-flex wp-container-core-columns-is-layout-9d6595d7 wp-block-columns-is-layout-flex\">\n<div class=\"wp-block-column is-layout-flow wp-block-column-is-layout-flow\" style=\"flex-basis:100%\">\n<div class=\"wp-block-columns is-layout-flex wp-container-core-columns-is-layout-9d6595d7 wp-block-columns-is-layout-flex\">\n<div class=\"wp-block-column is-layout-flow wp-block-column-is-layout-flow\"><div class=\"wp-block-image\">\n<figure class=\"aligncenter size-full\"><img loading=\"lazy\" decoding=\"async\" width=\"1024\" height=\"576\" src=\"https:\/\/www.topicfoot.fr\/wp-content\/uploads\/2025\/05\/coupe-de-france-credit-agricole.webp\" alt=\"\" class=\"wp-image-14201\" srcset=\"https:\/\/www.topicfoot.fr\/wp-content\/uploads\/2025\/05\/coupe-de-france-credit-agricole.webp 1024w, https:\/\/www.topicfoot.fr\/wp-content\/uploads\/2025\/05\/coupe-de-france-credit-agricole-300x169.webp 300w, https:\/\/www.topicfoot.fr\/wp-content\/uploads\/2025\/05\/coupe-de-france-credit-agricole-768x432.webp 768w, https:\/\/www.topicfoot.fr\/wp-content\/uploads\/2025\/05\/coupe-de-france-credit-agricole-678x381.webp 678w\" sizes=\"auto, (max-width: 1024px) 100vw, 1024px\" \/><\/figure>\n<\/div><\/div>\n\n\n\n<div class=\"wp-block-column is-layout-flow wp-block-column-is-layout-flow\">\n<figure id=\"calendrier\" class=\"wp-block-table is-style-stripes\"><table><tbody><tr><td class=\"has-text-align-center\" data-align=\"center\"><strong><a href=\"#actualitel1\">ACTUALIT\u00c9<\/a><\/strong><\/td><\/tr><tr><td class=\"has-text-align-center\" data-align=\"center\"><strong><a href=\"#dates\">DATES A RETENIR<\/a><\/strong><\/td><\/tr><tr><td class=\"has-text-align-center\" data-align=\"center\"><strong><a href=\"#calendrier\">CALENDRIER<\/a><\/strong><\/td><\/tr><tr><td class=\"has-text-align-center\" data-align=\"center\"><strong><a href=\"#buteur\">MEILLEURS BUTEURS<\/a><\/strong><\/td><\/tr><tr><td class=\"has-text-align-center\" data-align=\"center\"><strong><a href=\"#passeurs\">MEILLEURS PASSEURS<\/a><\/strong><\/td><\/tr><tr><td class=\"has-text-align-center\" data-align=\"center\"><strong><a href=\"#resultats\">R\u00c9SULTATS<\/a><\/strong><\/td><\/tr><tr><td class=\"has-text-align-center\" data-align=\"center\"><strong><a href=\"#infosl1\">INFOS SUR LA CDF<\/a><\/strong><\/td><\/tr><\/tbody><\/table><\/figure>\n<\/div>\n\n\n\n<div class=\"wp-block-column is-layout-flow wp-block-column-is-layout-flow\"><div class=\"wp-block-image\">\n<figure class=\"aligncenter size-full\"><img loading=\"lazy\" decoding=\"async\" width=\"1024\" height=\"576\" src=\"https:\/\/www.topicfoot.fr\/wp-content\/uploads\/2025\/05\/coupe-de-france-credit-agricole.webp\" alt=\"\" class=\"wp-image-14201\" srcset=\"https:\/\/www.topicfoot.fr\/wp-content\/uploads\/2025\/05\/coupe-de-france-credit-agricole.webp 1024w, https:\/\/www.topicfoot.fr\/wp-content\/uploads\/2025\/05\/coupe-de-france-credit-agricole-300x169.webp 300w, https:\/\/www.topicfoot.fr\/wp-content\/uploads\/2025\/05\/coupe-de-france-credit-agricole-768x432.webp 768w, https:\/\/www.topicfoot.fr\/wp-content\/uploads\/2025\/05\/coupe-de-france-credit-agricole-678x381.webp 678w\" sizes=\"auto, (max-width: 1024px) 100vw, 1024px\" \/><\/figure>\n<\/div><\/div>\n<\/div>\n\n\n\n<hr class=\"wp-block-separator has-alpha-channel-opacity\"\/>\n\n\n\n<h2 class=\"wp-block-heading\" id=\"actualitel1\">Actualit\u00e9<\/h2>\n\n\n<div class=\"ditty ditty--pre\" data-id=\"4113\" data-uniqid=\"ditty-69d6f4030a62b\"><\/div>\n\n\n\n<div style=\"height:40px\" aria-hidden=\"true\" class=\"wp-block-spacer\"><\/div>\n\n\n\n<hr class=\"wp-block-separator has-alpha-channel-opacity\"\/>\n\n\n\n<h2 class=\"wp-block-heading\" id=\"dates\">Dates \u00e0 retenir<\/h2>\n\n\n\n<p>Comme chaque saison, la Coupe de France Cr\u00e9dit Agricole d\u00e9marre dans l\u2019anonymat des terrains r\u00e9gionaux avant de briller sous les projecteurs du Stade de France. <\/p>\n\n\n\n<ul class=\"wp-block-list\">\n<li><strong><em>1er tour :<\/em><\/strong> 17 ao\u00fbt 2025 pour le Grand-Est. 24 ao\u00fbt 2025 pour les autres ligues m\u00e9tropolitaines<\/li>\n\n\n\n<li><strong><em>2e tour : <\/em><\/strong>31 ao\u00fbt 2025 pour la plupart des ligues. 7 septembre 2025 pour la Corse<\/li>\n\n\n\n<li><strong><em>3e tour :<\/em><\/strong> 13 septembre 2025 (<strong>entr\u00e9e des clubs de National 3<\/strong>)<\/li>\n\n\n\n<li><strong><em>4e tour :<\/em><\/strong> 27 septembre 2025 (<strong>entr\u00e9e des clubs de National 2<\/strong>)<\/li>\n\n\n\n<li><strong><em>5e tour : <\/em><\/strong>11 octobre 2025 (<strong>entr\u00e9e des clubs de National<\/strong>)<\/li>\n\n\n\n<li><strong><em>6e tour :<\/em><\/strong> 25 octobre 2025<br><\/li>\n\n\n\n<li><em><strong>7e tour :<\/strong><\/em> samedi 15 novembre 2025 (<strong>entr\u00e9e des clubs de Ligue 2<\/strong>)<\/li>\n\n\n\n<li><em><strong>8e tour :<\/strong><\/em> samedi 29 novembre 2025<br><\/li>\n\n\n\n<li><strong><em>32es de finale : <\/em><\/strong>samedi 20 d\u00e9cembre 2025 (<strong>entr\u00e9e des clubs de Ligue 1<\/strong>)<\/li>\n\n\n\n<li><strong><em>16es de finale :<\/em><\/strong> samedi 10 janvier 2026<\/li>\n\n\n\n<li><strong><em>8es de finale : <\/em><\/strong>mercredi 4 f\u00e9vrier 2026<br><\/li>\n\n\n\n<li><strong><em>Quarts de finale : <\/em><\/strong>mercredi 4 mars 2026<\/li>\n\n\n\n<li><strong><em>Demi-finales : <\/em><\/strong>mercredi 22 avril 2026<br><\/li>\n\n\n\n<li><strong><em>Finale :<\/em><\/strong> samedi 23 mai 2026 au Stade de France<\/li>\n<\/ul>\n\n\n\n<hr class=\"wp-block-separator has-alpha-channel-opacity\"\/>\n\n\n\n<h2 class=\"wp-block-heading\" id=\"calendrier\">Calendrier<\/h2>\n\n\n\n<!-- Load jQuery -->\n<script src=\"\/\/code.jquery.com\/jquery-2.1.4.min.js\"><\/script>\n\n<!-- Load Stats FC Live SDK -->\n<script>(function(d, s, id) {\n    var js, fjs = d.getElementsByTagName(s)[0];\n    if (d.getElementById(id)) return;\n    js = d.createElement(s); js.id = id;\n    js.src = \"https:\/\/cdn.statsfc.com\/js\/live.js\";\n    fjs.parentNode.insertBefore(js, fjs);\n}(document, \"script\", \"statsfc-live-js\"));<\/script>\n\n<!-- Your live here -->\n<div class=\"statsfc-live\"\n    data-key=\"qHdiP_fzKLURC_gyZ2iGCqcvpRq5b5R5e3KMerKK\"\n    data-competition=\"CDF\"\n    data-goals=\"false\"\n    data-assists=\"true\"\n    data-show-badges=\"true\"\n    data-timezone=\"Europe\/Paris\"\n    data-omit-errors=\"false\"\n    data-use-default-css=\"true\"\n    data-lang=\"fr\">\n<\/div>\n\n\n\n<!-- Load jQuery -->\n<script src=\"\/\/code.jquery.com\/jquery-2.1.4.min.js\"><\/script>\n\n<!-- Load Stats FC Fixtures SDK -->\n<script>(function(d, s, id) {\n    var js, fjs = d.getElementsByTagName(s)[0];\n    if (d.getElementById(id)) return;\n    js = d.createElement(s); js.id = id;\n    js.src = \"https:\/\/cdn.statsfc.com\/js\/fixtures.js\";\n    fjs.parentNode.insertBefore(js, fjs);\n}(document, \"script\", \"statsfc-fixtures-js\"));<\/script>\n\n<!-- Your fixtures here -->\n<div class=\"statsfc-fixtures\"\n    data-key=\"qHdiP_fzKLURC_gyZ2iGCqcvpRq5b5R5e3KMerKK\"\n    data-competition=\"CDF\"\n    data-team=\"\"\n    data-season=\"2025\/2026\"\n    data-from=\"Tomorrow\"\n    data-to=\"2026-06-30\"\n    data-highlight=\"\"\n    data-show-badges=\"true\"\n    data-timezone=\"Europe\/Paris\"\n    data-omit-errors=\"false\"\n    data-use-default-css=\"true\"\n    data-lang=\"fr\">\n<\/div>\n\n\n\n<div style=\"height:40px\" aria-hidden=\"true\" class=\"wp-block-spacer\"><\/div>\n\n\n\n<hr class=\"wp-block-separator has-alpha-channel-opacity\"\/>\n\n\n\n<h2 class=\"wp-block-heading\" id=\"buteur\">Meilleurs buteurs<\/h2>\n\n\n\n<!-- Load jQuery -->\n<script src=\"\/\/code.jquery.com\/jquery-2.1.4.min.js\"><\/script>\n\n<!-- Load Stats FC Top Scorers SDK -->\n<script>(function(d, s, id) {\n    var js, fjs = d.getElementsByTagName(s)[0];\n    if (d.getElementById(id)) return;\n    js = d.createElement(s); js.id = id;\n    js.src = \"https:\/\/cdn.statsfc.com\/js\/top-scorers.js\";\n    fjs.parentNode.insertBefore(js, fjs);\n}(document, \"script\", \"statsfc-top-scorers-js\"));<\/script>\n\n<!-- Your top scorers here -->\n<div class=\"statsfc-top-scorers\"\n    data-key=\"qHdiP_fzKLURC_gyZ2iGCqcvpRq5b5R5e3KMerKK\"\n    data-limit=\"6\"\n    data-competition=\"CDF\"\n    data-season=\"2025\/2026\"\n    data-show-badges=\"true\"\n    data-omit-errors=\"false\"\n    data-use-default-css=\"true\"\n    data-lang=\"fr\">\n<\/div>\n\n\n\n<div style=\"height:40px\" aria-hidden=\"true\" class=\"wp-block-spacer\"><\/div>\n\n\n\n<hr class=\"wp-block-separator has-alpha-channel-opacity\"\/>\n\n\n\n<h2 class=\"wp-block-heading\" id=\"passeurs\">Meilleurs passeurs<\/h2>\n\n\n\n<!-- Load jQuery -->\n<script src=\"\/\/code.jquery.com\/jquery-2.1.4.min.js\"><\/script>\n\n<!-- Load Stats FC Top Assisters SDK -->\n<script>(function(d, s, id) {\n    var js, fjs = d.getElementsByTagName(s)[0];\n    if (d.getElementById(id)) return;\n    js = d.createElement(s); js.id = id;\n    js.src = \"https:\/\/cdn.statsfc.com\/js\/top-assisters.js\";\n    fjs.parentNode.insertBefore(js, fjs);\n}(document, \"script\", \"statsfc-top-assisters-js\"));<\/script>\n\n<!-- Your top assisters here -->\n<div class=\"statsfc-top-assisters\"\n    data-key=\"qHdiP_fzKLURC_gyZ2iGCqcvpRq5b5R5e3KMerKK\"\n    data-limit=\"6\"\n    data-competition=\"CDF\"\n    data-season=\"2025\/2026\"\n    data-show-badges=\"true\"\n    data-omit-errors=\"false\"\n    data-use-default-css=\"true\"\n    data-lang=\"fr\">\n<\/div>\n\n\n\n<div style=\"height:40px\" aria-hidden=\"true\" class=\"wp-block-spacer\"><\/div>\n\n\n\n<hr class=\"wp-block-separator has-alpha-channel-opacity\"\/>\n\n\n\n<h2 class=\"wp-block-heading\" id=\"resultats\">R\u00e9sultats<\/h2>\n\n\n\n<!-- Load jQuery -->\n<script src=\"\/\/code.jquery.com\/jquery-2.1.4.min.js\"><\/script>\n\n<!-- Load Stats FC Results SDK -->\n<script>(function(d, s, id) {\n    var js, fjs = d.getElementsByTagName(s)[0];\n    if (d.getElementById(id)) return;\n    js = d.createElement(s); js.id = id;\n    js.src = \"https:\/\/cdn.statsfc.com\/js\/results.js\";\n    fjs.parentNode.insertBefore(js, fjs);\n}(document, \"script\", \"statsfc-results-js\"));<\/script>\n\n<!-- Your Results here -->\n<div class=\"statsfc-results\"\n    data-key=\"qHdiP_fzKLURC_gyZ2iGCqcvpRq5b5R5e3KMerKK\"\n    data-competition=\"CDF\"\n    data-team=\"\"\n    data-highlight=\"\"\n    data-season=\"2025\/2026\"\n    data-to=\"last Day\"\n    data-goals=\"false\"\n    data-assists=\"true\"\n    data-show-badges=\"true\"\n    data-order=\"desc\"\n    data-timezone=\"Europe\/Paris\"\n    data-omit-errors=\"false\"\n    data-use-default-css=\"true\"\n    data-lang=\"fr\">\n<\/div>\n\n\n\n<div style=\"height:40px\" aria-hidden=\"true\" class=\"wp-block-spacer\"><\/div>\n\n\n\n<hr class=\"wp-block-separator has-alpha-channel-opacity\"\/>\n\n\n\n<div class=\"wp-block-media-text alignwide is-stacked-on-mobile has-white-background-color has-background\" style=\"grid-template-columns:23% auto\"><figure class=\"wp-block-media-text__media\"><img loading=\"lazy\" decoding=\"async\" width=\"1024\" height=\"576\" src=\"https:\/\/www.topicfoot.fr\/wp-content\/uploads\/2025\/05\/coupe-de-france-credit-agricole.webp\" alt=\"\" class=\"wp-image-14201 size-full\" srcset=\"https:\/\/www.topicfoot.fr\/wp-content\/uploads\/2025\/05\/coupe-de-france-credit-agricole.webp 1024w, https:\/\/www.topicfoot.fr\/wp-content\/uploads\/2025\/05\/coupe-de-france-credit-agricole-300x169.webp 300w, https:\/\/www.topicfoot.fr\/wp-content\/uploads\/2025\/05\/coupe-de-france-credit-agricole-768x432.webp 768w, https:\/\/www.topicfoot.fr\/wp-content\/uploads\/2025\/05\/coupe-de-france-credit-agricole-678x381.webp 678w\" sizes=\"auto, (max-width: 1024px) 100vw, 1024px\" \/><\/figure><div class=\"wp-block-media-text__content\">\n<h2 class=\"wp-block-heading\" id=\"infosl1\">Informations Coupe de France<\/h2>\n\n\n\n<p><a href=\"https:\/\/www.fff.fr\" target=\"_blank\" rel=\"noreferrer noopener\">Site internet FFF<\/a><br>Cr\u00e9\u00e9e en 1917<br>Tenant du Titre : <a href=\"https:\/\/www.topicfoot.fr\/index.php\/paris-saint-germain\/\">Paris Saint Germain<\/a> (16)<br>Plus titr\u00e9 : <a href=\"https:\/\/www.topicfoot.fr\/index.php\/paris-saint-germain\/\">Paris Saint Germain<\/a> (16)<br>Stade de la finale : Paris, Stade de France<\/p>\n<\/div><\/div>\n<\/div>\n<\/div>\n\n\n\n<p><\/p>\n","protected":false},"excerpt":{"rendered":"<div class=\"mh-excerpt\">Retrouvez toute l&rsquo;actualit\u00e9, les tirages au sort, les derniers r\u00e9sultats et les infos concernant la Coupe  de France sur TopicFoot.fr<\/div>\n<p> <a class=\"mh-excerpt-more\" href=\"https:\/\/www.topicfoot.fr\/index.php\/coupe-de-france-foot-fff\/\" title=\"Coupe de France\">[&#8230;]<\/a><\/p>\n","protected":false},"author":1,"featured_media":14201,"parent":0,"menu_order":0,"comment_status":"closed","ping_status":"closed","template":"template-full.php","meta":{"footnotes":""},"folder":[62],"class_list":["post-4111","page","type-page","status-publish","has-post-thumbnail"],"yoast_head":"<!-- This site is optimized with the Yoast SEO plugin v27.3 - https:\/\/yoast.com\/product\/yoast-seo-wordpress\/ -->\n<title>Coupe de France - Actu, R\u00e9sultats &amp; toutes les infos<\/title>\n<meta name=\"description\" content=\"Retrouvez toute l&#039;actualit\u00e9, les tirages au sort, les derniers r\u00e9sultats et les infos concernant la Coupe de France sur TopicFoot.fr\" \/>\n<meta name=\"robots\" content=\"index, follow, max-snippet:-1, max-image-preview:large, max-video-preview:-1\" \/>\n<link rel=\"canonical\" href=\"https:\/\/www.topicfoot.fr\/index.php\/coupe-de-france-foot-fff\/\" \/>\n<meta property=\"og:locale\" content=\"fr_FR\" \/>\n<meta property=\"og:type\" content=\"article\" \/>\n<meta property=\"og:title\" content=\"Coupe de France - Actu, R\u00e9sultats &amp; toutes les infos\" \/>\n<meta property=\"og:description\" content=\"Retrouvez toute l&#039;actualit\u00e9, les tirages au sort, les derniers r\u00e9sultats et les infos concernant la Coupe de France sur TopicFoot.fr\" \/>\n<meta property=\"og:url\" content=\"https:\/\/www.topicfoot.fr\/index.php\/coupe-de-france-foot-fff\/\" \/>\n<meta property=\"og:site_name\" content=\"Topic Foot\" \/>\n<meta property=\"article:publisher\" content=\"https:\/\/www.facebook.com\/topicfoot.fr\" \/>\n<meta property=\"article:modified_time\" content=\"2025-08-22T21:00:27+00:00\" \/>\n<meta property=\"og:image\" content=\"https:\/\/www.topicfoot.fr\/wp-content\/uploads\/2025\/05\/coupe-de-france-credit-agricole.webp\" \/>\n\t<meta property=\"og:image:width\" content=\"1024\" \/>\n\t<meta property=\"og:image:height\" content=\"576\" \/>\n\t<meta property=\"og:image:type\" content=\"image\/jpeg\" \/>\n<meta name=\"twitter:card\" content=\"summary_large_image\" \/>\n<meta name=\"twitter:label1\" content=\"Dur\u00e9e de lecture estim\u00e9e\" \/>\n\t<meta name=\"twitter:data1\" content=\"2 minutes\" \/>\n<script type=\"application\/ld+json\" class=\"yoast-schema-graph\">{\"@context\":\"https:\\\/\\\/schema.org\",\"@graph\":[{\"@type\":\"WebPage\",\"@id\":\"https:\\\/\\\/www.topicfoot.fr\\\/index.php\\\/coupe-de-france-foot-fff\\\/\",\"url\":\"https:\\\/\\\/www.topicfoot.fr\\\/index.php\\\/coupe-de-france-foot-fff\\\/\",\"name\":\"Coupe de France - Actu, R\u00e9sultats & toutes les infos\",\"isPartOf\":{\"@id\":\"https:\\\/\\\/www.topicfoot.fr\\\/#website\"},\"primaryImageOfPage\":{\"@id\":\"https:\\\/\\\/www.topicfoot.fr\\\/index.php\\\/coupe-de-france-foot-fff\\\/#primaryimage\"},\"image\":{\"@id\":\"https:\\\/\\\/www.topicfoot.fr\\\/index.php\\\/coupe-de-france-foot-fff\\\/#primaryimage\"},\"thumbnailUrl\":\"https:\\\/\\\/www.topicfoot.fr\\\/wp-content\\\/uploads\\\/2025\\\/05\\\/coupe-de-france-credit-agricole.webp\",\"datePublished\":\"2024-01-09T15:24:10+00:00\",\"dateModified\":\"2025-08-22T21:00:27+00:00\",\"description\":\"Retrouvez toute l'actualit\u00e9, les tirages au sort, les derniers r\u00e9sultats et les infos concernant la Coupe de France sur TopicFoot.fr\",\"breadcrumb\":{\"@id\":\"https:\\\/\\\/www.topicfoot.fr\\\/index.php\\\/coupe-de-france-foot-fff\\\/#breadcrumb\"},\"inLanguage\":\"fr-FR\",\"potentialAction\":[{\"@type\":\"ReadAction\",\"target\":[\"https:\\\/\\\/www.topicfoot.fr\\\/index.php\\\/coupe-de-france-foot-fff\\\/\"]}]},{\"@type\":\"ImageObject\",\"inLanguage\":\"fr-FR\",\"@id\":\"https:\\\/\\\/www.topicfoot.fr\\\/index.php\\\/coupe-de-france-foot-fff\\\/#primaryimage\",\"url\":\"https:\\\/\\\/www.topicfoot.fr\\\/wp-content\\\/uploads\\\/2025\\\/05\\\/coupe-de-france-credit-agricole.webp\",\"contentUrl\":\"https:\\\/\\\/www.topicfoot.fr\\\/wp-content\\\/uploads\\\/2025\\\/05\\\/coupe-de-france-credit-agricole.webp\",\"width\":1024,\"height\":576},{\"@type\":\"BreadcrumbList\",\"@id\":\"https:\\\/\\\/www.topicfoot.fr\\\/index.php\\\/coupe-de-france-foot-fff\\\/#breadcrumb\",\"itemListElement\":[{\"@type\":\"ListItem\",\"position\":1,\"name\":\"Accueil\",\"item\":\"https:\\\/\\\/www.topicfoot.fr\\\/\"},{\"@type\":\"ListItem\",\"position\":2,\"name\":\"Coupe de France\"}]},{\"@type\":\"WebSite\",\"@id\":\"https:\\\/\\\/www.topicfoot.fr\\\/#website\",\"url\":\"https:\\\/\\\/www.topicfoot.fr\\\/\",\"name\":\"Topic Foot\",\"description\":\"Tous l&#039;univers du Foot !\",\"publisher\":{\"@id\":\"https:\\\/\\\/www.topicfoot.fr\\\/#organization\"},\"potentialAction\":[{\"@type\":\"SearchAction\",\"target\":{\"@type\":\"EntryPoint\",\"urlTemplate\":\"https:\\\/\\\/www.topicfoot.fr\\\/?s={search_term_string}\"},\"query-input\":{\"@type\":\"PropertyValueSpecification\",\"valueRequired\":true,\"valueName\":\"search_term_string\"}}],\"inLanguage\":\"fr-FR\"},{\"@type\":\"Organization\",\"@id\":\"https:\\\/\\\/www.topicfoot.fr\\\/#organization\",\"name\":\"Topic Foot\",\"url\":\"https:\\\/\\\/www.topicfoot.fr\\\/\",\"logo\":{\"@type\":\"ImageObject\",\"inLanguage\":\"fr-FR\",\"@id\":\"https:\\\/\\\/www.topicfoot.fr\\\/#\\\/schema\\\/logo\\\/image\\\/\",\"url\":\"https:\\\/\\\/www.topicfoot.fr\\\/wp-content\\\/uploads\\\/2024\\\/04\\\/cropped-logo-topicfoot-new.jpg\",\"contentUrl\":\"https:\\\/\\\/www.topicfoot.fr\\\/wp-content\\\/uploads\\\/2024\\\/04\\\/cropped-logo-topicfoot-new.jpg\",\"width\":512,\"height\":512,\"caption\":\"Topic Foot\"},\"image\":{\"@id\":\"https:\\\/\\\/www.topicfoot.fr\\\/#\\\/schema\\\/logo\\\/image\\\/\"},\"sameAs\":[\"https:\\\/\\\/www.facebook.com\\\/topicfoot.fr\"]}]}<\/script>\n<!-- \/ Yoast SEO plugin. -->","yoast_head_json":{"title":"Coupe de France - Actu, R\u00e9sultats & toutes les infos","description":"Retrouvez toute l'actualit\u00e9, les tirages au sort, les derniers r\u00e9sultats et les infos concernant la Coupe de France sur TopicFoot.fr","robots":{"index":"index","follow":"follow","max-snippet":"max-snippet:-1","max-image-preview":"max-image-preview:large","max-video-preview":"max-video-preview:-1"},"canonical":"https:\/\/www.topicfoot.fr\/index.php\/coupe-de-france-foot-fff\/","og_locale":"fr_FR","og_type":"article","og_title":"Coupe de France - Actu, R\u00e9sultats & toutes les infos","og_description":"Retrouvez toute l'actualit\u00e9, les tirages au sort, les derniers r\u00e9sultats et les infos concernant la Coupe de France sur TopicFoot.fr","og_url":"https:\/\/www.topicfoot.fr\/index.php\/coupe-de-france-foot-fff\/","og_site_name":"Topic Foot","article_publisher":"https:\/\/www.facebook.com\/topicfoot.fr","article_modified_time":"2025-08-22T21:00:27+00:00","og_image":[{"width":1024,"height":576,"url":"https:\/\/www.topicfoot.fr\/wp-content\/uploads\/2025\/05\/coupe-de-france-credit-agricole.webp","type":"image\/jpeg"}],"twitter_card":"summary_large_image","twitter_misc":{"Dur\u00e9e de lecture estim\u00e9e":"2 minutes"},"schema":{"@context":"https:\/\/schema.org","@graph":[{"@type":"WebPage","@id":"https:\/\/www.topicfoot.fr\/index.php\/coupe-de-france-foot-fff\/","url":"https:\/\/www.topicfoot.fr\/index.php\/coupe-de-france-foot-fff\/","name":"Coupe de France - Actu, R\u00e9sultats & toutes les infos","isPartOf":{"@id":"https:\/\/www.topicfoot.fr\/#website"},"primaryImageOfPage":{"@id":"https:\/\/www.topicfoot.fr\/index.php\/coupe-de-france-foot-fff\/#primaryimage"},"image":{"@id":"https:\/\/www.topicfoot.fr\/index.php\/coupe-de-france-foot-fff\/#primaryimage"},"thumbnailUrl":"https:\/\/www.topicfoot.fr\/wp-content\/uploads\/2025\/05\/coupe-de-france-credit-agricole.webp","datePublished":"2024-01-09T15:24:10+00:00","dateModified":"2025-08-22T21:00:27+00:00","description":"Retrouvez toute l'actualit\u00e9, les tirages au sort, les derniers r\u00e9sultats et les infos concernant la Coupe de France sur TopicFoot.fr","breadcrumb":{"@id":"https:\/\/www.topicfoot.fr\/index.php\/coupe-de-france-foot-fff\/#breadcrumb"},"inLanguage":"fr-FR","potentialAction":[{"@type":"ReadAction","target":["https:\/\/www.topicfoot.fr\/index.php\/coupe-de-france-foot-fff\/"]}]},{"@type":"ImageObject","inLanguage":"fr-FR","@id":"https:\/\/www.topicfoot.fr\/index.php\/coupe-de-france-foot-fff\/#primaryimage","url":"https:\/\/www.topicfoot.fr\/wp-content\/uploads\/2025\/05\/coupe-de-france-credit-agricole.webp","contentUrl":"https:\/\/www.topicfoot.fr\/wp-content\/uploads\/2025\/05\/coupe-de-france-credit-agricole.webp","width":1024,"height":576},{"@type":"BreadcrumbList","@id":"https:\/\/www.topicfoot.fr\/index.php\/coupe-de-france-foot-fff\/#breadcrumb","itemListElement":[{"@type":"ListItem","position":1,"name":"Accueil","item":"https:\/\/www.topicfoot.fr\/"},{"@type":"ListItem","position":2,"name":"Coupe de France"}]},{"@type":"WebSite","@id":"https:\/\/www.topicfoot.fr\/#website","url":"https:\/\/www.topicfoot.fr\/","name":"Topic Foot","description":"Tous l&#039;univers du Foot !","publisher":{"@id":"https:\/\/www.topicfoot.fr\/#organization"},"potentialAction":[{"@type":"SearchAction","target":{"@type":"EntryPoint","urlTemplate":"https:\/\/www.topicfoot.fr\/?s={search_term_string}"},"query-input":{"@type":"PropertyValueSpecification","valueRequired":true,"valueName":"search_term_string"}}],"inLanguage":"fr-FR"},{"@type":"Organization","@id":"https:\/\/www.topicfoot.fr\/#organization","name":"Topic Foot","url":"https:\/\/www.topicfoot.fr\/","logo":{"@type":"ImageObject","inLanguage":"fr-FR","@id":"https:\/\/www.topicfoot.fr\/#\/schema\/logo\/image\/","url":"https:\/\/www.topicfoot.fr\/wp-content\/uploads\/2024\/04\/cropped-logo-topicfoot-new.jpg","contentUrl":"https:\/\/www.topicfoot.fr\/wp-content\/uploads\/2024\/04\/cropped-logo-topicfoot-new.jpg","width":512,"height":512,"caption":"Topic Foot"},"image":{"@id":"https:\/\/www.topicfoot.fr\/#\/schema\/logo\/image\/"},"sameAs":["https:\/\/www.facebook.com\/topicfoot.fr"]}]}},"_links":{"self":[{"href":"https:\/\/www.topicfoot.fr\/index.php\/wp-json\/wp\/v2\/pages\/4111","targetHints":{"allow":["GET"]}}],"collection":[{"href":"https:\/\/www.topicfoot.fr\/index.php\/wp-json\/wp\/v2\/pages"}],"about":[{"href":"https:\/\/www.topicfoot.fr\/index.php\/wp-json\/wp\/v2\/types\/page"}],"author":[{"embeddable":true,"href":"https:\/\/www.topicfoot.fr\/index.php\/wp-json\/wp\/v2\/users\/1"}],"replies":[{"embeddable":true,"href":"https:\/\/www.topicfoot.fr\/index.php\/wp-json\/wp\/v2\/comments?post=4111"}],"version-history":[{"count":0,"href":"https:\/\/www.topicfoot.fr\/index.php\/wp-json\/wp\/v2\/pages\/4111\/revisions"}],"wp:featuredmedia":[{"embeddable":true,"href":"https:\/\/www.topicfoot.fr\/index.php\/wp-json\/wp\/v2\/media\/14201"}],"wp:attachment":[{"href":"https:\/\/www.topicfoot.fr\/index.php\/wp-json\/wp\/v2\/media?parent=4111"}],"wp:term":[{"taxonomy":"folder","embeddable":true,"href":"https:\/\/www.topicfoot.fr\/index.php\/wp-json\/wp\/v2\/folder?post=4111"}],"curies":[{"name":"wp","href":"https:\/\/api.w.org\/{rel}","templated":true}]}}