{"id":4203,"date":"2024-01-10T16:04:30","date_gmt":"2024-01-10T15:04:30","guid":{"rendered":"https:\/\/www.topicfoot.fr\/?page_id=4203"},"modified":"2025-08-22T23:29:10","modified_gmt":"2025-08-22T21:29:10","slug":"supers-coupes","status":"publish","type":"page","link":"https:\/\/www.topicfoot.fr\/index.php\/supers-coupes\/","title":{"rendered":"Supercoupes"},"content":{"rendered":"\n<h1 class=\"wp-block-heading has-text-align-center\">Supers Coupes<\/h1>\n\n\n\n<div style=\"height:40px\" aria-hidden=\"true\" class=\"wp-block-spacer\"><\/div>\n\n\n\n<hr class=\"wp-block-separator has-alpha-channel-opacity\"\/>\n\n\n\n<h2 class=\"wp-block-heading has-text-align-center\"><a href=\"https:\/\/www.topicfoot.fr\/index.php\/trophee-des-champions\/\">Troph\u00e9e des Champions<br>(France)<\/a><\/h2>\n\n\n<div class=\"wp-block-image\">\n<figure class=\"aligncenter size-medium is-resized\"><a href=\"https:\/\/www.topicfoot.fr\/index.php\/trophee-des-champions\/\"><img loading=\"lazy\" decoding=\"async\" width=\"184\" height=\"300\" src=\"https:\/\/www.topicfoot.fr\/wp-content\/uploads\/2025\/08\/Logo_Trophee_des_Champions.svg-184x300.webp\" alt=\"\" class=\"wp-image-15744\" style=\"width:170px;height:auto\" srcset=\"https:\/\/www.topicfoot.fr\/wp-content\/uploads\/2025\/08\/Logo_Trophee_des_Champions.svg-184x300.webp 184w, https:\/\/www.topicfoot.fr\/wp-content\/uploads\/2025\/08\/Logo_Trophee_des_Champions.svg.webp 330w\" sizes=\"auto, (max-width: 184px) 100vw, 184px\" \/><\/a><\/figure>\n<\/div>\n\n\n<hr class=\"wp-block-separator has-alpha-channel-opacity\"\/>\n\n\n\n<h2 class=\"wp-block-heading has-text-align-center\"><a href=\"https:\/\/www.topicfoot.fr\/index.php\/community-shield\/\">Community Shield<br>(Angleterre)<\/a><\/h2>\n\n\n<div class=\"wp-block-image\">\n<figure class=\"aligncenter size-medium is-resized\"><img loading=\"lazy\" decoding=\"async\" width=\"300\" height=\"300\" src=\"https:\/\/www.topicfoot.fr\/wp-content\/uploads\/2025\/08\/FA_Community_Shield-logo-300x300.webp\" alt=\"\" class=\"wp-image-15729\" style=\"width:232px;height:auto\" srcset=\"https:\/\/www.topicfoot.fr\/wp-content\/uploads\/2025\/08\/FA_Community_Shield-logo-300x300.webp 300w, https:\/\/www.topicfoot.fr\/wp-content\/uploads\/2025\/08\/FA_Community_Shield-logo-150x150.webp 150w, https:\/\/www.topicfoot.fr\/wp-content\/uploads\/2025\/08\/FA_Community_Shield-logo.webp 512w\" sizes=\"auto, (max-width: 300px) 100vw, 300px\" \/><\/figure>\n<\/div>\n\n\n<hr class=\"wp-block-separator has-alpha-channel-opacity\"\/>\n\n\n\n<h2 class=\"wp-block-heading has-text-align-center\"><a href=\"https:\/\/www.topicfoot.fr\/index.php\/supercoupe-despagne-rfef\/\">Super coupe d&rsquo;Espagne<\/a><\/h2>\n\n\n<div class=\"wp-block-image\">\n<figure class=\"aligncenter size-full is-resized\"><a href=\"https:\/\/www.topicfoot.fr\/index.php\/supercoupe-despagne-rfef\/\"><img loading=\"lazy\" decoding=\"async\" width=\"300\" height=\"300\" src=\"https:\/\/www.topicfoot.fr\/wp-content\/uploads\/2024\/01\/logo-supercoupe-espagne.png\" alt=\"\" class=\"wp-image-4207\" style=\"width:242px;height:auto\" srcset=\"https:\/\/www.topicfoot.fr\/wp-content\/uploads\/2024\/01\/logo-supercoupe-espagne.png 300w, https:\/\/www.topicfoot.fr\/wp-content\/uploads\/2024\/01\/logo-supercoupe-espagne-150x150.png 150w\" sizes=\"auto, (max-width: 300px) 100vw, 300px\" \/><\/a><\/figure>\n<\/div>\n\n\n<hr class=\"wp-block-separator has-alpha-channel-opacity\"\/>\n\n\n\n<h2 class=\"wp-block-heading has-text-align-center\"><a href=\"https:\/\/www.topicfoot.fr\/index.php\/supercoupe-italie\/\">Super coupe d&rsquo;Italie<\/a><\/h2>\n\n\n<div class=\"wp-block-image\">\n<figure class=\"aligncenter size-full is-resized\"><a href=\"https:\/\/www.topicfoot.fr\/index.php\/supercoupe-italie\/\"><img loading=\"lazy\" decoding=\"async\" width=\"500\" height=\"854\" src=\"https:\/\/www.topicfoot.fr\/wp-content\/uploads\/2025\/08\/logo-supercoupe-italie.webp\" alt=\"\" class=\"wp-image-15739\" style=\"width:140px;height:auto\" srcset=\"https:\/\/www.topicfoot.fr\/wp-content\/uploads\/2025\/08\/logo-supercoupe-italie.webp 500w, https:\/\/www.topicfoot.fr\/wp-content\/uploads\/2025\/08\/logo-supercoupe-italie-176x300.webp 176w\" sizes=\"auto, (max-width: 500px) 100vw, 500px\" \/><\/a><\/figure>\n<\/div>\n\n\n<hr class=\"wp-block-separator has-alpha-channel-opacity\"\/>\n\n\n\n<h2 class=\"wp-block-heading has-text-align-center\"><a href=\"https:\/\/www.topicfoot.fr\/index.php\/supercup-dfl-allemagne\/\">DFL Supercup<br>(Allemagne)<\/a><\/h2>\n\n\n<div class=\"wp-block-image\">\n<figure class=\"aligncenter size-full\"><a href=\"https:\/\/www.topicfoot.fr\/index.php\/supercup-dfl-allemagne\/\"><img loading=\"lazy\" decoding=\"async\" width=\"300\" height=\"300\" src=\"https:\/\/www.topicfoot.fr\/wp-content\/uploads\/2024\/01\/logo-supercoupe-allemagne-a.png\" alt=\"\" class=\"wp-image-4210\" srcset=\"https:\/\/www.topicfoot.fr\/wp-content\/uploads\/2024\/01\/logo-supercoupe-allemagne-a.png 300w, https:\/\/www.topicfoot.fr\/wp-content\/uploads\/2024\/01\/logo-supercoupe-allemagne-a-150x150.png 150w\" sizes=\"auto, (max-width: 300px) 100vw, 300px\" \/><\/a><\/figure>\n<\/div>\n\n\n<hr class=\"wp-block-separator has-alpha-channel-opacity\"\/>\n\n\n\n<h2 class=\"wp-block-heading has-text-align-center\"><a href=\"https:\/\/www.topicfoot.fr\/index.php\/supercoupe-tff-turquie\/\">Super coupe de Turquie<\/a><\/h2>\n\n\n<div class=\"wp-block-image\">\n<figure class=\"aligncenter size-full\"><img loading=\"lazy\" decoding=\"async\" width=\"380\" height=\"262\" src=\"https:\/\/www.topicfoot.fr\/wp-content\/uploads\/2024\/01\/logo-supercoupe-turquie.jpg\" alt=\"\" class=\"wp-image-4272\" srcset=\"https:\/\/www.topicfoot.fr\/wp-content\/uploads\/2024\/01\/logo-supercoupe-turquie.jpg 380w, https:\/\/www.topicfoot.fr\/wp-content\/uploads\/2024\/01\/logo-supercoupe-turquie-300x207.jpg 300w\" sizes=\"auto, (max-width: 380px) 100vw, 380px\" \/><\/figure>\n<\/div>","protected":false},"excerpt":{"rendered":"<div class=\"mh-excerpt\">Actualit\u00e9, les tirages au sort, les derniers r\u00e9sultats et les infos concernant les supercoupes des championnats  EU sur TopicFoot.fr<\/div>\n<p> <a class=\"mh-excerpt-more\" href=\"https:\/\/www.topicfoot.fr\/index.php\/supers-coupes\/\" title=\"Supercoupes\">[&#8230;]<\/a><\/p>\n","protected":false},"author":1,"featured_media":4210,"parent":0,"menu_order":0,"comment_status":"closed","ping_status":"closed","template":"template-full.php","meta":{"footnotes":""},"folder":[65],"class_list":["post-4203","page","type-page","status-publish","has-post-thumbnail"],"yoast_head":"<!-- This site is optimized with the Yoast SEO plugin v27.3 - https:\/\/yoast.com\/product\/yoast-seo-wordpress\/ -->\n<title>Supercoupes - Actu, R\u00e9sultats &amp; toutes les infos<\/title>\n<meta name=\"description\" content=\"Actualit\u00e9, r\u00e9sultats et les infos des super coupe d\u2019Espagne, de France, d&#039;Italie, d&#039;Angleterre, de Turquie et d&#039;Allemagne sur TopicFoot.fr\" \/>\n<meta name=\"robots\" content=\"index, follow, max-snippet:-1, max-image-preview:large, max-video-preview:-1\" \/>\n<link rel=\"canonical\" href=\"https:\/\/www.topicfoot.fr\/index.php\/supers-coupes\/\" \/>\n<meta property=\"og:locale\" content=\"fr_FR\" \/>\n<meta property=\"og:type\" content=\"article\" \/>\n<meta property=\"og:title\" content=\"Supercoupes - Actu, R\u00e9sultats &amp; toutes les infos\" \/>\n<meta property=\"og:description\" content=\"Actualit\u00e9, r\u00e9sultats et les infos des super coupe d\u2019Espagne, de France, d&#039;Italie, d&#039;Angleterre, de Turquie et d&#039;Allemagne sur TopicFoot.fr\" \/>\n<meta property=\"og:url\" content=\"https:\/\/www.topicfoot.fr\/index.php\/supers-coupes\/\" \/>\n<meta property=\"og:site_name\" content=\"Topic Foot\" \/>\n<meta property=\"article:publisher\" content=\"https:\/\/www.facebook.com\/topicfoot.fr\" \/>\n<meta property=\"article:modified_time\" content=\"2025-08-22T21:29:10+00:00\" \/>\n<meta property=\"og:image\" content=\"https:\/\/www.topicfoot.fr\/wp-content\/uploads\/2024\/01\/logo-supercoupe-allemagne-a.png\" \/>\n\t<meta property=\"og:image:width\" content=\"300\" \/>\n\t<meta property=\"og:image:height\" content=\"300\" \/>\n\t<meta property=\"og:image:type\" content=\"image\/png\" \/>\n<meta name=\"twitter:card\" content=\"summary_large_image\" \/>\n<meta name=\"twitter:label1\" content=\"Dur\u00e9e de lecture estim\u00e9e\" \/>\n\t<meta name=\"twitter:data1\" content=\"2 minutes\" \/>\n<script type=\"application\/ld+json\" class=\"yoast-schema-graph\">{\"@context\":\"https:\\\/\\\/schema.org\",\"@graph\":[{\"@type\":\"WebPage\",\"@id\":\"https:\\\/\\\/www.topicfoot.fr\\\/index.php\\\/supers-coupes\\\/\",\"url\":\"https:\\\/\\\/www.topicfoot.fr\\\/index.php\\\/supers-coupes\\\/\",\"name\":\"Supercoupes - Actu, R\u00e9sultats & toutes les infos\",\"isPartOf\":{\"@id\":\"https:\\\/\\\/www.topicfoot.fr\\\/#website\"},\"primaryImageOfPage\":{\"@id\":\"https:\\\/\\\/www.topicfoot.fr\\\/index.php\\\/supers-coupes\\\/#primaryimage\"},\"image\":{\"@id\":\"https:\\\/\\\/www.topicfoot.fr\\\/index.php\\\/supers-coupes\\\/#primaryimage\"},\"thumbnailUrl\":\"https:\\\/\\\/www.topicfoot.fr\\\/wp-content\\\/uploads\\\/2024\\\/01\\\/logo-supercoupe-allemagne-a.png\",\"datePublished\":\"2024-01-10T15:04:30+00:00\",\"dateModified\":\"2025-08-22T21:29:10+00:00\",\"description\":\"Actualit\u00e9, r\u00e9sultats et les infos des super coupe d\u2019Espagne, de France, d'Italie, d'Angleterre, de Turquie et d'Allemagne sur TopicFoot.fr\",\"breadcrumb\":{\"@id\":\"https:\\\/\\\/www.topicfoot.fr\\\/index.php\\\/supers-coupes\\\/#breadcrumb\"},\"inLanguage\":\"fr-FR\",\"potentialAction\":[{\"@type\":\"ReadAction\",\"target\":[\"https:\\\/\\\/www.topicfoot.fr\\\/index.php\\\/supers-coupes\\\/\"]}]},{\"@type\":\"ImageObject\",\"inLanguage\":\"fr-FR\",\"@id\":\"https:\\\/\\\/www.topicfoot.fr\\\/index.php\\\/supers-coupes\\\/#primaryimage\",\"url\":\"https:\\\/\\\/www.topicfoot.fr\\\/wp-content\\\/uploads\\\/2024\\\/01\\\/logo-supercoupe-allemagne-a.png\",\"contentUrl\":\"https:\\\/\\\/www.topicfoot.fr\\\/wp-content\\\/uploads\\\/2024\\\/01\\\/logo-supercoupe-allemagne-a.png\",\"width\":300,\"height\":300},{\"@type\":\"BreadcrumbList\",\"@id\":\"https:\\\/\\\/www.topicfoot.fr\\\/index.php\\\/supers-coupes\\\/#breadcrumb\",\"itemListElement\":[{\"@type\":\"ListItem\",\"position\":1,\"name\":\"Accueil\",\"item\":\"https:\\\/\\\/www.topicfoot.fr\\\/\"},{\"@type\":\"ListItem\",\"position\":2,\"name\":\"Supercoupes\"}]},{\"@type\":\"WebSite\",\"@id\":\"https:\\\/\\\/www.topicfoot.fr\\\/#website\",\"url\":\"https:\\\/\\\/www.topicfoot.fr\\\/\",\"name\":\"Topic Foot\",\"description\":\"Tous l&#039;univers du Foot !\",\"publisher\":{\"@id\":\"https:\\\/\\\/www.topicfoot.fr\\\/#organization\"},\"potentialAction\":[{\"@type\":\"SearchAction\",\"target\":{\"@type\":\"EntryPoint\",\"urlTemplate\":\"https:\\\/\\\/www.topicfoot.fr\\\/?s={search_term_string}\"},\"query-input\":{\"@type\":\"PropertyValueSpecification\",\"valueRequired\":true,\"valueName\":\"search_term_string\"}}],\"inLanguage\":\"fr-FR\"},{\"@type\":\"Organization\",\"@id\":\"https:\\\/\\\/www.topicfoot.fr\\\/#organization\",\"name\":\"Topic Foot\",\"url\":\"https:\\\/\\\/www.topicfoot.fr\\\/\",\"logo\":{\"@type\":\"ImageObject\",\"inLanguage\":\"fr-FR\",\"@id\":\"https:\\\/\\\/www.topicfoot.fr\\\/#\\\/schema\\\/logo\\\/image\\\/\",\"url\":\"https:\\\/\\\/www.topicfoot.fr\\\/wp-content\\\/uploads\\\/2024\\\/04\\\/cropped-logo-topicfoot-new.jpg\",\"contentUrl\":\"https:\\\/\\\/www.topicfoot.fr\\\/wp-content\\\/uploads\\\/2024\\\/04\\\/cropped-logo-topicfoot-new.jpg\",\"width\":512,\"height\":512,\"caption\":\"Topic Foot\"},\"image\":{\"@id\":\"https:\\\/\\\/www.topicfoot.fr\\\/#\\\/schema\\\/logo\\\/image\\\/\"},\"sameAs\":[\"https:\\\/\\\/www.facebook.com\\\/topicfoot.fr\"]}]}<\/script>\n<!-- \/ Yoast SEO plugin. -->","yoast_head_json":{"title":"Supercoupes - Actu, R\u00e9sultats & toutes les infos","description":"Actualit\u00e9, r\u00e9sultats et les infos des super coupe d\u2019Espagne, de France, d'Italie, d'Angleterre, de Turquie et d'Allemagne sur TopicFoot.fr","robots":{"index":"index","follow":"follow","max-snippet":"max-snippet:-1","max-image-preview":"max-image-preview:large","max-video-preview":"max-video-preview:-1"},"canonical":"https:\/\/www.topicfoot.fr\/index.php\/supers-coupes\/","og_locale":"fr_FR","og_type":"article","og_title":"Supercoupes - Actu, R\u00e9sultats & toutes les infos","og_description":"Actualit\u00e9, r\u00e9sultats et les infos des super coupe d\u2019Espagne, de France, d'Italie, d'Angleterre, de Turquie et d'Allemagne sur TopicFoot.fr","og_url":"https:\/\/www.topicfoot.fr\/index.php\/supers-coupes\/","og_site_name":"Topic Foot","article_publisher":"https:\/\/www.facebook.com\/topicfoot.fr","article_modified_time":"2025-08-22T21:29:10+00:00","og_image":[{"width":300,"height":300,"url":"https:\/\/www.topicfoot.fr\/wp-content\/uploads\/2024\/01\/logo-supercoupe-allemagne-a.png","type":"image\/png"}],"twitter_card":"summary_large_image","twitter_misc":{"Dur\u00e9e de lecture estim\u00e9e":"2 minutes"},"schema":{"@context":"https:\/\/schema.org","@graph":[{"@type":"WebPage","@id":"https:\/\/www.topicfoot.fr\/index.php\/supers-coupes\/","url":"https:\/\/www.topicfoot.fr\/index.php\/supers-coupes\/","name":"Supercoupes - Actu, R\u00e9sultats & toutes les infos","isPartOf":{"@id":"https:\/\/www.topicfoot.fr\/#website"},"primaryImageOfPage":{"@id":"https:\/\/www.topicfoot.fr\/index.php\/supers-coupes\/#primaryimage"},"image":{"@id":"https:\/\/www.topicfoot.fr\/index.php\/supers-coupes\/#primaryimage"},"thumbnailUrl":"https:\/\/www.topicfoot.fr\/wp-content\/uploads\/2024\/01\/logo-supercoupe-allemagne-a.png","datePublished":"2024-01-10T15:04:30+00:00","dateModified":"2025-08-22T21:29:10+00:00","description":"Actualit\u00e9, r\u00e9sultats et les infos des super coupe d\u2019Espagne, de France, d'Italie, d'Angleterre, de Turquie et d'Allemagne sur TopicFoot.fr","breadcrumb":{"@id":"https:\/\/www.topicfoot.fr\/index.php\/supers-coupes\/#breadcrumb"},"inLanguage":"fr-FR","potentialAction":[{"@type":"ReadAction","target":["https:\/\/www.topicfoot.fr\/index.php\/supers-coupes\/"]}]},{"@type":"ImageObject","inLanguage":"fr-FR","@id":"https:\/\/www.topicfoot.fr\/index.php\/supers-coupes\/#primaryimage","url":"https:\/\/www.topicfoot.fr\/wp-content\/uploads\/2024\/01\/logo-supercoupe-allemagne-a.png","contentUrl":"https:\/\/www.topicfoot.fr\/wp-content\/uploads\/2024\/01\/logo-supercoupe-allemagne-a.png","width":300,"height":300},{"@type":"BreadcrumbList","@id":"https:\/\/www.topicfoot.fr\/index.php\/supers-coupes\/#breadcrumb","itemListElement":[{"@type":"ListItem","position":1,"name":"Accueil","item":"https:\/\/www.topicfoot.fr\/"},{"@type":"ListItem","position":2,"name":"Supercoupes"}]},{"@type":"WebSite","@id":"https:\/\/www.topicfoot.fr\/#website","url":"https:\/\/www.topicfoot.fr\/","name":"Topic Foot","description":"Tous l&#039;univers du Foot !","publisher":{"@id":"https:\/\/www.topicfoot.fr\/#organization"},"potentialAction":[{"@type":"SearchAction","target":{"@type":"EntryPoint","urlTemplate":"https:\/\/www.topicfoot.fr\/?s={search_term_string}"},"query-input":{"@type":"PropertyValueSpecification","valueRequired":true,"valueName":"search_term_string"}}],"inLanguage":"fr-FR"},{"@type":"Organization","@id":"https:\/\/www.topicfoot.fr\/#organization","name":"Topic Foot","url":"https:\/\/www.topicfoot.fr\/","logo":{"@type":"ImageObject","inLanguage":"fr-FR","@id":"https:\/\/www.topicfoot.fr\/#\/schema\/logo\/image\/","url":"https:\/\/www.topicfoot.fr\/wp-content\/uploads\/2024\/04\/cropped-logo-topicfoot-new.jpg","contentUrl":"https:\/\/www.topicfoot.fr\/wp-content\/uploads\/2024\/04\/cropped-logo-topicfoot-new.jpg","width":512,"height":512,"caption":"Topic Foot"},"image":{"@id":"https:\/\/www.topicfoot.fr\/#\/schema\/logo\/image\/"},"sameAs":["https:\/\/www.facebook.com\/topicfoot.fr"]}]}},"_links":{"self":[{"href":"https:\/\/www.topicfoot.fr\/index.php\/wp-json\/wp\/v2\/pages\/4203","targetHints":{"allow":["GET"]}}],"collection":[{"href":"https:\/\/www.topicfoot.fr\/index.php\/wp-json\/wp\/v2\/pages"}],"about":[{"href":"https:\/\/www.topicfoot.fr\/index.php\/wp-json\/wp\/v2\/types\/page"}],"author":[{"embeddable":true,"href":"https:\/\/www.topicfoot.fr\/index.php\/wp-json\/wp\/v2\/users\/1"}],"replies":[{"embeddable":true,"href":"https:\/\/www.topicfoot.fr\/index.php\/wp-json\/wp\/v2\/comments?post=4203"}],"version-history":[{"count":0,"href":"https:\/\/www.topicfoot.fr\/index.php\/wp-json\/wp\/v2\/pages\/4203\/revisions"}],"wp:featuredmedia":[{"embeddable":true,"href":"https:\/\/www.topicfoot.fr\/index.php\/wp-json\/wp\/v2\/media\/4210"}],"wp:attachment":[{"href":"https:\/\/www.topicfoot.fr\/index.php\/wp-json\/wp\/v2\/media?parent=4203"}],"wp:term":[{"taxonomy":"folder","embeddable":true,"href":"https:\/\/www.topicfoot.fr\/index.php\/wp-json\/wp\/v2\/folder?post=4203"}],"curies":[{"name":"wp","href":"https:\/\/api.w.org\/{rel}","templated":true}]}}