{"id":422,"date":"2023-05-31T20:52:38","date_gmt":"2023-05-31T18:52:38","guid":{"rendered":"https:\/\/www.topicfoot.fr\/?page_id=422"},"modified":"2025-09-10T00:50:50","modified_gmt":"2025-09-09T22:50:50","slug":"champions-league","status":"publish","type":"page","link":"https:\/\/www.topicfoot.fr\/index.php\/champions-league\/","title":{"rendered":"Ligue des Champions : Phase Finale"},"content":{"rendered":"\n<div class=\"wp-block-columns is-layout-flex wp-container-core-columns-is-layout-9d6595d7 wp-block-columns-is-layout-flex\">\n<div class=\"wp-block-column is-layout-flow wp-block-column-is-layout-flow\">\n<div class=\"wp-block-columns is-layout-flex wp-container-core-columns-is-layout-9d6595d7 wp-block-columns-is-layout-flex\">\n<div class=\"wp-block-column is-layout-flow wp-block-column-is-layout-flow\" style=\"flex-basis:100%\">\n<h1 class=\"wp-block-heading has-text-align-center\">Ligue des Champions<br>Phase Finale<\/h1>\n<\/div>\n<\/div>\n\n\n\n<hr class=\"wp-block-separator has-alpha-channel-opacity\"\/>\n\n\n\n<div class=\"wp-block-columns is-layout-flex wp-container-core-columns-is-layout-9d6595d7 wp-block-columns-is-layout-flex\">\n<div class=\"wp-block-column is-layout-flow wp-block-column-is-layout-flow\">\n<h2 class=\"wp-block-heading has-text-align-center\"><a href=\"https:\/\/www.topicfoot.fr\/index.php\/ligue-des-champions-barrages\/\">Phase de Qualifs<\/a><\/h2>\n<\/div>\n\n\n\n<div class=\"wp-block-column is-layout-flow wp-block-column-is-layout-flow\">\n<h2 class=\"wp-block-heading has-text-align-center\"><a href=\"https:\/\/www.topicfoot.fr\/index.php\/ligue-des-champions-phase-de-groupes\/\">La Phase de Ligue<\/a><\/h2>\n<\/div>\n\n\n\n<div class=\"wp-block-column is-layout-flow wp-block-column-is-layout-flow\">\n<h2 class=\"wp-block-heading has-text-align-center\"><a href=\"https:\/\/www.topicfoot.fr\/index.php\/champions-league\/\">Phase Finale<\/a><\/h2>\n<\/div>\n<\/div>\n\n\n\n<hr class=\"wp-block-separator has-alpha-channel-opacity\"\/>\n\n\n\n<div class=\"wp-block-columns is-layout-flex wp-container-core-columns-is-layout-9d6595d7 wp-block-columns-is-layout-flex\">\n<div class=\"wp-block-column is-layout-flow wp-block-column-is-layout-flow\"><div class=\"wp-block-image\">\n<figure class=\"aligncenter size-full is-resized\"><img loading=\"lazy\" decoding=\"async\" width=\"332\" height=\"315\" src=\"https:\/\/www.topicfoot.fr\/wp-content\/uploads\/2023\/06\/LogoChampions_League-topicfoot.png\" alt=\"logo Uefa champions league topic foot ligue des champions tirage \" class=\"wp-image-776\" style=\"width:166px;height:158px\" srcset=\"https:\/\/www.topicfoot.fr\/wp-content\/uploads\/2023\/06\/LogoChampions_League-topicfoot.png 332w, https:\/\/www.topicfoot.fr\/wp-content\/uploads\/2023\/06\/LogoChampions_League-topicfoot-300x285.png 300w\" sizes=\"auto, (max-width: 332px) 100vw, 332px\" \/><\/figure>\n<\/div><\/div>\n\n\n\n<div class=\"wp-block-column is-layout-flow wp-block-column-is-layout-flow\">\n<figure class=\"wp-block-table is-style-stripes\"><table><tbody><tr><td class=\"has-text-align-center\" data-align=\"center\"><strong><a href=\"#actualiteucl\">ACTUALIT\u00c9<\/a><\/strong><\/td><\/tr><tr><td class=\"has-text-align-center\" data-align=\"center\"><strong><a href=\"#dates\">DATES CL\u00c9S<\/a><\/strong><\/td><\/tr><tr><td class=\"has-text-align-center\" data-align=\"center\"><a href=\"#finale\"><strong>FINALE<\/strong><\/a><\/td><\/tr><tr><td class=\"has-text-align-center\" data-align=\"center\"><strong><a href=\"#demi\">DEMI-FINALES<\/a><\/strong><\/td><\/tr><tr><td class=\"has-text-align-center\" data-align=\"center\"><strong><a href=\"#quart\">QUARTS DE FINALE<\/a><\/strong><\/td><\/tr><tr><td class=\"has-text-align-center\" data-align=\"center\"><strong><a href=\"#huitieme\">HUITIEMES DE FINALE<\/a><\/strong><\/td><\/tr><tr><td class=\"has-text-align-center\" data-align=\"center\"><strong><a href=\"#buteur\">MEILLEUR BUTEUR<\/a><\/strong> <\/td><\/tr><tr><td class=\"has-text-align-center\" data-align=\"center\"><strong><a href=\"#passeur\">MEILLEUR PASSEUR <\/a><\/strong> <\/td><\/tr><tr><td class=\"has-text-align-center\" data-align=\"center\"><strong><a href=\"#stade\">STADE DE LA FINALE<\/a><\/strong> <\/td><\/tr><tr><td class=\"has-text-align-center\" data-align=\"center\"><strong><a href=\"#competitionucl\">LA COMP\u00c9TITION<\/a><\/strong> <\/td><\/tr><\/tbody><\/table><\/figure>\n<\/div>\n\n\n\n<div class=\"wp-block-column is-layout-flow wp-block-column-is-layout-flow\"><div class=\"wp-block-image\">\n<figure class=\"aligncenter size-full is-resized\"><img loading=\"lazy\" decoding=\"async\" width=\"332\" height=\"315\" src=\"https:\/\/www.topicfoot.fr\/wp-content\/uploads\/2023\/06\/LogoChampions_League-topicfoot.png\" alt=\"logo Uefa champions league topic foot ligue des champions tirage \" class=\"wp-image-776\" style=\"width:166px;height:158px\" srcset=\"https:\/\/www.topicfoot.fr\/wp-content\/uploads\/2023\/06\/LogoChampions_League-topicfoot.png 332w, https:\/\/www.topicfoot.fr\/wp-content\/uploads\/2023\/06\/LogoChampions_League-topicfoot-300x285.png 300w\" sizes=\"auto, (max-width: 332px) 100vw, 332px\" \/><\/figure>\n<\/div><\/div>\n<\/div>\n<\/div>\n<\/div>\n\n\n\n<div class=\"wp-block-columns is-layout-flex wp-container-core-columns-is-layout-9d6595d7 wp-block-columns-is-layout-flex\">\n<div class=\"wp-block-column is-layout-flow wp-block-column-is-layout-flow\" style=\"flex-basis:100%\">\n<hr class=\"wp-block-separator has-alpha-channel-opacity\"\/>\n\n\n\n<div style=\"height:40px\" aria-hidden=\"true\" class=\"wp-block-spacer\"><\/div>\n\n\n\n<h2 class=\"wp-block-heading\" id=\"actualiteucl\">Actualit\u00e9<\/h2>\n\n\n<div class=\"ditty ditty--pre\" data-id=\"3610\" data-uniqid=\"ditty-69f2c32ea7007\"><\/div>\n\n\n\n<div style=\"height:40px\" aria-hidden=\"true\" class=\"wp-block-spacer\"><\/div>\n\n\n\n<hr class=\"wp-block-separator has-alpha-channel-opacity\"\/>\n\n\n\n<h2 class=\"wp-block-heading\" id=\"dates\">Dates cl\u00e9s de la comp\u00e9tition<\/h2>\n\n\n\n<p><strong>Tirage au sort des phases finales : 27 f\u00e9vrier 202<\/strong>6<br><\/p>\n\n\n\n<h2 class=\"wp-block-heading\">Huiti\u00e8mes de finale<\/h2>\n\n\n\n<ul class=\"wp-block-list\">\n<li>Matchs-aller : 10 et 11 mars 2026<\/li>\n\n\n\n<li>Matchs-retour : 17 et 18 mars 2026<\/li>\n<\/ul>\n\n\n\n<hr class=\"wp-block-separator has-alpha-channel-opacity\"\/>\n\n\n\n<h2 class=\"wp-block-heading\">Quarts de finale<\/h2>\n\n\n\n<ul class=\"wp-block-list\">\n<li>Matchs-aller : 7 et 8 avril 2026<\/li>\n\n\n\n<li>Matchs-retour : 14 et 15 avril 2026<\/li>\n<\/ul>\n\n\n\n<hr class=\"wp-block-separator has-alpha-channel-opacity\"\/>\n\n\n\n<h2 class=\"wp-block-heading\">Demi-finales<\/h2>\n\n\n\n<ul class=\"wp-block-list\">\n<li>Matchs-aller : 28 et 29 avril 2026<\/li>\n\n\n\n<li>Matchs-retour : 5 et 6 mai 2026<\/li>\n<\/ul>\n\n\n\n<hr class=\"wp-block-separator has-alpha-channel-opacity\"\/>\n\n\n\n<h2 class=\"wp-block-heading\">Finale<\/h2>\n\n\n\n<p>Finale : 30 mai 2025<\/p>\n\n\n\n<div style=\"height:40px\" aria-hidden=\"true\" class=\"wp-block-spacer\"><\/div>\n\n\n\n<hr class=\"wp-block-separator has-alpha-channel-opacity\"\/>\n\n\n\n<h2 class=\"wp-block-heading\">Ligue des Champions phase finale<\/h2>\n\n\n\n<!-- Load jQuery -->\n<script src=\"\/\/code.jquery.com\/jquery-2.1.4.min.js\"><\/script>\n\n<!-- Load Stats FC Live SDK -->\n<script>(function(d, s, id) {\n    var js, fjs = d.getElementsByTagName(s)[0];\n    if (d.getElementById(id)) return;\n    js = d.createElement(s); js.id = id;\n    js.src = \"https:\/\/cdn.statsfc.com\/js\/live.js\";\n    fjs.parentNode.insertBefore(js, fjs);\n}(document, \"script\", \"statsfc-live-js\"));<\/script>\n\n<!-- Your live here -->\n<div class=\"statsfc-live\"\n    data-key=\"qHdiP_fzKLURC_gyZ2iGCqcvpRq5b5R5e3KMerKK\"\n    data-competition=\"UCL\"\n    data-from=\"2026-02-01\"\n    data-to=\"2026-06-03\" \n    data-goals=\"false\"\n    data-assists=\"false\"\n    data-show-badges=\"true\"\n    data-omit-errors=\"false\"\n    data-use-default-css=\"true\"\n    data-lang=\"fr\">\n<\/div>\n\n\n\n<!-- Load jQuery -->\n<script src=\"\/\/code.jquery.com\/jquery-2.1.4.min.js\"><\/script>\n\n<!-- Load Stats FC Fixtures SDK -->\n<script>(function(d, s, id) {\n    var js, fjs = d.getElementsByTagName(s)[0];\n    if (d.getElementById(id)) return;\n    js = d.createElement(s); js.id = id;\n    js.src = \"https:\/\/cdn.statsfc.com\/js\/fixtures.js\";\n    fjs.parentNode.insertBefore(js, fjs);\n}(document, \"script\", \"statsfc-fixtures-js\"));<\/script>\n\n<!-- Your fixtures here -->\n<div class=\"statsfc-fixtures\"\n    data-key=\"qHdiP_fzKLURC_gyZ2iGCqcvpRq5b5R5e3KMerKK\"\n    data-competition=\"UCL\"\n    data-from=\"2026-02-01\"\n    data-to=\"2026-06-03\" \n    data-show-badges=\"true\"\n    data-timezone=\"Europe\/Paris\"\n    data-omit-errors=\"false\"\n    data-use-default-css=\"true\"\n    data-lang=\"fr\">\n<\/div>\n\n\n\n<!-- Load jQuery -->\n<script src=\"\/\/code.jquery.com\/jquery-2.1.4.min.js\"><\/script>\n\n<!-- Load Stats FC Results SDK -->\n<script>(function(d, s, id) {\n    var js, fjs = d.getElementsByTagName(s)[0];\n    if (d.getElementById(id)) return;\n    js = d.createElement(s); js.id = id;\n    js.src = \"https:\/\/cdn.statsfc.com\/js\/results.js\";\n    fjs.parentNode.insertBefore(js, fjs);\n}(document, \"script\", \"statsfc-results-js\"));<\/script>\n\n<!-- Your Results here -->\n<div class=\"statsfc-results\"\n    data-key=\"qHdiP_fzKLURC_gyZ2iGCqcvpRq5b5R5e3KMerKK\"\n    data-competition=\"UCL\"\n    data-from=\"2026-02-01\"\n    data-to=\"2026-06-03\" \n    data-goals=\"false\"\n    data-assists=\"true\"\n    data-show-badges=\"true\"\n    data-order=\"desc\"\n    data-timezone=\"Europe\/Paris\"\n    data-omit-errors=\"false\"\n    data-use-default-css=\"true\"\n    data-lang=\"fr\">\n<\/div>\n\n\n\n<div style=\"height:40px\" aria-hidden=\"true\" class=\"wp-block-spacer\"><\/div>\n\n\n\n<hr class=\"wp-block-separator has-alpha-channel-opacity\"\/>\n\n\n\n<h2 class=\"wp-block-heading\" id=\"buteur\">Meilleurs buteurs de la comp\u00e9tition 25\/26<\/h2>\n\n\n\n<!-- Load jQuery -->\n<script src=\"\/\/code.jquery.com\/jquery-2.1.4.min.js\"><\/script>\n\n<!-- Load Stats FC Top Scorers SDK -->\n<script>(function(d, s, id) {\n    var js, fjs = d.getElementsByTagName(s)[0];\n    if (d.getElementById(id)) return;\n    js = d.createElement(s); js.id = id;\n    js.src = \"https:\/\/cdn.statsfc.com\/js\/top-scorers.js\";\n    fjs.parentNode.insertBefore(js, fjs);\n}(document, \"script\", \"statsfc-top-scorers-js\"));<\/script>\n\n<!-- Your top scorers here -->\n<div class=\"statsfc-top-scorers\"\n    data-key=\"qHdiP_fzKLURC_gyZ2iGCqcvpRq5b5R5e3KMerKK\"\n    data-competition=\"UCL\"\n    data-season=\"2024\/2025\"\n    data-show-badges=\"true\"\n    data-omit-errors=\"false\"\n    data-use-default-css=\"true\"\n    data-lang=\"fr\">\n<\/div>\n\n\n\n<div style=\"height:40px\" aria-hidden=\"true\" class=\"wp-block-spacer\"><\/div>\n\n\n\n<hr class=\"wp-block-separator has-alpha-channel-opacity\"\/>\n\n\n\n<h2 class=\"wp-block-heading\" id=\"passeur\">Meilleurs passeurs de la comp\u00e9tition 25\/26<\/h2>\n\n\n\n<!-- Load jQuery -->\n<script src=\"\/\/code.jquery.com\/jquery-2.1.4.min.js\"><\/script>\n\n<!-- Load Stats FC Top Assisters SDK -->\n<script>(function(d, s, id) {\n    var js, fjs = d.getElementsByTagName(s)[0];\n    if (d.getElementById(id)) return;\n    js = d.createElement(s); js.id = id;\n    js.src = \"https:\/\/cdn.statsfc.com\/js\/top-assisters.js\";\n    fjs.parentNode.insertBefore(js, fjs);\n}(document, \"script\", \"statsfc-top-assisters-js\"));<\/script>\n\n<!-- Your top assisters here -->\n<div class=\"statsfc-top-assisters\"\n    data-key=\"qHdiP_fzKLURC_gyZ2iGCqcvpRq5b5R5e3KMerKK\"\n    data-competition=\"UCL\"\n    data-season=\"2025\/2026\"\n    data-show-badges=\"true\"\n    data-omit-errors=\"false\"\n    data-use-default-css=\"true\"\n    data-lang=\"fr\">\n<\/div>\n\n\n\n<div style=\"height:40px\" aria-hidden=\"true\" class=\"wp-block-spacer\"><\/div>\n\n\n\n<hr class=\"wp-block-separator has-alpha-channel-opacity\"\/>\n\n\n\n<h2 class=\"wp-block-heading\" id=\"stade\">Stade de la Finale 2026<\/h2>\n\n\n\n<div class=\"wp-block-media-text is-stacked-on-mobile\"><figure class=\"wp-block-media-text__media\"><img loading=\"lazy\" decoding=\"async\" width=\"1024\" height=\"760\" src=\"https:\/\/www.topicfoot.fr\/wp-content\/uploads\/2025\/09\/la-Puskas-Arena-de-Budapest-1024x760.webp\" alt=\"\" class=\"wp-image-15949 size-full\" srcset=\"https:\/\/www.topicfoot.fr\/wp-content\/uploads\/2025\/09\/la-Puskas-Arena-de-Budapest-1024x760.webp 1024w, https:\/\/www.topicfoot.fr\/wp-content\/uploads\/2025\/09\/la-Puskas-Arena-de-Budapest-300x223.webp 300w, https:\/\/www.topicfoot.fr\/wp-content\/uploads\/2025\/09\/la-Puskas-Arena-de-Budapest-768x570.webp 768w, https:\/\/www.topicfoot.fr\/wp-content\/uploads\/2025\/09\/la-Puskas-Arena-de-Budapest-1536x1140.webp 1536w, https:\/\/www.topicfoot.fr\/wp-content\/uploads\/2025\/09\/la-Puskas-Arena-de-Budapest-80x60.webp 80w, https:\/\/www.topicfoot.fr\/wp-content\/uploads\/2025\/09\/la-Puskas-Arena-de-Budapest.webp 1918w\" sizes=\"auto, (max-width: 1024px) 100vw, 1024px\" \/><\/figure><div class=\"wp-block-media-text__content\">\n<h2 class=\"wp-block-heading\">Stade de la Pusk\u00e1s Ar\u00e9na de Budapest<\/h2>\n\n\n\n<p>4\u00e8me Cat\u00e9gorie<br><strong>Nombre de places : <\/strong>67.215<br><strong>Pelouse :<\/strong> Naturelle<br><strong>Lieu :<\/strong> \u00e0 Budapest<br><strong>Club r\u00e9sident :<\/strong> \u00c9quipe de Hongrie de football<\/p>\n<\/div><\/div>\n\n\n\n<p>Le 30 mai 2026, le monde du football aura les yeux riv\u00e9s sur la Pusk\u00e1s Ar\u00e9na de Budapest qui accueillera la finale de la Ligue des Champions 2026. <\/p>\n\n\n\n<div style=\"height:40px\" aria-hidden=\"true\" class=\"wp-block-spacer\"><\/div>\n\n\n\n<hr class=\"wp-block-separator has-alpha-channel-opacity\"\/>\n\n\n\n<h2 class=\"wp-block-heading\" id=\"competitionucl\">Informations sur la comp\u00e9tition<\/h2>\n<\/div>\n<\/div>\n\n\n\n<div class=\"wp-block-columns is-layout-flex wp-container-core-columns-is-layout-9d6595d7 wp-block-columns-is-layout-flex\">\n<div class=\"wp-block-column is-layout-flow wp-block-column-is-layout-flow\" style=\"flex-basis:33.33%\">\n<p id=\"competitionucl\"><strong><kbd>INFORMATIONS<\/kbd><\/strong><br>Fond\u00e9 en 1955<strong><br><a href=\"https:\/\/www.uefa.com\/uefachampionsleague\/\" target=\"_blank\" rel=\"noreferrer noopener\">Site internet Officiel <\/a><\/strong><br>Comp\u00e9tition interclubs<br>annuelle<br><\/p>\n<\/div>\n\n\n\n<div class=\"wp-block-column is-layout-flow wp-block-column-is-layout-flow\" style=\"flex-basis:66.66%\">\n<p><strong><kbd>PALMARES<\/kbd><\/strong><br>Tenant du titre <strong><a href=\"https:\/\/www.topicfoot.fr\/index.php\/calendrier-paris-saint-germain\/\">PSG<\/a><\/strong><br>Plus titr\u00e9 <strong>Real Madrid<\/strong> (15)<br>Meilleur buteur <strong>Cristiano Ronaldo<\/strong> (141)<br>Meilleur passeur <strong>Cristiano Ronaldo<\/strong> (42)<br>Plus d&rsquo;apparitions <strong>Cristiano Ronaldo<\/strong> (187)<br><\/p>\n<\/div>\n<\/div>\n","protected":false},"excerpt":{"rendered":"<div class=\"mh-excerpt\">Retrouvez toute l&rsquo;actualit\u00e9, les matchs, les poules,  le classement et les infos concernant la Ligue des Champions sur TopicFoot.fr<\/div>\n<p> <a class=\"mh-excerpt-more\" href=\"https:\/\/www.topicfoot.fr\/index.php\/champions-league\/\" title=\"Ligue des Champions : Phase Finale\">[&#8230;]<\/a><\/p>\n","protected":false},"author":1,"featured_media":776,"parent":0,"menu_order":0,"comment_status":"closed","ping_status":"closed","template":"template-full.php","meta":{"footnotes":""},"folder":[12],"class_list":["post-422","page","type-page","status-publish","has-post-thumbnail"],"yoast_head":"<!-- This site is optimized with the Yoast SEO plugin v27.4 - https:\/\/yoast.com\/product\/yoast-seo-wordpress\/ -->\n<title>Ligue des Champions : Phase Finale - Actu, R\u00e9sultats &amp; les infos<\/title>\n<meta name=\"description\" content=\"Ligue des Champions Phase Finale : les matchs, les scores,les poules, le classement et les infos sur TopicFoot.fr\" \/>\n<meta name=\"robots\" content=\"index, follow, max-snippet:-1, max-image-preview:large, max-video-preview:-1\" \/>\n<link rel=\"canonical\" href=\"https:\/\/www.topicfoot.fr\/index.php\/champions-league\/\" \/>\n<meta property=\"og:locale\" content=\"fr_FR\" \/>\n<meta property=\"og:type\" content=\"article\" \/>\n<meta property=\"og:title\" content=\"Ligue des Champions : Phase Finale - Actu, R\u00e9sultats &amp; les infos\" \/>\n<meta property=\"og:description\" content=\"Ligue des Champions Phase Finale : les matchs, les scores,les poules, le classement et les infos sur TopicFoot.fr\" \/>\n<meta property=\"og:url\" content=\"https:\/\/www.topicfoot.fr\/index.php\/champions-league\/\" \/>\n<meta property=\"og:site_name\" content=\"Topic Foot\" \/>\n<meta property=\"article:publisher\" content=\"https:\/\/www.facebook.com\/topicfoot.fr\" \/>\n<meta property=\"article:modified_time\" content=\"2025-09-09T22:50:50+00:00\" \/>\n<meta property=\"og:image\" content=\"https:\/\/www.topicfoot.fr\/wp-content\/uploads\/2023\/06\/LogoChampions_League-topicfoot.png\" \/>\n\t<meta property=\"og:image:width\" content=\"332\" \/>\n\t<meta property=\"og:image:height\" content=\"315\" \/>\n\t<meta property=\"og:image:type\" content=\"image\/png\" \/>\n<meta name=\"twitter:card\" content=\"summary_large_image\" \/>\n<meta name=\"twitter:label1\" content=\"Dur\u00e9e de lecture estim\u00e9e\" \/>\n\t<meta name=\"twitter:data1\" content=\"2 minutes\" \/>\n<script type=\"application\/ld+json\" class=\"yoast-schema-graph\">{\"@context\":\"https:\\\/\\\/schema.org\",\"@graph\":[{\"@type\":\"WebPage\",\"@id\":\"https:\\\/\\\/www.topicfoot.fr\\\/index.php\\\/champions-league\\\/\",\"url\":\"https:\\\/\\\/www.topicfoot.fr\\\/index.php\\\/champions-league\\\/\",\"name\":\"Ligue des Champions : Phase Finale - Actu, R\u00e9sultats & les infos\",\"isPartOf\":{\"@id\":\"https:\\\/\\\/www.topicfoot.fr\\\/#website\"},\"primaryImageOfPage\":{\"@id\":\"https:\\\/\\\/www.topicfoot.fr\\\/index.php\\\/champions-league\\\/#primaryimage\"},\"image\":{\"@id\":\"https:\\\/\\\/www.topicfoot.fr\\\/index.php\\\/champions-league\\\/#primaryimage\"},\"thumbnailUrl\":\"https:\\\/\\\/www.topicfoot.fr\\\/wp-content\\\/uploads\\\/2023\\\/06\\\/LogoChampions_League-topicfoot.png\",\"datePublished\":\"2023-05-31T18:52:38+00:00\",\"dateModified\":\"2025-09-09T22:50:50+00:00\",\"description\":\"Ligue des Champions Phase Finale : les matchs, les scores,les poules, le classement et les infos sur TopicFoot.fr\",\"breadcrumb\":{\"@id\":\"https:\\\/\\\/www.topicfoot.fr\\\/index.php\\\/champions-league\\\/#breadcrumb\"},\"inLanguage\":\"fr-FR\",\"potentialAction\":[{\"@type\":\"ReadAction\",\"target\":[\"https:\\\/\\\/www.topicfoot.fr\\\/index.php\\\/champions-league\\\/\"]}]},{\"@type\":\"ImageObject\",\"inLanguage\":\"fr-FR\",\"@id\":\"https:\\\/\\\/www.topicfoot.fr\\\/index.php\\\/champions-league\\\/#primaryimage\",\"url\":\"https:\\\/\\\/www.topicfoot.fr\\\/wp-content\\\/uploads\\\/2023\\\/06\\\/LogoChampions_League-topicfoot.png\",\"contentUrl\":\"https:\\\/\\\/www.topicfoot.fr\\\/wp-content\\\/uploads\\\/2023\\\/06\\\/LogoChampions_League-topicfoot.png\",\"width\":332,\"height\":315,\"caption\":\"logo Uefa champions league topic foot\"},{\"@type\":\"BreadcrumbList\",\"@id\":\"https:\\\/\\\/www.topicfoot.fr\\\/index.php\\\/champions-league\\\/#breadcrumb\",\"itemListElement\":[{\"@type\":\"ListItem\",\"position\":1,\"name\":\"Accueil\",\"item\":\"https:\\\/\\\/www.topicfoot.fr\\\/\"},{\"@type\":\"ListItem\",\"position\":2,\"name\":\"Ligue des Champions : Phase Finale\"}]},{\"@type\":\"WebSite\",\"@id\":\"https:\\\/\\\/www.topicfoot.fr\\\/#website\",\"url\":\"https:\\\/\\\/www.topicfoot.fr\\\/\",\"name\":\"Topic Foot\",\"description\":\"Tous l&#039;univers du Foot !\",\"publisher\":{\"@id\":\"https:\\\/\\\/www.topicfoot.fr\\\/#organization\"},\"potentialAction\":[{\"@type\":\"SearchAction\",\"target\":{\"@type\":\"EntryPoint\",\"urlTemplate\":\"https:\\\/\\\/www.topicfoot.fr\\\/?s={search_term_string}\"},\"query-input\":{\"@type\":\"PropertyValueSpecification\",\"valueRequired\":true,\"valueName\":\"search_term_string\"}}],\"inLanguage\":\"fr-FR\"},{\"@type\":\"Organization\",\"@id\":\"https:\\\/\\\/www.topicfoot.fr\\\/#organization\",\"name\":\"Topic Foot\",\"url\":\"https:\\\/\\\/www.topicfoot.fr\\\/\",\"logo\":{\"@type\":\"ImageObject\",\"inLanguage\":\"fr-FR\",\"@id\":\"https:\\\/\\\/www.topicfoot.fr\\\/#\\\/schema\\\/logo\\\/image\\\/\",\"url\":\"https:\\\/\\\/www.topicfoot.fr\\\/wp-content\\\/uploads\\\/2024\\\/04\\\/cropped-logo-topicfoot-new.jpg\",\"contentUrl\":\"https:\\\/\\\/www.topicfoot.fr\\\/wp-content\\\/uploads\\\/2024\\\/04\\\/cropped-logo-topicfoot-new.jpg\",\"width\":512,\"height\":512,\"caption\":\"Topic Foot\"},\"image\":{\"@id\":\"https:\\\/\\\/www.topicfoot.fr\\\/#\\\/schema\\\/logo\\\/image\\\/\"},\"sameAs\":[\"https:\\\/\\\/www.facebook.com\\\/topicfoot.fr\"]}]}<\/script>\n<!-- \/ Yoast SEO plugin. -->","yoast_head_json":{"title":"Ligue des Champions : Phase Finale - Actu, R\u00e9sultats & les infos","description":"Ligue des Champions Phase Finale : les matchs, les scores,les poules, le classement et les infos sur TopicFoot.fr","robots":{"index":"index","follow":"follow","max-snippet":"max-snippet:-1","max-image-preview":"max-image-preview:large","max-video-preview":"max-video-preview:-1"},"canonical":"https:\/\/www.topicfoot.fr\/index.php\/champions-league\/","og_locale":"fr_FR","og_type":"article","og_title":"Ligue des Champions : Phase Finale - Actu, R\u00e9sultats & les infos","og_description":"Ligue des Champions Phase Finale : les matchs, les scores,les poules, le classement et les infos sur TopicFoot.fr","og_url":"https:\/\/www.topicfoot.fr\/index.php\/champions-league\/","og_site_name":"Topic Foot","article_publisher":"https:\/\/www.facebook.com\/topicfoot.fr","article_modified_time":"2025-09-09T22:50:50+00:00","og_image":[{"width":332,"height":315,"url":"https:\/\/www.topicfoot.fr\/wp-content\/uploads\/2023\/06\/LogoChampions_League-topicfoot.png","type":"image\/png"}],"twitter_card":"summary_large_image","twitter_misc":{"Dur\u00e9e de lecture estim\u00e9e":"2 minutes"},"schema":{"@context":"https:\/\/schema.org","@graph":[{"@type":"WebPage","@id":"https:\/\/www.topicfoot.fr\/index.php\/champions-league\/","url":"https:\/\/www.topicfoot.fr\/index.php\/champions-league\/","name":"Ligue des Champions : Phase Finale - Actu, R\u00e9sultats & les infos","isPartOf":{"@id":"https:\/\/www.topicfoot.fr\/#website"},"primaryImageOfPage":{"@id":"https:\/\/www.topicfoot.fr\/index.php\/champions-league\/#primaryimage"},"image":{"@id":"https:\/\/www.topicfoot.fr\/index.php\/champions-league\/#primaryimage"},"thumbnailUrl":"https:\/\/www.topicfoot.fr\/wp-content\/uploads\/2023\/06\/LogoChampions_League-topicfoot.png","datePublished":"2023-05-31T18:52:38+00:00","dateModified":"2025-09-09T22:50:50+00:00","description":"Ligue des Champions Phase Finale : les matchs, les scores,les poules, le classement et les infos sur TopicFoot.fr","breadcrumb":{"@id":"https:\/\/www.topicfoot.fr\/index.php\/champions-league\/#breadcrumb"},"inLanguage":"fr-FR","potentialAction":[{"@type":"ReadAction","target":["https:\/\/www.topicfoot.fr\/index.php\/champions-league\/"]}]},{"@type":"ImageObject","inLanguage":"fr-FR","@id":"https:\/\/www.topicfoot.fr\/index.php\/champions-league\/#primaryimage","url":"https:\/\/www.topicfoot.fr\/wp-content\/uploads\/2023\/06\/LogoChampions_League-topicfoot.png","contentUrl":"https:\/\/www.topicfoot.fr\/wp-content\/uploads\/2023\/06\/LogoChampions_League-topicfoot.png","width":332,"height":315,"caption":"logo Uefa champions league topic foot"},{"@type":"BreadcrumbList","@id":"https:\/\/www.topicfoot.fr\/index.php\/champions-league\/#breadcrumb","itemListElement":[{"@type":"ListItem","position":1,"name":"Accueil","item":"https:\/\/www.topicfoot.fr\/"},{"@type":"ListItem","position":2,"name":"Ligue des Champions : Phase Finale"}]},{"@type":"WebSite","@id":"https:\/\/www.topicfoot.fr\/#website","url":"https:\/\/www.topicfoot.fr\/","name":"Topic Foot","description":"Tous l&#039;univers du Foot !","publisher":{"@id":"https:\/\/www.topicfoot.fr\/#organization"},"potentialAction":[{"@type":"SearchAction","target":{"@type":"EntryPoint","urlTemplate":"https:\/\/www.topicfoot.fr\/?s={search_term_string}"},"query-input":{"@type":"PropertyValueSpecification","valueRequired":true,"valueName":"search_term_string"}}],"inLanguage":"fr-FR"},{"@type":"Organization","@id":"https:\/\/www.topicfoot.fr\/#organization","name":"Topic Foot","url":"https:\/\/www.topicfoot.fr\/","logo":{"@type":"ImageObject","inLanguage":"fr-FR","@id":"https:\/\/www.topicfoot.fr\/#\/schema\/logo\/image\/","url":"https:\/\/www.topicfoot.fr\/wp-content\/uploads\/2024\/04\/cropped-logo-topicfoot-new.jpg","contentUrl":"https:\/\/www.topicfoot.fr\/wp-content\/uploads\/2024\/04\/cropped-logo-topicfoot-new.jpg","width":512,"height":512,"caption":"Topic Foot"},"image":{"@id":"https:\/\/www.topicfoot.fr\/#\/schema\/logo\/image\/"},"sameAs":["https:\/\/www.facebook.com\/topicfoot.fr"]}]}},"_links":{"self":[{"href":"https:\/\/www.topicfoot.fr\/index.php\/wp-json\/wp\/v2\/pages\/422","targetHints":{"allow":["GET"]}}],"collection":[{"href":"https:\/\/www.topicfoot.fr\/index.php\/wp-json\/wp\/v2\/pages"}],"about":[{"href":"https:\/\/www.topicfoot.fr\/index.php\/wp-json\/wp\/v2\/types\/page"}],"author":[{"embeddable":true,"href":"https:\/\/www.topicfoot.fr\/index.php\/wp-json\/wp\/v2\/users\/1"}],"replies":[{"embeddable":true,"href":"https:\/\/www.topicfoot.fr\/index.php\/wp-json\/wp\/v2\/comments?post=422"}],"version-history":[{"count":0,"href":"https:\/\/www.topicfoot.fr\/index.php\/wp-json\/wp\/v2\/pages\/422\/revisions"}],"wp:featuredmedia":[{"embeddable":true,"href":"https:\/\/www.topicfoot.fr\/index.php\/wp-json\/wp\/v2\/media\/776"}],"wp:attachment":[{"href":"https:\/\/www.topicfoot.fr\/index.php\/wp-json\/wp\/v2\/media?parent=422"}],"wp:term":[{"taxonomy":"folder","embeddable":true,"href":"https:\/\/www.topicfoot.fr\/index.php\/wp-json\/wp\/v2\/folder?post=422"}],"curies":[{"name":"wp","href":"https:\/\/api.w.org\/{rel}","templated":true}]}}