{"id":45,"date":"2023-05-25T12:47:32","date_gmt":"2023-05-25T10:47:32","guid":{"rendered":"https:\/\/www.topicfoot.fr\/?page_id=45"},"modified":"2024-04-07T11:35:59","modified_gmt":"2024-04-07T09:35:59","slug":"actu-foot","status":"publish","type":"page","link":"https:\/\/www.topicfoot.fr\/index.php\/actu-foot\/","title":{"rendered":"Actu Foot"},"content":{"rendered":"\n<h1 class=\"wp-block-heading has-text-align-center\">Toute l&rsquo;actualit\u00e9 de la plan\u00e8te Football<\/h1>\n\n\n\n<div style=\"height:40px\" aria-hidden=\"true\" class=\"wp-block-spacer\"><\/div>\n\n\n<p>[tiktok-feed id=\u00a0\u00bb50&Prime;]<\/p>\n\n\n\n<div style=\"height:40px\" aria-hidden=\"true\" class=\"wp-block-spacer\"><\/div>\n\n\n<div class=\"ditty ditty--pre\" data-id=\"4378\" data-uniqid=\"ditty-69f556d89b367\"><\/div>\n\n\n\n<div style=\"height:40px\" aria-hidden=\"true\" class=\"wp-block-spacer\"><\/div>\n\n\n<p>[tiktok-feed id=\u00a0\u00bb52&Prime;]<\/p>\n\n\n\n<hr class=\"wp-block-separator has-alpha-channel-opacity\"\/>\n\n\n\n<div class=\"wp-block-media-text alignwide is-stacked-on-mobile has-white-background-color has-background\" style=\"grid-template-columns:26% auto\"><figure class=\"wp-block-media-text__media\"><img loading=\"lazy\" decoding=\"async\" width=\"512\" height=\"512\" src=\"https:\/\/www.topicfoot.fr\/wp-content\/uploads\/2024\/04\/cropped-logo-topicfoot-new.jpg\" alt=\"\" class=\"wp-image-7063 size-full\" srcset=\"https:\/\/www.topicfoot.fr\/wp-content\/uploads\/2024\/04\/cropped-logo-topicfoot-new.jpg 512w, https:\/\/www.topicfoot.fr\/wp-content\/uploads\/2024\/04\/cropped-logo-topicfoot-new-300x300.jpg 300w, https:\/\/www.topicfoot.fr\/wp-content\/uploads\/2024\/04\/cropped-logo-topicfoot-new-150x150.jpg 150w, https:\/\/www.topicfoot.fr\/wp-content\/uploads\/2024\/04\/cropped-logo-topicfoot-new-270x270.jpg 270w, https:\/\/www.topicfoot.fr\/wp-content\/uploads\/2024\/04\/cropped-logo-topicfoot-new-192x192.jpg 192w, https:\/\/www.topicfoot.fr\/wp-content\/uploads\/2024\/04\/cropped-logo-topicfoot-new-180x180.jpg 180w, https:\/\/www.topicfoot.fr\/wp-content\/uploads\/2024\/04\/cropped-logo-topicfoot-new-32x32.jpg 32w\" sizes=\"auto, (max-width: 512px) 100vw, 512px\" \/><\/figure><div class=\"wp-block-media-text__content\">\n<p><strong>TopicFoot.fr<\/strong> est une plateforme de liens qui rassemble les informations dont vous avez besoin pour rester \u00e0 la page sur les <strong><em>sujets du Foot<\/em><\/strong>. Nous s\u00e9lectionnons pour vous les derni\u00e8res informations \u00e0 ne pas louper.<\/p>\n\n\n\n<p>Retrouvez sur un m\u00eame site, l&rsquo;actualit\u00e9 de <strong><em>l&rsquo;ensemble des sp\u00e9cialistes<\/em><\/strong> en la mati\u00e8re : <strong><em>Onze mondial, RMC Sport, L\u2019Equipe, Daily sport, But footballClub, Made in foot, FFF, League 1 Uber Eats. Mais aussi la presse locale : La Provence, Ouest-France&#8230;<\/em><\/strong><\/p>\n\n\n\n<p>Retrouvez aussi <strong><a href=\"https:\/\/www.topicfoot.fr\/index.php\/nos-articles\/\">tous nos dossiers<\/a><\/strong> pour comprendre le monde du football : statistiques, r\u00e9glementation, arbitrage, droits TV, budget des clubs, data, technique de jeu&#8230;. Nous travaillons avec l&rsquo;intelligence artificielle afin de mieux vous informer.<\/p>\n\n\n\n<p><strong><em>Actualit\u00e9, Transferts, infos des clubs, staff,  classements, r\u00e9sultats,<\/em><\/strong> <a href=\"https:\/\/www.topicfoot.fr\/index.php\/ligue-1-france\/\">Ligue 1 Uber Eats<\/a>, <a href=\"https:\/\/www.topicfoot.fr\/index.php\/premier-league\/\">Premier League<\/a>, <a href=\"https:\/\/www.topicfoot.fr\/index.php\/bundesliga\/\">Bundesliga<\/a>, <a href=\"https:\/\/www.topicfoot.fr\/index.php\/liga\/\">Liga<\/a>, <a href=\"https:\/\/www.topicfoot.fr\/index.php\/serie-a\/\">S\u00e9rie A<\/a>\u2026 Retrouvez l&rsquo;ensemble des principales comp\u00e9titions ainsi que les clubs de <strong><em>ligue 1 en d\u00e9tails<\/em><\/strong>.<\/p>\n<\/div><\/div>\n\n\n\n<hr class=\"wp-block-separator has-alpha-channel-opacity\"\/>\n\n\n\n<div style=\"height:40px\" aria-hidden=\"true\" class=\"wp-block-spacer\"><\/div>\n\n\n<p>[tiktok-feed id=\u00a0\u00bb51&Prime;]<\/p>\n\n\n\n<div style=\"height:40px\" aria-hidden=\"true\" class=\"wp-block-spacer\"><\/div>\n\n\n<div class=\"ditty ditty--pre\" data-id=\"4379\" data-uniqid=\"ditty-69f556d89b845\"><\/div>\n\n\n\n<div style=\"height:40px\" aria-hidden=\"true\" class=\"wp-block-spacer\"><\/div>\n\n\n\n<hr class=\"wp-block-separator has-alpha-channel-opacity\"\/>\n\n\n\n<script async src=\"https:\/\/pagead2.googlesyndication.com\/pagead\/js\/adsbygoogle.js?client=ca-pub-1799089702964129\"\n     crossorigin=\"anonymous\"><\/script>\n","protected":false},"excerpt":{"rendered":"<div class=\"mh-excerpt\">Toute l&rsquo;actualit\u00e9 de la plan\u00e8te Football TopicFoot.fr est une plateforme de liens qui rassemble les informations dont vous avez besoin pour rester \u00e0 la page sur les sujets du Foot. Nous s\u00e9lectionnons pour vous les <a class=\"mh-excerpt-more\" href=\"https:\/\/www.topicfoot.fr\/index.php\/actu-foot\/\" title=\"Actu Foot\">[&#8230;]<\/a><\/div>\n","protected":false},"author":1,"featured_media":0,"parent":0,"menu_order":0,"comment_status":"closed","ping_status":"closed","template":"template-full.php","meta":{"footnotes":""},"folder":[15],"class_list":["post-45","page","type-page","status-publish"],"yoast_head":"<!-- This site is optimized with the Yoast SEO plugin v27.4 - https:\/\/yoast.com\/product\/yoast-seo-wordpress\/ -->\n<title>Topic Foot<\/title>\n<meta name=\"description\" content=\"TopicFoot actufoot : Retrouvez toute l&#039;actualit\u00e9, le mercato, les r\u00e9sultats et les infos concernant la plan\u00e8te Football. topicfoot.fr\" \/>\n<meta name=\"robots\" content=\"index, follow, max-snippet:-1, max-image-preview:large, max-video-preview:-1\" \/>\n<link rel=\"canonical\" href=\"https:\/\/www.topicfoot.fr\/index.php\/actu-foot\/\" \/>\n<meta property=\"og:locale\" content=\"fr_FR\" \/>\n<meta property=\"og:type\" content=\"article\" \/>\n<meta property=\"og:title\" content=\"Topic Foot\" \/>\n<meta property=\"og:description\" content=\"TopicFoot actufoot : Retrouvez toute l&#039;actualit\u00e9, le mercato, les r\u00e9sultats et les infos concernant la plan\u00e8te Football. topicfoot.fr\" \/>\n<meta property=\"og:url\" content=\"https:\/\/www.topicfoot.fr\/index.php\/actu-foot\/\" \/>\n<meta property=\"og:site_name\" content=\"Topic Foot\" \/>\n<meta property=\"article:publisher\" content=\"https:\/\/www.facebook.com\/topicfoot.fr\" \/>\n<meta property=\"article:modified_time\" content=\"2024-04-07T09:35:59+00:00\" \/>\n<meta property=\"og:image\" content=\"https:\/\/www.topicfoot.fr\/wp-content\/uploads\/2023\/11\/topic-foot-actualite.png\" \/>\n\t<meta property=\"og:image:width\" content=\"600\" \/>\n\t<meta property=\"og:image:height\" content=\"600\" \/>\n\t<meta property=\"og:image:type\" content=\"image\/png\" \/>\n<meta name=\"twitter:card\" content=\"summary_large_image\" \/>\n<meta name=\"twitter:label1\" content=\"Dur\u00e9e de lecture estim\u00e9e\" \/>\n\t<meta name=\"twitter:data1\" content=\"2 minutes\" \/>\n<script type=\"application\/ld+json\" class=\"yoast-schema-graph\">{\"@context\":\"https:\\\/\\\/schema.org\",\"@graph\":[{\"@type\":\"WebPage\",\"@id\":\"https:\\\/\\\/www.topicfoot.fr\\\/index.php\\\/actu-foot\\\/\",\"url\":\"https:\\\/\\\/www.topicfoot.fr\\\/index.php\\\/actu-foot\\\/\",\"name\":\"Topic Foot\",\"isPartOf\":{\"@id\":\"https:\\\/\\\/www.topicfoot.fr\\\/#website\"},\"primaryImageOfPage\":{\"@id\":\"https:\\\/\\\/www.topicfoot.fr\\\/index.php\\\/actu-foot\\\/#primaryimage\"},\"image\":{\"@id\":\"https:\\\/\\\/www.topicfoot.fr\\\/index.php\\\/actu-foot\\\/#primaryimage\"},\"thumbnailUrl\":\"https:\\\/\\\/www.topicfoot.fr\\\/wp-content\\\/uploads\\\/2024\\\/04\\\/cropped-logo-topicfoot-new.jpg\",\"datePublished\":\"2023-05-25T10:47:32+00:00\",\"dateModified\":\"2024-04-07T09:35:59+00:00\",\"description\":\"TopicFoot actufoot : Retrouvez toute l'actualit\u00e9, le mercato, les r\u00e9sultats et les infos concernant la plan\u00e8te Football. topicfoot.fr\",\"breadcrumb\":{\"@id\":\"https:\\\/\\\/www.topicfoot.fr\\\/index.php\\\/actu-foot\\\/#breadcrumb\"},\"inLanguage\":\"fr-FR\",\"potentialAction\":[{\"@type\":\"ReadAction\",\"target\":[\"https:\\\/\\\/www.topicfoot.fr\\\/index.php\\\/actu-foot\\\/\"]}]},{\"@type\":\"ImageObject\",\"inLanguage\":\"fr-FR\",\"@id\":\"https:\\\/\\\/www.topicfoot.fr\\\/index.php\\\/actu-foot\\\/#primaryimage\",\"url\":\"https:\\\/\\\/www.topicfoot.fr\\\/wp-content\\\/uploads\\\/2024\\\/04\\\/cropped-logo-topicfoot-new.jpg\",\"contentUrl\":\"https:\\\/\\\/www.topicfoot.fr\\\/wp-content\\\/uploads\\\/2024\\\/04\\\/cropped-logo-topicfoot-new.jpg\",\"width\":512,\"height\":512},{\"@type\":\"BreadcrumbList\",\"@id\":\"https:\\\/\\\/www.topicfoot.fr\\\/index.php\\\/actu-foot\\\/#breadcrumb\",\"itemListElement\":[{\"@type\":\"ListItem\",\"position\":1,\"name\":\"Accueil\",\"item\":\"https:\\\/\\\/www.topicfoot.fr\\\/\"},{\"@type\":\"ListItem\",\"position\":2,\"name\":\"Actu Foot\"}]},{\"@type\":\"WebSite\",\"@id\":\"https:\\\/\\\/www.topicfoot.fr\\\/#website\",\"url\":\"https:\\\/\\\/www.topicfoot.fr\\\/\",\"name\":\"Topic Foot\",\"description\":\"Tous l&#039;univers du Foot !\",\"publisher\":{\"@id\":\"https:\\\/\\\/www.topicfoot.fr\\\/#organization\"},\"potentialAction\":[{\"@type\":\"SearchAction\",\"target\":{\"@type\":\"EntryPoint\",\"urlTemplate\":\"https:\\\/\\\/www.topicfoot.fr\\\/?s={search_term_string}\"},\"query-input\":{\"@type\":\"PropertyValueSpecification\",\"valueRequired\":true,\"valueName\":\"search_term_string\"}}],\"inLanguage\":\"fr-FR\"},{\"@type\":\"Organization\",\"@id\":\"https:\\\/\\\/www.topicfoot.fr\\\/#organization\",\"name\":\"Topic Foot\",\"url\":\"https:\\\/\\\/www.topicfoot.fr\\\/\",\"logo\":{\"@type\":\"ImageObject\",\"inLanguage\":\"fr-FR\",\"@id\":\"https:\\\/\\\/www.topicfoot.fr\\\/#\\\/schema\\\/logo\\\/image\\\/\",\"url\":\"https:\\\/\\\/www.topicfoot.fr\\\/wp-content\\\/uploads\\\/2024\\\/04\\\/cropped-logo-topicfoot-new.jpg\",\"contentUrl\":\"https:\\\/\\\/www.topicfoot.fr\\\/wp-content\\\/uploads\\\/2024\\\/04\\\/cropped-logo-topicfoot-new.jpg\",\"width\":512,\"height\":512,\"caption\":\"Topic Foot\"},\"image\":{\"@id\":\"https:\\\/\\\/www.topicfoot.fr\\\/#\\\/schema\\\/logo\\\/image\\\/\"},\"sameAs\":[\"https:\\\/\\\/www.facebook.com\\\/topicfoot.fr\"]}]}<\/script>\n<!-- \/ Yoast SEO plugin. -->","yoast_head_json":{"title":"Topic Foot","description":"TopicFoot actufoot : Retrouvez toute l'actualit\u00e9, le mercato, les r\u00e9sultats et les infos concernant la plan\u00e8te Football. topicfoot.fr","robots":{"index":"index","follow":"follow","max-snippet":"max-snippet:-1","max-image-preview":"max-image-preview:large","max-video-preview":"max-video-preview:-1"},"canonical":"https:\/\/www.topicfoot.fr\/index.php\/actu-foot\/","og_locale":"fr_FR","og_type":"article","og_title":"Topic Foot","og_description":"TopicFoot actufoot : Retrouvez toute l'actualit\u00e9, le mercato, les r\u00e9sultats et les infos concernant la plan\u00e8te Football. topicfoot.fr","og_url":"https:\/\/www.topicfoot.fr\/index.php\/actu-foot\/","og_site_name":"Topic Foot","article_publisher":"https:\/\/www.facebook.com\/topicfoot.fr","article_modified_time":"2024-04-07T09:35:59+00:00","og_image":[{"width":600,"height":600,"url":"https:\/\/www.topicfoot.fr\/wp-content\/uploads\/2023\/11\/topic-foot-actualite.png","type":"image\/png"}],"twitter_card":"summary_large_image","twitter_misc":{"Dur\u00e9e de lecture estim\u00e9e":"2 minutes"},"schema":{"@context":"https:\/\/schema.org","@graph":[{"@type":"WebPage","@id":"https:\/\/www.topicfoot.fr\/index.php\/actu-foot\/","url":"https:\/\/www.topicfoot.fr\/index.php\/actu-foot\/","name":"Topic Foot","isPartOf":{"@id":"https:\/\/www.topicfoot.fr\/#website"},"primaryImageOfPage":{"@id":"https:\/\/www.topicfoot.fr\/index.php\/actu-foot\/#primaryimage"},"image":{"@id":"https:\/\/www.topicfoot.fr\/index.php\/actu-foot\/#primaryimage"},"thumbnailUrl":"https:\/\/www.topicfoot.fr\/wp-content\/uploads\/2024\/04\/cropped-logo-topicfoot-new.jpg","datePublished":"2023-05-25T10:47:32+00:00","dateModified":"2024-04-07T09:35:59+00:00","description":"TopicFoot actufoot : Retrouvez toute l'actualit\u00e9, le mercato, les r\u00e9sultats et les infos concernant la plan\u00e8te Football. topicfoot.fr","breadcrumb":{"@id":"https:\/\/www.topicfoot.fr\/index.php\/actu-foot\/#breadcrumb"},"inLanguage":"fr-FR","potentialAction":[{"@type":"ReadAction","target":["https:\/\/www.topicfoot.fr\/index.php\/actu-foot\/"]}]},{"@type":"ImageObject","inLanguage":"fr-FR","@id":"https:\/\/www.topicfoot.fr\/index.php\/actu-foot\/#primaryimage","url":"https:\/\/www.topicfoot.fr\/wp-content\/uploads\/2024\/04\/cropped-logo-topicfoot-new.jpg","contentUrl":"https:\/\/www.topicfoot.fr\/wp-content\/uploads\/2024\/04\/cropped-logo-topicfoot-new.jpg","width":512,"height":512},{"@type":"BreadcrumbList","@id":"https:\/\/www.topicfoot.fr\/index.php\/actu-foot\/#breadcrumb","itemListElement":[{"@type":"ListItem","position":1,"name":"Accueil","item":"https:\/\/www.topicfoot.fr\/"},{"@type":"ListItem","position":2,"name":"Actu Foot"}]},{"@type":"WebSite","@id":"https:\/\/www.topicfoot.fr\/#website","url":"https:\/\/www.topicfoot.fr\/","name":"Topic Foot","description":"Tous l&#039;univers du Foot !","publisher":{"@id":"https:\/\/www.topicfoot.fr\/#organization"},"potentialAction":[{"@type":"SearchAction","target":{"@type":"EntryPoint","urlTemplate":"https:\/\/www.topicfoot.fr\/?s={search_term_string}"},"query-input":{"@type":"PropertyValueSpecification","valueRequired":true,"valueName":"search_term_string"}}],"inLanguage":"fr-FR"},{"@type":"Organization","@id":"https:\/\/www.topicfoot.fr\/#organization","name":"Topic Foot","url":"https:\/\/www.topicfoot.fr\/","logo":{"@type":"ImageObject","inLanguage":"fr-FR","@id":"https:\/\/www.topicfoot.fr\/#\/schema\/logo\/image\/","url":"https:\/\/www.topicfoot.fr\/wp-content\/uploads\/2024\/04\/cropped-logo-topicfoot-new.jpg","contentUrl":"https:\/\/www.topicfoot.fr\/wp-content\/uploads\/2024\/04\/cropped-logo-topicfoot-new.jpg","width":512,"height":512,"caption":"Topic Foot"},"image":{"@id":"https:\/\/www.topicfoot.fr\/#\/schema\/logo\/image\/"},"sameAs":["https:\/\/www.facebook.com\/topicfoot.fr"]}]}},"_links":{"self":[{"href":"https:\/\/www.topicfoot.fr\/index.php\/wp-json\/wp\/v2\/pages\/45","targetHints":{"allow":["GET"]}}],"collection":[{"href":"https:\/\/www.topicfoot.fr\/index.php\/wp-json\/wp\/v2\/pages"}],"about":[{"href":"https:\/\/www.topicfoot.fr\/index.php\/wp-json\/wp\/v2\/types\/page"}],"author":[{"embeddable":true,"href":"https:\/\/www.topicfoot.fr\/index.php\/wp-json\/wp\/v2\/users\/1"}],"replies":[{"embeddable":true,"href":"https:\/\/www.topicfoot.fr\/index.php\/wp-json\/wp\/v2\/comments?post=45"}],"version-history":[{"count":0,"href":"https:\/\/www.topicfoot.fr\/index.php\/wp-json\/wp\/v2\/pages\/45\/revisions"}],"wp:attachment":[{"href":"https:\/\/www.topicfoot.fr\/index.php\/wp-json\/wp\/v2\/media?parent=45"}],"wp:term":[{"taxonomy":"folder","embeddable":true,"href":"https:\/\/www.topicfoot.fr\/index.php\/wp-json\/wp\/v2\/folder?post=45"}],"curies":[{"name":"wp","href":"https:\/\/api.w.org\/{rel}","templated":true}]}}