{"id":6241,"date":"2024-03-15T16:46:19","date_gmt":"2024-03-15T15:46:19","guid":{"rendered":"https:\/\/www.topicfoot.fr\/?page_id=6241"},"modified":"2025-09-10T00:38:46","modified_gmt":"2025-09-09T22:38:46","slug":"ligue-des-champions-phase-de-groupes","status":"publish","type":"page","link":"https:\/\/www.topicfoot.fr\/index.php\/ligue-des-champions-phase-de-groupes\/","title":{"rendered":"Ligue des Champions : Phase de Ligue"},"content":{"rendered":"\n<div class=\"wp-block-columns is-layout-flex wp-container-core-columns-is-layout-9d6595d7 wp-block-columns-is-layout-flex\">\n<div class=\"wp-block-column is-layout-flow wp-block-column-is-layout-flow\">\n<div class=\"wp-block-columns is-layout-flex wp-container-core-columns-is-layout-9d6595d7 wp-block-columns-is-layout-flex\">\n<div class=\"wp-block-column is-layout-flow wp-block-column-is-layout-flow\" style=\"flex-basis:100%\">\n<h1 class=\"wp-block-heading has-text-align-center\">Ligue des Champions<br>Phase de Ligue<\/h1>\n<\/div>\n<\/div>\n\n\n\n<hr class=\"wp-block-separator has-alpha-channel-opacity\"\/>\n\n\n\n<div class=\"wp-block-columns is-layout-flex wp-container-core-columns-is-layout-9d6595d7 wp-block-columns-is-layout-flex\">\n<div class=\"wp-block-column is-layout-flow wp-block-column-is-layout-flow\">\n<h2 class=\"wp-block-heading has-text-align-center\"><a href=\"https:\/\/www.topicfoot.fr\/index.php\/ligue-des-champions-barrages\/\">Phase de Qualifs<\/a><\/h2>\n<\/div>\n\n\n\n<div class=\"wp-block-column is-layout-flow wp-block-column-is-layout-flow\">\n<h2 class=\"wp-block-heading has-text-align-center\"><a href=\"https:\/\/www.topicfoot.fr\/index.php\/ligue-des-champions-phase-de-groupes\/\">La Phase de Ligue<\/a><\/h2>\n<\/div>\n\n\n\n<div class=\"wp-block-column is-layout-flow wp-block-column-is-layout-flow\">\n<h2 class=\"wp-block-heading has-text-align-center\"><a href=\"https:\/\/www.topicfoot.fr\/index.php\/champions-league\/\">Phase Finale<\/a><\/h2>\n<\/div>\n<\/div>\n\n\n\n<hr class=\"wp-block-separator has-alpha-channel-opacity\"\/>\n\n\n\n<div class=\"wp-block-columns is-layout-flex wp-container-core-columns-is-layout-9d6595d7 wp-block-columns-is-layout-flex\">\n<div class=\"wp-block-column is-layout-flow wp-block-column-is-layout-flow\"><div class=\"wp-block-image\">\n<figure class=\"aligncenter size-full is-resized\"><img loading=\"lazy\" decoding=\"async\" width=\"332\" height=\"315\" src=\"https:\/\/www.topicfoot.fr\/wp-content\/uploads\/2023\/06\/LogoChampions_League-topicfoot.png\" alt=\"logo Uefa champions league topic foot\ntirage ligue des champions \" class=\"wp-image-776\" style=\"width:166px;height:158px\" srcset=\"https:\/\/www.topicfoot.fr\/wp-content\/uploads\/2023\/06\/LogoChampions_League-topicfoot.png 332w, https:\/\/www.topicfoot.fr\/wp-content\/uploads\/2023\/06\/LogoChampions_League-topicfoot-300x285.png 300w\" sizes=\"auto, (max-width: 332px) 100vw, 332px\" \/><\/figure>\n<\/div><\/div>\n\n\n\n<div class=\"wp-block-column is-layout-flow wp-block-column-is-layout-flow\">\n<figure class=\"wp-block-table is-style-stripes\"><table><tbody><tr><td class=\"has-text-align-center\" data-align=\"center\"><strong><a href=\"#actualiteucl\">ACTUALIT\u00c9<\/a><\/strong><\/td><\/tr><tr><td class=\"has-text-align-center\" data-align=\"center\"><strong><a href=\"#dates\">DATES CL\u00c9S<\/a><\/strong><\/td><\/tr><tr><td class=\"has-text-align-center\" data-align=\"center\"><strong><a href=\"#poule\">PHASE DE LIGUE<\/a><\/strong><\/td><\/tr><tr><td class=\"has-text-align-center\" data-align=\"center\"><strong><a href=\"#classement\">CLASSEMENT<\/a><\/strong><\/td><\/tr><tr><td class=\"has-text-align-center\" data-align=\"center\"><strong><a href=\"#buteur\">MEILLEUR BUTEUR<\/a><\/strong> <\/td><\/tr><tr><td class=\"has-text-align-center\" data-align=\"center\"><strong><a href=\"#passeur\">MEILLEUR PASSEUR <\/a><\/strong> <\/td><\/tr><\/tbody><\/table><\/figure>\n<\/div>\n\n\n\n<div class=\"wp-block-column is-layout-flow wp-block-column-is-layout-flow\"><div class=\"wp-block-image\">\n<figure class=\"aligncenter size-full is-resized\"><img loading=\"lazy\" decoding=\"async\" width=\"332\" height=\"315\" src=\"https:\/\/www.topicfoot.fr\/wp-content\/uploads\/2023\/06\/LogoChampions_League-topicfoot.png\" alt=\"logo Uefa champions league topic foot\ntirage ligue des champions \" class=\"wp-image-776\" style=\"width:166px;height:158px\" srcset=\"https:\/\/www.topicfoot.fr\/wp-content\/uploads\/2023\/06\/LogoChampions_League-topicfoot.png 332w, https:\/\/www.topicfoot.fr\/wp-content\/uploads\/2023\/06\/LogoChampions_League-topicfoot-300x285.png 300w\" sizes=\"auto, (max-width: 332px) 100vw, 332px\" \/><\/figure>\n<\/div><\/div>\n<\/div>\n<\/div>\n<\/div>\n\n\n\n<div class=\"wp-block-columns is-layout-flex wp-container-core-columns-is-layout-9d6595d7 wp-block-columns-is-layout-flex\">\n<div class=\"wp-block-column is-layout-flow wp-block-column-is-layout-flow\" style=\"flex-basis:100%\">\n<hr class=\"wp-block-separator has-alpha-channel-opacity\"\/>\n\n\n\n<div style=\"height:40px\" aria-hidden=\"true\" class=\"wp-block-spacer\"><\/div>\n\n\n\n<h2 class=\"wp-block-heading\" id=\"actualiteucl\">Actualit\u00e9<\/h2>\n\n\n<div class=\"ditty ditty--pre\" data-id=\"3610\" data-uniqid=\"ditty-69d65bac38ec1\"><\/div>\n\n\n\n<div style=\"height:40px\" aria-hidden=\"true\" class=\"wp-block-spacer\"><\/div>\n\n\n\n<hr class=\"wp-block-separator has-alpha-channel-opacity\"\/>\n\n\n\n<h2 class=\"wp-block-heading\" id=\"dates\">Dates cl\u00e9s<\/h2>\n\n\n\n<p><strong>4 chapeaux de 9 \u00e9quipes.&nbsp;<\/strong>Les chapeaux sont compos\u00e9s en fonction de l\u2019indice <a href=\"https:\/\/fr.uefa.com\" target=\"_blank\" rel=\"noreferrer noopener\">UEFA<\/a> des clubs.<br>Chaque \u00e9quipe joue 8 matchs contre 8 \u00e9quipes diff\u00e9rentes.&nbsp;<br>Les 8 matchs sont compos\u00e9s de 2 matchs par chapeau. Pour chaque chapeau, 1 match \u00e0 domicile et 1 match \u00e0 l\u2019ext\u00e9rieur. Au final, durant la phase de Ligue, chaque \u00e9quipe jouera 4 matchs \u00e0 domicile et 4 matchs \u00e0 l\u2019ext\u00e9rieur. Les \u00e9quipes ne se rencontrent qu&rsquo;une seule fois. Plus de match aller\/match retour.<br><\/p>\n\n\n\n<p>Comme lors du championnat de Ligue 1,&nbsp;<br>\u2013 une victoire rapporte&nbsp;<strong>3 points,&nbsp;<\/strong><br>\u2013 un nul rapporte&nbsp;<strong>1 point,<\/strong><br>\u2013 une d\u00e9faite&nbsp;<strong>0 point.<\/strong><\/p>\n\n\n\n<p><em><strong>Tirage\u00a0au sort le 28 ao\u00fbt 202<\/strong>5 afin de d\u00e9terminer les rencontres des 36 \u00e9quipes.<\/em><\/p>\n\n\n\n<ul class=\"wp-block-list\">\n<li><strong>J 1 : <\/strong>16-17-18 septembre 2025<\/li>\n\n\n\n<li><strong>J2 : <\/strong>30 septembre-1er octobre 2025<\/li>\n\n\n\n<li><strong>J3 : <\/strong>21-22 octobre 2025<\/li>\n\n\n\n<li><strong>J4 : <\/strong>4-5 novembre 2025<\/li>\n\n\n\n<li><strong>J5 : <\/strong>25-26 novembre 2025<\/li>\n\n\n\n<li><strong>J6 : <\/strong>9-10 d\u00e9cembre 2025<\/li>\n\n\n\n<li><strong>J7 : <\/strong>20-21 janvier 2026<\/li>\n\n\n\n<li><strong>J8 : <\/strong>28 janvier 2026<br><br>Le classement final des 36 \u00e9quipes donnera les qualifications pour la suite de la comp\u00e9tition. <br>Les 8 premiers sont qualifi\u00e9s d\u2019office en huiti\u00e8mes de finale.<br><br><strong>Barrages<\/strong><br><br>Du 9e au 24e (16 \u00e9quipes) sont qualifi\u00e9s pour les barrages avec match A\/R. Les vainqueurs se qualifient pour les huiti\u00e8mes de finale avec les 8 premiers de la phase de Ligue.<br><br><strong>Tirage des barrages\u00a0: 30 janvier 2025<\/strong><\/li>\n\n\n\n<li>Matchs-aller : 17-18 f\u00e9vrier 2025<\/li>\n\n\n\n<li>Matchs-retour : 24-25 f\u00e9vrier 2025<\/li>\n<\/ul>\n\n\n\n<div style=\"height:40px\" aria-hidden=\"true\" class=\"wp-block-spacer\"><\/div>\n\n\n\n<hr class=\"wp-block-separator has-alpha-channel-opacity\"\/>\n\n\n\n<h2 class=\"wp-block-heading\" id=\"poule\">La Phase de Ligue<\/h2>\n\n\n\n<p>Du 16 septembre 2025 au 28 janvier 2026.<\/p>\n\n\n\n<h2 class=\"wp-block-heading\" id=\"prochain\">Prochains matchs<\/h2>\n\n\n\n<!-- Load jQuery -->\n<script src=\"\/\/code.jquery.com\/jquery-2.1.4.min.js\"><\/script>\n\n<!-- Load Stats FC Fixtures SDK -->\n<script>(function(d, s, id) {\n    var js, fjs = d.getElementsByTagName(s)[0];\n    if (d.getElementById(id)) return;\n    js = d.createElement(s); js.id = id;\n    js.src = \"https:\/\/cdn.statsfc.com\/js\/fixtures.js\";\n    fjs.parentNode.insertBefore(js, fjs);\n}(document, \"script\", \"statsfc-fixtures-js\"));<\/script>\n\n<!-- Your fixtures here -->\n<div class=\"statsfc-fixtures\"\n    data-key=\"qHdiP_fzKLURC_gyZ2iGCqcvpRq5b5R5e3KMerKK\"\n    data-competition=\"UCL\"\n    data-to=\"+2 weeks\"\n    data-show-badges=\"true\"\n    data-timezone=\"Europe\/Paris\"\n    data-omit-errors=\"false\"\n    data-use-default-css=\"true\"\n    data-lang=\"fr\">\n<\/div>\n\n\n\n<div style=\"height:40px\" aria-hidden=\"true\" class=\"wp-block-spacer\"><\/div>\n\n\n\n<hr class=\"wp-block-separator has-alpha-channel-opacity\"\/>\n\n\n\n<h2 class=\"wp-block-heading\" id=\"resultats\">R\u00e9sultats<\/h2>\n\n\n\n<!-- Load jQuery -->\n<script src=\"\/\/code.jquery.com\/jquery-2.1.4.min.js\"><\/script>\n\n<!-- Load Stats FC Live SDK -->\n<script>(function(d, s, id) {\n    var js, fjs = d.getElementsByTagName(s)[0];\n    if (d.getElementById(id)) return;\n    js = d.createElement(s); js.id = id;\n    js.src = \"https:\/\/cdn.statsfc.com\/js\/live.js\";\n    fjs.parentNode.insertBefore(js, fjs);\n}(document, \"script\", \"statsfc-live-js\"));<\/script>\n\n<!-- Your live here -->\n<div class=\"statsfc-live\"\n    data-key=\"qHdiP_fzKLURC_gyZ2iGCqcvpRq5b5R5e3KMerKK\"\n    data-competition=\"UCL\"\n    data-goals=\"true\"\n    data-assists=\"false\"\n    data-show-badges=\"false\"\n    data-omit-errors=\"false\"\n    data-use-default-css=\"false\"\n    data-lang=\"fr\">\n<\/div>\n\n\n\n<!-- Load jQuery -->\n<script src=\"\/\/code.jquery.com\/jquery-2.1.4.min.js\"><\/script>\n\n<!-- Load Stats FC Results SDK -->\n<script>(function(d, s, id) {\n    var js, fjs = d.getElementsByTagName(s)[0];\n    if (d.getElementById(id)) return;\n    js = d.createElement(s); js.id = id;\n    js.src = \"https:\/\/cdn.statsfc.com\/js\/results.js\";\n    fjs.parentNode.insertBefore(js, fjs);\n}(document, \"script\", \"statsfc-results-js\"));<\/script>\n\n<!-- Your Results here -->\n<div class=\"statsfc-results\"\n    data-key=\"qHdiP_fzKLURC_gyZ2iGCqcvpRq5b5R5e3KMerKK\"\n    data-competition=\"UCL\"\n    data-from=\"2025-09-02\"\n    data-from=\"2026-02-20\"\n    data-goals=\"false\"\n    data-assists=\"true\"\n    data-show-badges=\"true\"\n    data-order=\"desc\"\n    data-timezone=\"Europe\/Paris\"\n    data-omit-errors=\"true\"\n    data-use-default-css=\"true\"\n    data-lang=\"fr\">\n<\/div>\n\n\n\n<hr class=\"wp-block-separator has-alpha-channel-opacity\"\/>\n\n\n\n<h2 class=\"wp-block-heading\" id=\"classement\">Classement g\u00e9n\u00e9ral Phase de Ligue<\/h2>\n\n\n\n<!-- Load jQuery -->\n<script src=\"\/\/code.jquery.com\/jquery-2.1.4.min.js\"><\/script>\n\n<!-- Load Stats FC Table SDK -->\n<script>(function(d, s, id) {\n    var js, fjs = d.getElementsByTagName(s)[0];\n    if (d.getElementById(id)) return;\n    js = d.createElement(s); js.id = id;\n    js.src = \"https:\/\/cdn.statsfc.com\/js\/table.js\";\n    fjs.parentNode.insertBefore(js, fjs);\n}(document, \"script\", \"statsfc-table-js\"));<\/script>\n\n<!-- Your league table here -->\n<div class=\"statsfc-table\"\n    data-key=\"qHdiP_fzKLURC_gyZ2iGCqcvpRq5b5R5e3KMerKK\"\n    data-competition=\"UCL\"\n    data-season=\"2025\/2026\"\n    data-table-type=\"mini\"\n    data-show-badges=\"true\"\n    data-omit-errors=\"false\"\n    data-use-default-css=\"true\"\n    data-lang=\"fr\">\n<\/div>\n\n\n\n<div style=\"height:40px\" aria-hidden=\"true\" class=\"wp-block-spacer\"><\/div>\n\n\n\n<hr class=\"wp-block-separator has-alpha-channel-opacity\"\/>\n\n\n\n<h2 class=\"wp-block-heading\" id=\"buteur\">Meilleurs buteurs de la comp\u00e9tition 25\/26<\/h2>\n\n\n\n<!-- Load jQuery -->\n<script src=\"\/\/code.jquery.com\/jquery-2.1.4.min.js\"><\/script>\n\n<!-- Load Stats FC Top Scorers SDK -->\n<script>(function(d, s, id) {\n    var js, fjs = d.getElementsByTagName(s)[0];\n    if (d.getElementById(id)) return;\n    js = d.createElement(s); js.id = id;\n    js.src = \"https:\/\/cdn.statsfc.com\/js\/top-scorers.js\";\n    fjs.parentNode.insertBefore(js, fjs);\n}(document, \"script\", \"statsfc-top-scorers-js\"));<\/script>\n\n<!-- Your top scorers here -->\n<div class=\"statsfc-top-scorers\"\n    data-key=\"qHdiP_fzKLURC_gyZ2iGCqcvpRq5b5R5e3KMerKK\"\n    data-competition=\"UCL\"\n    data-season=\"2025\/2026\"\n    data-limit=\"10\"\n    data-show-badges=\"true\"\n    data-omit-errors=\"false\"\n    data-use-default-css=\"true\"\n    data-lang=\"fr\">\n<\/div>\n\n\n\n<div style=\"height:40px\" aria-hidden=\"true\" class=\"wp-block-spacer\"><\/div>\n\n\n\n<hr class=\"wp-block-separator has-alpha-channel-opacity\"\/>\n\n\n\n<h2 class=\"wp-block-heading\" id=\"passeur\">Meilleurs passeurs de la comp\u00e9tition 25\/26<\/h2>\n\n\n\n<!-- Load jQuery -->\n<script src=\"\/\/code.jquery.com\/jquery-2.1.4.min.js\"><\/script>\n\n<!-- Load Stats FC Top Assisters SDK -->\n<script>(function(d, s, id) {\n    var js, fjs = d.getElementsByTagName(s)[0];\n    if (d.getElementById(id)) return;\n    js = d.createElement(s); js.id = id;\n    js.src = \"https:\/\/cdn.statsfc.com\/js\/top-assisters.js\";\n    fjs.parentNode.insertBefore(js, fjs);\n}(document, \"script\", \"statsfc-top-assisters-js\"));<\/script>\n\n<!-- Your top assisters here -->\n<div class=\"statsfc-top-assisters\"\n    data-key=\"qHdiP_fzKLURC_gyZ2iGCqcvpRq5b5R5e3KMerKK\"\n    data-competition=\"UCL\"\n    data-season=\"2025\/2026\"\n    data-limit=\"10\"\n    data-show-badges=\"true\"\n    data-omit-errors=\"false\"\n    data-use-default-css=\"true\"\n    data-lang=\"fr\">\n<\/div>\n<\/div>\n<\/div>\n","protected":false},"excerpt":{"rendered":"<div class=\"mh-excerpt\">Retrouvez toute l&rsquo;actualit\u00e9, les matchs, les poules,  le classement et les infos concernant la Ligue des Champions sur TopicFoot.fr<\/div>\n<p> <a class=\"mh-excerpt-more\" href=\"https:\/\/www.topicfoot.fr\/index.php\/ligue-des-champions-phase-de-groupes\/\" title=\"Ligue des Champions : Phase de Ligue\">[&#8230;]<\/a><\/p>\n","protected":false},"author":1,"featured_media":776,"parent":0,"menu_order":0,"comment_status":"closed","ping_status":"closed","template":"template-full.php","meta":{"footnotes":""},"folder":[12],"class_list":["post-6241","page","type-page","status-publish","has-post-thumbnail"],"yoast_head":"<!-- This site is optimized with the Yoast SEO plugin v27.3 - https:\/\/yoast.com\/product\/yoast-seo-wordpress\/ -->\n<title>Ligue des Champions : Phase de Ligue - Actu, R\u00e9sultats<\/title>\n<meta name=\"description\" content=\"Phase de Ligue : Retrouvez toute l&#039;actualit\u00e9, le tirage ligue des champions , les poules, le classement et les infos sur TopicFoot.fr\" \/>\n<meta name=\"robots\" content=\"index, follow, max-snippet:-1, max-image-preview:large, max-video-preview:-1\" \/>\n<link rel=\"canonical\" href=\"https:\/\/www.topicfoot.fr\/index.php\/ligue-des-champions-phase-de-groupes\/\" \/>\n<meta property=\"og:locale\" content=\"fr_FR\" \/>\n<meta property=\"og:type\" content=\"article\" \/>\n<meta property=\"og:title\" content=\"Ligue des Champions : Phase de Ligue - Actu, R\u00e9sultats\" \/>\n<meta property=\"og:description\" content=\"Phase de Ligue : Retrouvez toute l&#039;actualit\u00e9, le tirage ligue des champions , les poules, le classement et les infos sur TopicFoot.fr\" \/>\n<meta property=\"og:url\" content=\"https:\/\/www.topicfoot.fr\/index.php\/ligue-des-champions-phase-de-groupes\/\" \/>\n<meta property=\"og:site_name\" content=\"Topic Foot\" \/>\n<meta property=\"article:publisher\" content=\"https:\/\/www.facebook.com\/topicfoot.fr\" \/>\n<meta property=\"article:modified_time\" content=\"2025-09-09T22:38:46+00:00\" \/>\n<meta property=\"og:image\" content=\"https:\/\/www.topicfoot.fr\/wp-content\/uploads\/2023\/06\/LogoChampions_League-topicfoot.png\" \/>\n\t<meta property=\"og:image:width\" content=\"332\" \/>\n\t<meta property=\"og:image:height\" content=\"315\" \/>\n\t<meta property=\"og:image:type\" content=\"image\/png\" \/>\n<meta name=\"twitter:card\" content=\"summary_large_image\" \/>\n<meta name=\"twitter:label1\" content=\"Dur\u00e9e de lecture estim\u00e9e\" \/>\n\t<meta name=\"twitter:data1\" content=\"3 minutes\" \/>\n<script type=\"application\/ld+json\" class=\"yoast-schema-graph\">{\"@context\":\"https:\\\/\\\/schema.org\",\"@graph\":[{\"@type\":\"WebPage\",\"@id\":\"https:\\\/\\\/www.topicfoot.fr\\\/index.php\\\/ligue-des-champions-phase-de-groupes\\\/\",\"url\":\"https:\\\/\\\/www.topicfoot.fr\\\/index.php\\\/ligue-des-champions-phase-de-groupes\\\/\",\"name\":\"Ligue des Champions : Phase de Ligue - Actu, R\u00e9sultats\",\"isPartOf\":{\"@id\":\"https:\\\/\\\/www.topicfoot.fr\\\/#website\"},\"primaryImageOfPage\":{\"@id\":\"https:\\\/\\\/www.topicfoot.fr\\\/index.php\\\/ligue-des-champions-phase-de-groupes\\\/#primaryimage\"},\"image\":{\"@id\":\"https:\\\/\\\/www.topicfoot.fr\\\/index.php\\\/ligue-des-champions-phase-de-groupes\\\/#primaryimage\"},\"thumbnailUrl\":\"https:\\\/\\\/www.topicfoot.fr\\\/wp-content\\\/uploads\\\/2023\\\/06\\\/LogoChampions_League-topicfoot.png\",\"datePublished\":\"2024-03-15T15:46:19+00:00\",\"dateModified\":\"2025-09-09T22:38:46+00:00\",\"description\":\"Phase de Ligue : Retrouvez toute l'actualit\u00e9, le tirage ligue des champions , les poules, le classement et les infos sur TopicFoot.fr\",\"breadcrumb\":{\"@id\":\"https:\\\/\\\/www.topicfoot.fr\\\/index.php\\\/ligue-des-champions-phase-de-groupes\\\/#breadcrumb\"},\"inLanguage\":\"fr-FR\",\"potentialAction\":[{\"@type\":\"ReadAction\",\"target\":[\"https:\\\/\\\/www.topicfoot.fr\\\/index.php\\\/ligue-des-champions-phase-de-groupes\\\/\"]}]},{\"@type\":\"ImageObject\",\"inLanguage\":\"fr-FR\",\"@id\":\"https:\\\/\\\/www.topicfoot.fr\\\/index.php\\\/ligue-des-champions-phase-de-groupes\\\/#primaryimage\",\"url\":\"https:\\\/\\\/www.topicfoot.fr\\\/wp-content\\\/uploads\\\/2023\\\/06\\\/LogoChampions_League-topicfoot.png\",\"contentUrl\":\"https:\\\/\\\/www.topicfoot.fr\\\/wp-content\\\/uploads\\\/2023\\\/06\\\/LogoChampions_League-topicfoot.png\",\"width\":332,\"height\":315,\"caption\":\"logo Uefa champions league topic foot\"},{\"@type\":\"BreadcrumbList\",\"@id\":\"https:\\\/\\\/www.topicfoot.fr\\\/index.php\\\/ligue-des-champions-phase-de-groupes\\\/#breadcrumb\",\"itemListElement\":[{\"@type\":\"ListItem\",\"position\":1,\"name\":\"Accueil\",\"item\":\"https:\\\/\\\/www.topicfoot.fr\\\/\"},{\"@type\":\"ListItem\",\"position\":2,\"name\":\"Ligue des Champions : Phase de Ligue\"}]},{\"@type\":\"WebSite\",\"@id\":\"https:\\\/\\\/www.topicfoot.fr\\\/#website\",\"url\":\"https:\\\/\\\/www.topicfoot.fr\\\/\",\"name\":\"Topic Foot\",\"description\":\"Tous l&#039;univers du Foot !\",\"publisher\":{\"@id\":\"https:\\\/\\\/www.topicfoot.fr\\\/#organization\"},\"potentialAction\":[{\"@type\":\"SearchAction\",\"target\":{\"@type\":\"EntryPoint\",\"urlTemplate\":\"https:\\\/\\\/www.topicfoot.fr\\\/?s={search_term_string}\"},\"query-input\":{\"@type\":\"PropertyValueSpecification\",\"valueRequired\":true,\"valueName\":\"search_term_string\"}}],\"inLanguage\":\"fr-FR\"},{\"@type\":\"Organization\",\"@id\":\"https:\\\/\\\/www.topicfoot.fr\\\/#organization\",\"name\":\"Topic Foot\",\"url\":\"https:\\\/\\\/www.topicfoot.fr\\\/\",\"logo\":{\"@type\":\"ImageObject\",\"inLanguage\":\"fr-FR\",\"@id\":\"https:\\\/\\\/www.topicfoot.fr\\\/#\\\/schema\\\/logo\\\/image\\\/\",\"url\":\"https:\\\/\\\/www.topicfoot.fr\\\/wp-content\\\/uploads\\\/2024\\\/04\\\/cropped-logo-topicfoot-new.jpg\",\"contentUrl\":\"https:\\\/\\\/www.topicfoot.fr\\\/wp-content\\\/uploads\\\/2024\\\/04\\\/cropped-logo-topicfoot-new.jpg\",\"width\":512,\"height\":512,\"caption\":\"Topic Foot\"},\"image\":{\"@id\":\"https:\\\/\\\/www.topicfoot.fr\\\/#\\\/schema\\\/logo\\\/image\\\/\"},\"sameAs\":[\"https:\\\/\\\/www.facebook.com\\\/topicfoot.fr\"]}]}<\/script>\n<!-- \/ Yoast SEO plugin. -->","yoast_head_json":{"title":"Ligue des Champions : Phase de Ligue - Actu, R\u00e9sultats","description":"Phase de Ligue : Retrouvez toute l'actualit\u00e9, le tirage ligue des champions , les poules, le classement et les infos sur TopicFoot.fr","robots":{"index":"index","follow":"follow","max-snippet":"max-snippet:-1","max-image-preview":"max-image-preview:large","max-video-preview":"max-video-preview:-1"},"canonical":"https:\/\/www.topicfoot.fr\/index.php\/ligue-des-champions-phase-de-groupes\/","og_locale":"fr_FR","og_type":"article","og_title":"Ligue des Champions : Phase de Ligue - Actu, R\u00e9sultats","og_description":"Phase de Ligue : Retrouvez toute l'actualit\u00e9, le tirage ligue des champions , les poules, le classement et les infos sur TopicFoot.fr","og_url":"https:\/\/www.topicfoot.fr\/index.php\/ligue-des-champions-phase-de-groupes\/","og_site_name":"Topic Foot","article_publisher":"https:\/\/www.facebook.com\/topicfoot.fr","article_modified_time":"2025-09-09T22:38:46+00:00","og_image":[{"width":332,"height":315,"url":"https:\/\/www.topicfoot.fr\/wp-content\/uploads\/2023\/06\/LogoChampions_League-topicfoot.png","type":"image\/png"}],"twitter_card":"summary_large_image","twitter_misc":{"Dur\u00e9e de lecture estim\u00e9e":"3 minutes"},"schema":{"@context":"https:\/\/schema.org","@graph":[{"@type":"WebPage","@id":"https:\/\/www.topicfoot.fr\/index.php\/ligue-des-champions-phase-de-groupes\/","url":"https:\/\/www.topicfoot.fr\/index.php\/ligue-des-champions-phase-de-groupes\/","name":"Ligue des Champions : Phase de Ligue - Actu, R\u00e9sultats","isPartOf":{"@id":"https:\/\/www.topicfoot.fr\/#website"},"primaryImageOfPage":{"@id":"https:\/\/www.topicfoot.fr\/index.php\/ligue-des-champions-phase-de-groupes\/#primaryimage"},"image":{"@id":"https:\/\/www.topicfoot.fr\/index.php\/ligue-des-champions-phase-de-groupes\/#primaryimage"},"thumbnailUrl":"https:\/\/www.topicfoot.fr\/wp-content\/uploads\/2023\/06\/LogoChampions_League-topicfoot.png","datePublished":"2024-03-15T15:46:19+00:00","dateModified":"2025-09-09T22:38:46+00:00","description":"Phase de Ligue : Retrouvez toute l'actualit\u00e9, le tirage ligue des champions , les poules, le classement et les infos sur TopicFoot.fr","breadcrumb":{"@id":"https:\/\/www.topicfoot.fr\/index.php\/ligue-des-champions-phase-de-groupes\/#breadcrumb"},"inLanguage":"fr-FR","potentialAction":[{"@type":"ReadAction","target":["https:\/\/www.topicfoot.fr\/index.php\/ligue-des-champions-phase-de-groupes\/"]}]},{"@type":"ImageObject","inLanguage":"fr-FR","@id":"https:\/\/www.topicfoot.fr\/index.php\/ligue-des-champions-phase-de-groupes\/#primaryimage","url":"https:\/\/www.topicfoot.fr\/wp-content\/uploads\/2023\/06\/LogoChampions_League-topicfoot.png","contentUrl":"https:\/\/www.topicfoot.fr\/wp-content\/uploads\/2023\/06\/LogoChampions_League-topicfoot.png","width":332,"height":315,"caption":"logo Uefa champions league topic foot"},{"@type":"BreadcrumbList","@id":"https:\/\/www.topicfoot.fr\/index.php\/ligue-des-champions-phase-de-groupes\/#breadcrumb","itemListElement":[{"@type":"ListItem","position":1,"name":"Accueil","item":"https:\/\/www.topicfoot.fr\/"},{"@type":"ListItem","position":2,"name":"Ligue des Champions : Phase de Ligue"}]},{"@type":"WebSite","@id":"https:\/\/www.topicfoot.fr\/#website","url":"https:\/\/www.topicfoot.fr\/","name":"Topic Foot","description":"Tous l&#039;univers du Foot !","publisher":{"@id":"https:\/\/www.topicfoot.fr\/#organization"},"potentialAction":[{"@type":"SearchAction","target":{"@type":"EntryPoint","urlTemplate":"https:\/\/www.topicfoot.fr\/?s={search_term_string}"},"query-input":{"@type":"PropertyValueSpecification","valueRequired":true,"valueName":"search_term_string"}}],"inLanguage":"fr-FR"},{"@type":"Organization","@id":"https:\/\/www.topicfoot.fr\/#organization","name":"Topic Foot","url":"https:\/\/www.topicfoot.fr\/","logo":{"@type":"ImageObject","inLanguage":"fr-FR","@id":"https:\/\/www.topicfoot.fr\/#\/schema\/logo\/image\/","url":"https:\/\/www.topicfoot.fr\/wp-content\/uploads\/2024\/04\/cropped-logo-topicfoot-new.jpg","contentUrl":"https:\/\/www.topicfoot.fr\/wp-content\/uploads\/2024\/04\/cropped-logo-topicfoot-new.jpg","width":512,"height":512,"caption":"Topic Foot"},"image":{"@id":"https:\/\/www.topicfoot.fr\/#\/schema\/logo\/image\/"},"sameAs":["https:\/\/www.facebook.com\/topicfoot.fr"]}]}},"_links":{"self":[{"href":"https:\/\/www.topicfoot.fr\/index.php\/wp-json\/wp\/v2\/pages\/6241","targetHints":{"allow":["GET"]}}],"collection":[{"href":"https:\/\/www.topicfoot.fr\/index.php\/wp-json\/wp\/v2\/pages"}],"about":[{"href":"https:\/\/www.topicfoot.fr\/index.php\/wp-json\/wp\/v2\/types\/page"}],"author":[{"embeddable":true,"href":"https:\/\/www.topicfoot.fr\/index.php\/wp-json\/wp\/v2\/users\/1"}],"replies":[{"embeddable":true,"href":"https:\/\/www.topicfoot.fr\/index.php\/wp-json\/wp\/v2\/comments?post=6241"}],"version-history":[{"count":0,"href":"https:\/\/www.topicfoot.fr\/index.php\/wp-json\/wp\/v2\/pages\/6241\/revisions"}],"wp:featuredmedia":[{"embeddable":true,"href":"https:\/\/www.topicfoot.fr\/index.php\/wp-json\/wp\/v2\/media\/776"}],"wp:attachment":[{"href":"https:\/\/www.topicfoot.fr\/index.php\/wp-json\/wp\/v2\/media?parent=6241"}],"wp:term":[{"taxonomy":"folder","embeddable":true,"href":"https:\/\/www.topicfoot.fr\/index.php\/wp-json\/wp\/v2\/folder?post=6241"}],"curies":[{"name":"wp","href":"https:\/\/api.w.org\/{rel}","templated":true}]}}