{"id":6588,"date":"2024-03-22T14:53:26","date_gmt":"2024-03-22T13:53:26","guid":{"rendered":"https:\/\/www.topicfoot.fr\/?page_id=6588"},"modified":"2024-04-03T18:17:30","modified_gmt":"2024-04-03T16:17:30","slug":"euro-2024-eliminatoires","status":"publish","type":"page","link":"https:\/\/www.topicfoot.fr\/index.php\/euro-2024-eliminatoires\/","title":{"rendered":"Euro 2024 : \u00c9liminatoires"},"content":{"rendered":"\n<div class=\"wp-block-columns is-layout-flex wp-container-core-columns-is-layout-9d6595d7 wp-block-columns-is-layout-flex\">\n<div class=\"wp-block-column is-layout-flow wp-block-column-is-layout-flow\">\n<div class=\"wp-block-columns is-layout-flex wp-container-core-columns-is-layout-9d6595d7 wp-block-columns-is-layout-flex\">\n<div class=\"wp-block-column is-layout-flow wp-block-column-is-layout-flow\" style=\"flex-basis:100%\">\n<h1 class=\"wp-block-heading has-text-align-center\">Euro 2024 UEFA<br>\u00c9liminatoires<\/h1>\n<\/div>\n<\/div>\n\n\n\n<div style=\"height:40px\" aria-hidden=\"true\" class=\"wp-block-spacer\"><\/div>\n\n\n\n<hr class=\"wp-block-separator has-alpha-channel-opacity\"\/>\n\n\n\n<div class=\"wp-block-columns is-layout-flex wp-container-core-columns-is-layout-9d6595d7 wp-block-columns-is-layout-flex\">\n<div class=\"wp-block-column is-layout-flow wp-block-column-is-layout-flow\">\n<div class=\"wp-block-columns is-layout-flex wp-container-core-columns-is-layout-9d6595d7 wp-block-columns-is-layout-flex\">\n<div class=\"wp-block-column is-layout-flow wp-block-column-is-layout-flow\">\n<h2 class=\"wp-block-heading has-text-align-center\"><a href=\"https:\/\/www.topicfoot.fr\/index.php\/euro-2024-eliminatoires\/\">\u00c9liminatoires<br>&amp; Barrages<\/a><\/h2>\n<\/div>\n\n\n\n<div class=\"wp-block-column is-layout-flow wp-block-column-is-layout-flow\">\n<h2 class=\"wp-block-heading has-text-align-center\"><a href=\"https:\/\/www.topicfoot.fr\/index.php\/euro-2024-phase-de-groupes\/\">Phase de<br>Groupes<\/a><\/h2>\n<\/div>\n<\/div>\n<\/div>\n\n\n\n<div class=\"wp-block-column is-layout-flow wp-block-column-is-layout-flow\">\n<div class=\"wp-block-columns is-layout-flex wp-container-core-columns-is-layout-9d6595d7 wp-block-columns-is-layout-flex\">\n<div class=\"wp-block-column is-layout-flow wp-block-column-is-layout-flow\">\n<h2 class=\"wp-block-heading has-text-align-center\"><a href=\"https:\/\/www.topicfoot.fr\/index.php\/euro-2024\/\">Phase <br>Finale<\/a><\/h2>\n<\/div>\n\n\n\n<div class=\"wp-block-column is-layout-flow wp-block-column-is-layout-flow\">\n<h2 class=\"wp-block-heading has-text-align-center\"><a href=\"https:\/\/www.topicfoot.fr\/index.php\/euro-2024-informations\/\">Infos sur la<br>Comp\u00e9tition<\/a><\/h2>\n<\/div>\n<\/div>\n<\/div>\n<\/div>\n\n\n\n<hr class=\"wp-block-separator has-alpha-channel-opacity\"\/>\n\n\n\n<div style=\"height:40px\" aria-hidden=\"true\" class=\"wp-block-spacer\"><\/div>\n\n\n\n<div class=\"wp-block-columns is-layout-flex wp-container-core-columns-is-layout-9d6595d7 wp-block-columns-is-layout-flex\">\n<div class=\"wp-block-column is-layout-flow wp-block-column-is-layout-flow\"><div class=\"wp-block-image\">\n<figure class=\"aligncenter size-large is-resized\"><img loading=\"lazy\" decoding=\"async\" width=\"820\" height=\"1024\" src=\"https:\/\/www.topicfoot.fr\/wp-content\/uploads\/2023\/06\/euro2024-uefa-topicfoot-logo-820x1024.png\" alt=\"Logo EURO 2024\" class=\"wp-image-1140\" style=\"width:205px;height:256px\" srcset=\"https:\/\/www.topicfoot.fr\/wp-content\/uploads\/2023\/06\/euro2024-uefa-topicfoot-logo-820x1024.png 820w, https:\/\/www.topicfoot.fr\/wp-content\/uploads\/2023\/06\/euro2024-uefa-topicfoot-logo-240x300.png 240w, https:\/\/www.topicfoot.fr\/wp-content\/uploads\/2023\/06\/euro2024-uefa-topicfoot-logo-768x959.png 768w, https:\/\/www.topicfoot.fr\/wp-content\/uploads\/2023\/06\/euro2024-uefa-topicfoot-logo-1230x1536.png 1230w, https:\/\/www.topicfoot.fr\/wp-content\/uploads\/2023\/06\/euro2024-uefa-topicfoot-logo-1640x2048.png 1640w\" sizes=\"auto, (max-width: 820px) 100vw, 820px\" \/><\/figure>\n<\/div><\/div>\n\n\n\n<div class=\"wp-block-column is-layout-flow wp-block-column-is-layout-flow\">\n<figure class=\"wp-block-table is-style-stripes\"><table><tbody><tr><td class=\"has-text-align-center\" data-align=\"center\"><strong><a href=\"#barrages\">BARRAGES<\/a><\/strong><\/td><\/tr><tr><td class=\"has-text-align-center\" data-align=\"center\"><a href=\"#dates\"><strong>DATES ELIMINATOIRES<\/strong><\/a><\/td><\/tr><tr><td class=\"has-text-align-center\" data-align=\"center\"><strong><a href=\"#classelim\">CLASSEMENT<\/a><\/strong><br><strong><a href=\"#classelim\">ELIMINATOIRES<\/a><\/strong><\/td><\/tr><tr><td class=\"has-text-align-center\" data-align=\"center\"><strong><a href=\"#scoreelim\">SCORES <\/a><\/strong><br><strong><a href=\"#scoreelim\">ELIMINATOIRES<\/a><\/strong><\/td><\/tr><\/tbody><\/table><\/figure>\n<\/div>\n\n\n\n<div class=\"wp-block-column is-layout-flow wp-block-column-is-layout-flow\"><div class=\"wp-block-image\">\n<figure class=\"aligncenter size-large is-resized\"><img loading=\"lazy\" decoding=\"async\" width=\"820\" height=\"1024\" src=\"https:\/\/www.topicfoot.fr\/wp-content\/uploads\/2023\/06\/euro2024-uefa-topicfoot-logo-820x1024.png\" alt=\"Logo EURO 2024\" class=\"wp-image-1140\" style=\"width:205px;height:256px\" srcset=\"https:\/\/www.topicfoot.fr\/wp-content\/uploads\/2023\/06\/euro2024-uefa-topicfoot-logo-820x1024.png 820w, https:\/\/www.topicfoot.fr\/wp-content\/uploads\/2023\/06\/euro2024-uefa-topicfoot-logo-240x300.png 240w, https:\/\/www.topicfoot.fr\/wp-content\/uploads\/2023\/06\/euro2024-uefa-topicfoot-logo-768x959.png 768w, https:\/\/www.topicfoot.fr\/wp-content\/uploads\/2023\/06\/euro2024-uefa-topicfoot-logo-1230x1536.png 1230w, https:\/\/www.topicfoot.fr\/wp-content\/uploads\/2023\/06\/euro2024-uefa-topicfoot-logo-1640x2048.png 1640w\" sizes=\"auto, (max-width: 820px) 100vw, 820px\" \/><\/figure>\n<\/div><\/div>\n<\/div>\n<\/div>\n<\/div>\n\n\n\n<hr class=\"wp-block-separator has-alpha-channel-opacity\"\/>\n\n\n\n<h2 class=\"wp-block-heading\" id=\"barrages\">Barrages<\/h2>\n\n\n\n<ul class=\"wp-block-list\">\n<li>Demi-Finale des Barrages : <strong><em>21 mars 2024<\/em><\/strong><\/li>\n\n\n\n<li>Finale des Barrages : <strong><em>26 mars 2024<\/em><\/strong><\/li>\n<\/ul>\n\n\n\n<div style=\"height:40px\" aria-hidden=\"true\" class=\"wp-block-spacer\"><\/div>\n\n\n\n<hr class=\"wp-block-separator has-alpha-channel-opacity\"\/>\n\n\n\n<!-- Load jQuery -->\n<script src=\"\/\/code.jquery.com\/jquery-2.1.4.min.js\"><\/script>\n\n<!-- Load Stats FC Fixtures SDK -->\n<script>(function(d, s, id) {\n    var js, fjs = d.getElementsByTagName(s)[0];\n    if (d.getElementById(id)) return;\n    js = d.createElement(s); js.id = id;\n    js.src = \"https:\/\/cdn.statsfc.com\/js\/fixtures.js\";\n    fjs.parentNode.insertBefore(js, fjs);\n}(document, \"script\", \"statsfc-fixtures-js\"));<\/script>\n\n<!-- Your fixtures here -->\n<div class=\"statsfc-fixtures\"\n    data-key=\"qHdiP_fzKLURC_gyZ2iGCqcvpRq5b5R5e3KMerKK\"\n    data-competition=\"EUROQ\"\n    data-from=\"2024-03-20\"\n    data-to=\"2024-03-27\"\n    data-highlight=\"France\"\n    data-show-badges=\"false\"\n    data-timezone=\"Europe\/Paris\"\n    data-omit-errors=\"true\"\n    data-use-default-css=\"true\"\n    data-lang=\"fr\">\n<\/div>\n\n\n\n<!-- Load jQuery -->\n<script src=\"\/\/code.jquery.com\/jquery-2.1.4.min.js\"><\/script>\n\n<!-- Load Stats FC Results SDK -->\n<script>(function(d, s, id) {\n    var js, fjs = d.getElementsByTagName(s)[0];\n    if (d.getElementById(id)) return;\n    js = d.createElement(s); js.id = id;\n    js.src = \"https:\/\/cdn.statsfc.com\/js\/results.js\";\n    fjs.parentNode.insertBefore(js, fjs);\n}(document, \"script\", \"statsfc-results-js\"));<\/script>\n\n<!-- Your Results here -->\n<div class=\"statsfc-results\"\n    data-key=\"qHdiP_fzKLURC_gyZ2iGCqcvpRq5b5R5e3KMerKK\"\n    data-competition=\"EUROQ\"\n    data-from=\"2024-03-20\"\n    data-to=\"2024-03-27\"\n    data-highlight=\"France\"\n    data-goals=\"false\"\n    data-assists=\"true\"\n    data-show-badges=\"true\"\n    data-order=\"desc\"\n    data-timezone=\"Europe\/Paris\"\n    data-omit-errors=\"true\"\n    data-use-default-css=\"true\"\n    data-lang=\"fr\">\n<\/div>\n\n\n\n<div style=\"height:40px\" aria-hidden=\"true\" class=\"wp-block-spacer\"><\/div>\n\n\n\n<hr class=\"wp-block-separator has-alpha-channel-opacity\"\/>\n\n\n\n<h2 class=\"wp-block-heading\" id=\"dates\">Dates des journ\u00e9es des \u00e9liminatoires<\/h2>\n\n\n\n<ul class=\"wp-block-list\">\n<li>1\u00e8re journ\u00e9e de la phase de groupes : <strong><em>23\u201325 mars 2023<\/em><\/strong><\/li>\n\n\n\n<li>2\u00e8me journ\u00e9e de la phase de groupes : <strong><em>26\u201328 mars 2023<\/em><\/strong><\/li>\n\n\n\n<li>3\u00e8me journ\u00e9e de la phase de groupes : <strong><em>16\u201317 juin 2023<\/em><\/strong><\/li>\n\n\n\n<li>4\u00e8me journ\u00e9e de la phase de groupes : <strong><em>19\u201320 juin 2023<\/em><\/strong><\/li>\n\n\n\n<li>5\u00e8me journ\u00e9e de la phase de groupes : <strong><em>7\u20139 septembre 2023<\/em><\/strong><\/li>\n\n\n\n<li>6\u00e8me journ\u00e9e de la phase de groupes : <strong><em>10\u201312 septembre 2023<\/em><\/strong><\/li>\n\n\n\n<li>7\u00e8me journ\u00e9e de la phase de groupes :<strong><em> 12\u201314 octobre 2023&nbsp;<\/em><\/strong><\/li>\n\n\n\n<li>8\u00e8me journ\u00e9e de la phase de groupes : <strong><em>15\u201317 octobre 2023<\/em><\/strong><\/li>\n\n\n\n<li>9\u00e8me journ\u00e9e de la phase de groupes : <strong><em>16\u201318 novembre 2023<\/em><\/strong><\/li>\n\n\n\n<li>10\u00e8me journ\u00e9e de la phase de groupes : <strong><em>19\u201321 novembre 2023<\/em><\/strong><br><\/li>\n<\/ul>\n\n\n\n<div style=\"height:40px\" aria-hidden=\"true\" class=\"wp-block-spacer\"><\/div>\n\n\n\n<div class=\"wp-block-columns is-layout-flex wp-container-core-columns-is-layout-9d6595d7 wp-block-columns-is-layout-flex\">\n<div class=\"wp-block-column is-layout-flow wp-block-column-is-layout-flow\" style=\"flex-basis:100%\">\n<hr class=\"wp-block-separator has-alpha-channel-opacity\"\/>\n\n\n\n<h2 class=\"wp-block-heading\" id=\"classelim\">Classement \u00e9liminatoires EURO 2024<\/h2>\n\n\n\n<!-- Load jQuery -->\n<script src=\"\/\/code.jquery.com\/jquery-2.1.4.min.js\"><\/script>\n\n<!-- Load Stats FC Table SDK -->\n<script>(function(d, s, id) {\n    var js, fjs = d.getElementsByTagName(s)[0];\n    if (d.getElementById(id)) return;\n    js = d.createElement(s); js.id = id;\n    js.src = \"https:\/\/cdn.statsfc.com\/js\/table.js\";\n    fjs.parentNode.insertBefore(js, fjs);\n}(document, \"script\", \"statsfc-table-js\"));<\/script>\n\n<!-- Your league table here -->\n<div class=\"statsfc-table\"\n    data-key=\"qHdiP_fzKLURC_gyZ2iGCqcvpRq5b5R5e3KMerKK\"\n    data-competition=\"EUROQ\"\n    data-season=\"2024\"\n    data-highlight=\"France\"\n    data-table-type=\"full\"\n    data-show-badges=\"true\"\n    data-show-form=\"true\"\n    data-show-status=\"true\"\n    data-omit-errors=\"false\"\n    data-use-default-css=\"true\"\n    data-lang=\"fr\">\n<\/div>\n\n\n\n<div style=\"height:40px\" aria-hidden=\"true\" class=\"wp-block-spacer\"><\/div>\n\n\n\n<hr class=\"wp-block-separator has-alpha-channel-opacity\"\/>\n\n\n\n<h2 class=\"wp-block-heading\" id=\"scoreelim\">Scores \u00e9liminatoires Euro 2024<\/h2>\n\n\n\n<!-- Load jQuery -->\n<script src=\"\/\/code.jquery.com\/jquery-2.1.4.min.js\"><\/script>\n\n<!-- Load Stats FC Results SDK -->\n<script>(function(d, s, id) {\n    var js, fjs = d.getElementsByTagName(s)[0];\n    if (d.getElementById(id)) return;\n    js = d.createElement(s); js.id = id;\n    js.src = \"https:\/\/cdn.statsfc.com\/js\/results.js\";\n    fjs.parentNode.insertBefore(js, fjs);\n}(document, \"script\", \"statsfc-results-js\"));<\/script>\n\n<!-- Your Results here -->\n<div class=\"statsfc-results\"\n    data-key=\"qHdiP_fzKLURC_gyZ2iGCqcvpRq5b5R5e3KMerKK\"\n    data-competition=\"EUROQ\"\n    data-from=\"2023-03-20\"\n    data-to=\"2023-11-30\"\n    data-highlight=\"France\"\n    data-goals=\"false\"\n    data-assists=\"true\"\n    data-show-badges=\"true\"\n    data-order=\"desc\"\n    data-timezone=\"Europe\/Paris\"\n    data-omit-errors=\"true\"\n    data-use-default-css=\"true\"\n    data-lang=\"fr\">\n<\/div>\n\n\n\n<div style=\"height:40px\" aria-hidden=\"true\" class=\"wp-block-spacer\"><\/div>\n<\/div>\n<\/div>\n","protected":false},"excerpt":{"rendered":"<div class=\"mh-excerpt\">Retrouvez les r\u00e9sultats et toutes les informations sur les \u00e9liminatoires EURO 2024 de l&rsquo;UEFA : TopicFoot.fr<\/div>\n<p> <a class=\"mh-excerpt-more\" href=\"https:\/\/www.topicfoot.fr\/index.php\/euro-2024-eliminatoires\/\" title=\"Euro 2024 : \u00c9liminatoires\">[&#8230;]<\/a><\/p>\n","protected":false},"author":1,"featured_media":1140,"parent":0,"menu_order":0,"comment_status":"closed","ping_status":"closed","template":"template-full.php","meta":{"footnotes":""},"folder":[93],"class_list":["post-6588","page","type-page","status-publish","has-post-thumbnail"],"yoast_head":"<!-- This site is optimized with the Yoast SEO plugin v27.3 - https:\/\/yoast.com\/product\/yoast-seo-wordpress\/ -->\n<title>Euro 2024 : \u00c9liminatoires - R\u00e9sultats<\/title>\n<meta name=\"description\" content=\"Retrouvez les r\u00e9sultats et toutes les informations sur les \u00e9liminatoires EURO 2024 de l&#039;UEFA : TopicFoot.fr\" \/>\n<meta name=\"robots\" content=\"index, follow, max-snippet:-1, max-image-preview:large, max-video-preview:-1\" \/>\n<link rel=\"canonical\" href=\"https:\/\/www.topicfoot.fr\/index.php\/euro-2024-eliminatoires\/\" \/>\n<meta property=\"og:locale\" content=\"fr_FR\" \/>\n<meta property=\"og:type\" content=\"article\" \/>\n<meta property=\"og:title\" content=\"Euro 2024 : \u00c9liminatoires - R\u00e9sultats\" \/>\n<meta property=\"og:description\" content=\"Retrouvez les r\u00e9sultats et toutes les informations sur les \u00e9liminatoires EURO 2024 de l&#039;UEFA : TopicFoot.fr\" \/>\n<meta property=\"og:url\" content=\"https:\/\/www.topicfoot.fr\/index.php\/euro-2024-eliminatoires\/\" \/>\n<meta property=\"og:site_name\" content=\"Topic Foot\" \/>\n<meta property=\"article:publisher\" content=\"https:\/\/www.facebook.com\/topicfoot.fr\" \/>\n<meta property=\"article:modified_time\" content=\"2024-04-03T16:17:30+00:00\" \/>\n<meta property=\"og:image\" content=\"https:\/\/www.topicfoot.fr\/wp-content\/uploads\/2023\/06\/euro2024-uefa-topicfoot-logo.png\" \/>\n\t<meta property=\"og:image:width\" content=\"2362\" \/>\n\t<meta property=\"og:image:height\" content=\"2950\" \/>\n\t<meta property=\"og:image:type\" content=\"image\/png\" \/>\n<meta name=\"twitter:card\" content=\"summary_large_image\" \/>\n<meta name=\"twitter:label1\" content=\"Dur\u00e9e de lecture estim\u00e9e\" \/>\n\t<meta name=\"twitter:data1\" content=\"2 minutes\" \/>\n<script type=\"application\/ld+json\" class=\"yoast-schema-graph\">{\"@context\":\"https:\\\/\\\/schema.org\",\"@graph\":[{\"@type\":\"WebPage\",\"@id\":\"https:\\\/\\\/www.topicfoot.fr\\\/index.php\\\/euro-2024-eliminatoires\\\/\",\"url\":\"https:\\\/\\\/www.topicfoot.fr\\\/index.php\\\/euro-2024-eliminatoires\\\/\",\"name\":\"Euro 2024 : \u00c9liminatoires - R\u00e9sultats\",\"isPartOf\":{\"@id\":\"https:\\\/\\\/www.topicfoot.fr\\\/#website\"},\"primaryImageOfPage\":{\"@id\":\"https:\\\/\\\/www.topicfoot.fr\\\/index.php\\\/euro-2024-eliminatoires\\\/#primaryimage\"},\"image\":{\"@id\":\"https:\\\/\\\/www.topicfoot.fr\\\/index.php\\\/euro-2024-eliminatoires\\\/#primaryimage\"},\"thumbnailUrl\":\"https:\\\/\\\/www.topicfoot.fr\\\/wp-content\\\/uploads\\\/2023\\\/06\\\/euro2024-uefa-topicfoot-logo.png\",\"datePublished\":\"2024-03-22T13:53:26+00:00\",\"dateModified\":\"2024-04-03T16:17:30+00:00\",\"description\":\"Retrouvez les r\u00e9sultats et toutes les informations sur les \u00e9liminatoires EURO 2024 de l'UEFA : TopicFoot.fr\",\"breadcrumb\":{\"@id\":\"https:\\\/\\\/www.topicfoot.fr\\\/index.php\\\/euro-2024-eliminatoires\\\/#breadcrumb\"},\"inLanguage\":\"fr-FR\",\"potentialAction\":[{\"@type\":\"ReadAction\",\"target\":[\"https:\\\/\\\/www.topicfoot.fr\\\/index.php\\\/euro-2024-eliminatoires\\\/\"]}]},{\"@type\":\"ImageObject\",\"inLanguage\":\"fr-FR\",\"@id\":\"https:\\\/\\\/www.topicfoot.fr\\\/index.php\\\/euro-2024-eliminatoires\\\/#primaryimage\",\"url\":\"https:\\\/\\\/www.topicfoot.fr\\\/wp-content\\\/uploads\\\/2023\\\/06\\\/euro2024-uefa-topicfoot-logo.png\",\"contentUrl\":\"https:\\\/\\\/www.topicfoot.fr\\\/wp-content\\\/uploads\\\/2023\\\/06\\\/euro2024-uefa-topicfoot-logo.png\",\"width\":2362,\"height\":2950},{\"@type\":\"BreadcrumbList\",\"@id\":\"https:\\\/\\\/www.topicfoot.fr\\\/index.php\\\/euro-2024-eliminatoires\\\/#breadcrumb\",\"itemListElement\":[{\"@type\":\"ListItem\",\"position\":1,\"name\":\"Accueil\",\"item\":\"https:\\\/\\\/www.topicfoot.fr\\\/\"},{\"@type\":\"ListItem\",\"position\":2,\"name\":\"Euro 2024 : \u00c9liminatoires\"}]},{\"@type\":\"WebSite\",\"@id\":\"https:\\\/\\\/www.topicfoot.fr\\\/#website\",\"url\":\"https:\\\/\\\/www.topicfoot.fr\\\/\",\"name\":\"Topic Foot\",\"description\":\"Tous l&#039;univers du Foot !\",\"publisher\":{\"@id\":\"https:\\\/\\\/www.topicfoot.fr\\\/#organization\"},\"potentialAction\":[{\"@type\":\"SearchAction\",\"target\":{\"@type\":\"EntryPoint\",\"urlTemplate\":\"https:\\\/\\\/www.topicfoot.fr\\\/?s={search_term_string}\"},\"query-input\":{\"@type\":\"PropertyValueSpecification\",\"valueRequired\":true,\"valueName\":\"search_term_string\"}}],\"inLanguage\":\"fr-FR\"},{\"@type\":\"Organization\",\"@id\":\"https:\\\/\\\/www.topicfoot.fr\\\/#organization\",\"name\":\"Topic Foot\",\"url\":\"https:\\\/\\\/www.topicfoot.fr\\\/\",\"logo\":{\"@type\":\"ImageObject\",\"inLanguage\":\"fr-FR\",\"@id\":\"https:\\\/\\\/www.topicfoot.fr\\\/#\\\/schema\\\/logo\\\/image\\\/\",\"url\":\"https:\\\/\\\/www.topicfoot.fr\\\/wp-content\\\/uploads\\\/2024\\\/04\\\/cropped-logo-topicfoot-new.jpg\",\"contentUrl\":\"https:\\\/\\\/www.topicfoot.fr\\\/wp-content\\\/uploads\\\/2024\\\/04\\\/cropped-logo-topicfoot-new.jpg\",\"width\":512,\"height\":512,\"caption\":\"Topic Foot\"},\"image\":{\"@id\":\"https:\\\/\\\/www.topicfoot.fr\\\/#\\\/schema\\\/logo\\\/image\\\/\"},\"sameAs\":[\"https:\\\/\\\/www.facebook.com\\\/topicfoot.fr\"]}]}<\/script>\n<!-- \/ Yoast SEO plugin. -->","yoast_head_json":{"title":"Euro 2024 : \u00c9liminatoires - R\u00e9sultats","description":"Retrouvez les r\u00e9sultats et toutes les informations sur les \u00e9liminatoires EURO 2024 de l'UEFA : TopicFoot.fr","robots":{"index":"index","follow":"follow","max-snippet":"max-snippet:-1","max-image-preview":"max-image-preview:large","max-video-preview":"max-video-preview:-1"},"canonical":"https:\/\/www.topicfoot.fr\/index.php\/euro-2024-eliminatoires\/","og_locale":"fr_FR","og_type":"article","og_title":"Euro 2024 : \u00c9liminatoires - R\u00e9sultats","og_description":"Retrouvez les r\u00e9sultats et toutes les informations sur les \u00e9liminatoires EURO 2024 de l'UEFA : TopicFoot.fr","og_url":"https:\/\/www.topicfoot.fr\/index.php\/euro-2024-eliminatoires\/","og_site_name":"Topic Foot","article_publisher":"https:\/\/www.facebook.com\/topicfoot.fr","article_modified_time":"2024-04-03T16:17:30+00:00","og_image":[{"width":2362,"height":2950,"url":"https:\/\/www.topicfoot.fr\/wp-content\/uploads\/2023\/06\/euro2024-uefa-topicfoot-logo.png","type":"image\/png"}],"twitter_card":"summary_large_image","twitter_misc":{"Dur\u00e9e de lecture estim\u00e9e":"2 minutes"},"schema":{"@context":"https:\/\/schema.org","@graph":[{"@type":"WebPage","@id":"https:\/\/www.topicfoot.fr\/index.php\/euro-2024-eliminatoires\/","url":"https:\/\/www.topicfoot.fr\/index.php\/euro-2024-eliminatoires\/","name":"Euro 2024 : \u00c9liminatoires - R\u00e9sultats","isPartOf":{"@id":"https:\/\/www.topicfoot.fr\/#website"},"primaryImageOfPage":{"@id":"https:\/\/www.topicfoot.fr\/index.php\/euro-2024-eliminatoires\/#primaryimage"},"image":{"@id":"https:\/\/www.topicfoot.fr\/index.php\/euro-2024-eliminatoires\/#primaryimage"},"thumbnailUrl":"https:\/\/www.topicfoot.fr\/wp-content\/uploads\/2023\/06\/euro2024-uefa-topicfoot-logo.png","datePublished":"2024-03-22T13:53:26+00:00","dateModified":"2024-04-03T16:17:30+00:00","description":"Retrouvez les r\u00e9sultats et toutes les informations sur les \u00e9liminatoires EURO 2024 de l'UEFA : TopicFoot.fr","breadcrumb":{"@id":"https:\/\/www.topicfoot.fr\/index.php\/euro-2024-eliminatoires\/#breadcrumb"},"inLanguage":"fr-FR","potentialAction":[{"@type":"ReadAction","target":["https:\/\/www.topicfoot.fr\/index.php\/euro-2024-eliminatoires\/"]}]},{"@type":"ImageObject","inLanguage":"fr-FR","@id":"https:\/\/www.topicfoot.fr\/index.php\/euro-2024-eliminatoires\/#primaryimage","url":"https:\/\/www.topicfoot.fr\/wp-content\/uploads\/2023\/06\/euro2024-uefa-topicfoot-logo.png","contentUrl":"https:\/\/www.topicfoot.fr\/wp-content\/uploads\/2023\/06\/euro2024-uefa-topicfoot-logo.png","width":2362,"height":2950},{"@type":"BreadcrumbList","@id":"https:\/\/www.topicfoot.fr\/index.php\/euro-2024-eliminatoires\/#breadcrumb","itemListElement":[{"@type":"ListItem","position":1,"name":"Accueil","item":"https:\/\/www.topicfoot.fr\/"},{"@type":"ListItem","position":2,"name":"Euro 2024 : \u00c9liminatoires"}]},{"@type":"WebSite","@id":"https:\/\/www.topicfoot.fr\/#website","url":"https:\/\/www.topicfoot.fr\/","name":"Topic Foot","description":"Tous l&#039;univers du Foot !","publisher":{"@id":"https:\/\/www.topicfoot.fr\/#organization"},"potentialAction":[{"@type":"SearchAction","target":{"@type":"EntryPoint","urlTemplate":"https:\/\/www.topicfoot.fr\/?s={search_term_string}"},"query-input":{"@type":"PropertyValueSpecification","valueRequired":true,"valueName":"search_term_string"}}],"inLanguage":"fr-FR"},{"@type":"Organization","@id":"https:\/\/www.topicfoot.fr\/#organization","name":"Topic Foot","url":"https:\/\/www.topicfoot.fr\/","logo":{"@type":"ImageObject","inLanguage":"fr-FR","@id":"https:\/\/www.topicfoot.fr\/#\/schema\/logo\/image\/","url":"https:\/\/www.topicfoot.fr\/wp-content\/uploads\/2024\/04\/cropped-logo-topicfoot-new.jpg","contentUrl":"https:\/\/www.topicfoot.fr\/wp-content\/uploads\/2024\/04\/cropped-logo-topicfoot-new.jpg","width":512,"height":512,"caption":"Topic Foot"},"image":{"@id":"https:\/\/www.topicfoot.fr\/#\/schema\/logo\/image\/"},"sameAs":["https:\/\/www.facebook.com\/topicfoot.fr"]}]}},"_links":{"self":[{"href":"https:\/\/www.topicfoot.fr\/index.php\/wp-json\/wp\/v2\/pages\/6588","targetHints":{"allow":["GET"]}}],"collection":[{"href":"https:\/\/www.topicfoot.fr\/index.php\/wp-json\/wp\/v2\/pages"}],"about":[{"href":"https:\/\/www.topicfoot.fr\/index.php\/wp-json\/wp\/v2\/types\/page"}],"author":[{"embeddable":true,"href":"https:\/\/www.topicfoot.fr\/index.php\/wp-json\/wp\/v2\/users\/1"}],"replies":[{"embeddable":true,"href":"https:\/\/www.topicfoot.fr\/index.php\/wp-json\/wp\/v2\/comments?post=6588"}],"version-history":[{"count":0,"href":"https:\/\/www.topicfoot.fr\/index.php\/wp-json\/wp\/v2\/pages\/6588\/revisions"}],"wp:featuredmedia":[{"embeddable":true,"href":"https:\/\/www.topicfoot.fr\/index.php\/wp-json\/wp\/v2\/media\/1140"}],"wp:attachment":[{"href":"https:\/\/www.topicfoot.fr\/index.php\/wp-json\/wp\/v2\/media?parent=6588"}],"wp:term":[{"taxonomy":"folder","embeddable":true,"href":"https:\/\/www.topicfoot.fr\/index.php\/wp-json\/wp\/v2\/folder?post=6588"}],"curies":[{"name":"wp","href":"https:\/\/api.w.org\/{rel}","templated":true}]}}